{"id":345558,"date":"2024-06-19T06:11:10","date_gmt":"2024-06-19T05:12:47","guid":{"rendered":"https:\/\/www.moskito.cz\/produkt\/zatvaraci-noz-emerson-tiger\/"},"modified":"2025-05-07T11:17:55","modified_gmt":"2025-05-07T10:17:55","slug":"zatvaraci-noz-emerson-tiger","status":"publish","type":"product","link":"https:\/\/www.moskito.cz\/sk\/produkt\/zatvaraci-noz-emerson-tiger\/","title":{"rendered":"Zatv\u00e1rac\u00ed N\u00f4\u017e Emerson Tiger"},"content":{"rendered":"<p>Zatv\u00e1rac\u00ed N\u00f4\u017e <strong>Emerson<\/strong> Tiger.<\/p>\n<p>N\u00f4\u017e <strong>Emerson Tiger<\/strong> je ako skuto\u010dn\u00fd tiger \u2013 vrcholov\u00fd pred\u00e1tor. Je to \u010distokrvn\u00fd bojov\u00fd n\u00f4\u017e s hrotom ostr\u00fdm ako britva spojen\u00fdm so seri\u00f3znym \u0161t\u00fdlom rukov\u00e4te pre sebaobranu, ktor\u00fd vrchol\u00ed legend\u00e1rnou ergon\u00f3miou Emerson. Taktick\u00fd n\u00f4\u017e Tiger je n\u00f4\u017e, s ktor\u00fdm sa m\u00f4\u017ee v ohrozen\u00ed \u017eivota alebo v n\u00fadzovej situ\u00e1cii spo\u013eahn\u00fa\u0165 ka\u017ed\u00fd, vojak aj civilista.<\/p>\n<p>Strenky: \u010cierna G-10 epoxid \/ sklolamin\u00e1t<br \/>\nZ\u00e1mok :Titan<br \/>\n\u010cepe\u013e: 154 cm<br \/>\nDokon\u010denie: Stonewashed<br \/>\nCelkov\u00e1 d\u013a\u017eka: 23 cm<br \/>\nD\u013a\u017eka \u010depele: 9.5 cm<br \/>\nTvrdos\u0165 57-59 RC<\/p>\n<p><iframe title=\"The Emerson Knives Tiger with the Wave Feature\" width=\"800\" height=\"450\" src=\"https:\/\/www.youtube.com\/embed\/yAV8AvwiRqw?feature=oembed\" frameborder=\"0\" allow=\"accelerometer; autoplay; clipboard-write; encrypted-media; gyroscope; picture-in-picture; web-share\" referrerpolicy=\"strict-origin-when-cross-origin\" allowfullscreen><\/iframe><\/p>\n<p><iframe title=\"The Emerson Tiger | Know Your Emerson\" width=\"800\" height=\"450\" src=\"https:\/\/www.youtube.com\/embed\/xwgpmlBctdQ?feature=oembed\" frameborder=\"0\" allow=\"accelerometer; autoplay; clipboard-write; encrypted-media; gyroscope; picture-in-picture; web-share\" referrerpolicy=\"strict-origin-when-cross-origin\" allowfullscreen><\/iframe><\/p>\n<p>&nbsp;<\/p>\n<p>&nbsp;<\/p>\n","protected":false},"excerpt":{"rendered":"<p><strong>Tiger je vrcholov\u00fd pred\u00e1tor, ktor\u00fd nepozn\u00e1 strach. Emerson Tiger so svojou p\u00f4vabnou \u010depe\u013eou nahor sa neboj\u00ed \u017eiadnej \u00falohy, ktor\u00fa od neho potrebujete. Je to skvel\u00fd dizajn pre lov a pou\u017eitie, dokonca aj pre sebaobranu, pokia\u013e by ste niekedy narazili na \u0161ialen\u00e9ho grizzlyho.  <\/strong><\/p>\n<p><strong>Doprava zadarmo.<\/strong><\/p>\n","protected":false},"featured_media":345532,"comment_status":"open","ping_status":"closed","template":"","meta":[],"pwb-brand":[3788],"product_brand":[],"product_cat":[3186,3233],"product_tag":[],"class_list":{"0":"post-345558","1":"product","2":"type-product","3":"status-publish","4":"has-post-thumbnail","6":"pwb-brand-emerson-sk","7":"product_cat-noze-sk","8":"product_cat-zatvaracie-noze","10":"first","11":"outofstock","12":"taxable","13":"shipping-taxable","14":"purchasable","15":"product-type-simple"},"brands":[{"id":3788,"name":"Emerson","slug":"emerson-sk"}],"_links":{"self":[{"href":"https:\/\/www.moskito.cz\/sk\/wp-json\/wp\/v2\/product\/345558","targetHints":{"allow":["GET"]}}],"collection":[{"href":"https:\/\/www.moskito.cz\/sk\/wp-json\/wp\/v2\/product"}],"about":[{"href":"https:\/\/www.moskito.cz\/sk\/wp-json\/wp\/v2\/types\/product"}],"replies":[{"embeddable":true,"href":"https:\/\/www.moskito.cz\/sk\/wp-json\/wp\/v2\/comments?post=345558"}],"wp:featuredmedia":[{"embeddable":true,"href":"https:\/\/www.moskito.cz\/sk\/wp-json\/wp\/v2\/media\/345532"}],"wp:attachment":[{"href":"https:\/\/www.moskito.cz\/sk\/wp-json\/wp\/v2\/media?parent=345558"}],"wp:term":[{"taxonomy":"pwb-brand","embeddable":true,"href":"https:\/\/www.moskito.cz\/sk\/wp-json\/wp\/v2\/pwb-brand?post=345558"},{"taxonomy":"product_brand","embeddable":true,"href":"https:\/\/www.moskito.cz\/sk\/wp-json\/wp\/v2\/product_brand?post=345558"},{"taxonomy":"product_cat","embeddable":true,"href":"https:\/\/www.moskito.cz\/sk\/wp-json\/wp\/v2\/product_cat?post=345558"},{"taxonomy":"product_tag","embeddable":true,"href":"https:\/\/www.moskito.cz\/sk\/wp-json\/wp\/v2\/product_tag?post=345558"}],"curies":[{"name":"wp","href":"https:\/\/api.w.org\/{rel}","templated":true}]}}