{"id":345587,"date":"2024-06-19T06:21:42","date_gmt":"2024-06-19T09:57:32","guid":{"rendered":"https:\/\/www.moskito.cz\/produkt\/zatvaraci-noz-emerson-folding-steak-knife\/"},"modified":"2025-05-07T11:17:56","modified_gmt":"2025-05-07T10:17:56","slug":"zatvaraci-noz-emerson-folding-steak-knife","status":"publish","type":"product","link":"https:\/\/www.moskito.cz\/sk\/produkt\/zatvaraci-noz-emerson-folding-steak-knife\/","title":{"rendered":"Zatv\u00e1rac\u00ed N\u00f4\u017e Emerson Folding Steak Knife"},"content":{"rendered":"<p>Zatv\u00e1rac\u00ed N\u00f4\u017e <strong>Emerson<\/strong> Folding Steak Knife.<\/p>\n<p>Som m\u00e4so\u017eravec. Jem m\u00e4so, ve\u013ea m\u00e4sa. Milujem pekn\u00fd steak. Ke\u010f ideme na ve\u010deru, objedn\u00e1vam to zaka\u017ed\u00fdm. Ale zaka\u017ed\u00fdm, ke\u010f jeden dostanem, bez oh\u013eadu na to, ak\u00fd skvel\u00fd je steak, no\u017ee na steaky s\u00fa hrozn\u00e9. V\u00e4\u010d\u0161ina z nich je tupej\u0161ie ako n\u00f4\u017e na maslo a s\u00fa tak lacn\u00e9 a mizern\u00e9, \u017ee m\u00e1m pocit, \u017ee s\u00fa celkom \u00faprimne, ur\u00e1\u017eka dokonale prepe\u010den\u00e9ho steaku za 60 dol\u00e1rov.<\/p>\n<p>Tak\u017ee sa v\u00e4\u010d\u0161inou mus\u00edm dosta\u0165 zo svojho Emerson Commander, Roadhouse alebo Tiger, aby som t\u00fa pr\u00e1cu urobil. V skuto\u010dnosti niekedy m\u00f4j n\u00f4\u017e skon\u010d\u00ed tak, \u017ee sa dostane okolo stola k t\u00fdm, ktor\u00ed na sebe nemaj\u00fa n\u00f4\u017e Emerson. A v peknej re\u0161taur\u00e1cii s bielym obrusom ob\u010das vid\u00edm ostatn\u00fdch stravn\u00edkov trochu \u0161okovane sledova\u0165, ako si okolo stola m\u00ed\u0148ame bojov\u00fd n\u00f4\u017e. Ale viem, \u017ee nie som s\u00e1m, preto\u017ee ka\u017ed\u00fd t\u00fd\u017ede\u0148 dost\u00e1vame e-maily alebo obr\u00e1zky od na\u0161ich z\u00e1kazn\u00edkov, ktor\u00e9 n\u00e1m ukazuj\u00fa, \u010do ich Emerson urobil s jemn\u00fdm rezom such\u00e9ho, vyzret\u00e9ho hov\u00e4dzieho m\u00e4sa.<\/p>\n<p>Tak tu to je, skladac\u00ed steakov\u00fd n\u00f4\u017e <strong>Emerson<\/strong> . U\u017e nikdy nevydes\u00edte ostatn\u00fdch stravn\u00edkov z re\u0161taur\u00e1cie alebo nepo\u017eeniete \u010da\u0161n\u00edka, ktor\u00fd sa strachom ucukne, ke\u010f vol\u00e1 911. Steak Knife Emerson je \u00fa\u010delov\u00fd design. Jeho \u00fa\u010del? Pre \u013eahk\u00e9 kr\u00e1janie steaku na dokonal\u00e9 s\u00fasta ve\u013ekosti s\u00fasta. Netrha\u0165, nedrvi\u0165 a ni\u010di\u0165 prvotriednu ve\u010deru Wagyu pomocou tup\u00e9ho plechov\u00e9ho no\u017ea vyroben\u00e9ho v \u010c\u00edne.<\/p>\n<p>A \u010do viac, rozhodne nem\u00f4\u017eete ignorova\u0165 \u201efaktor predv\u00e1dzania\u201c. Rovnako ako hr\u00e1\u010d biliardu so svojim vlastn\u00fdm ru\u010dne vyroben\u00fdm osobn\u00fdm biliardov\u00fdm t\u00e1gom budete m\u00f4c\u0165 zap\u00f4sobi\u0165 na svojich spolustolovn\u00edkov svojim vlastn\u00fdm osobn\u00fdm \u0161pi\u010dkov\u00fdm no\u017eom na steaky Emerson. Okam\u017eite si uvedom\u00ed, \u017ee sa ur\u010dite vyzn\u00e1te v prvotriednom newyorskom stripe.<\/p>\n<p>Tento n\u00f4\u017e m\u00f4\u017eete nosi\u0165 kamko\u013evek, aj ke\u010f ste obklopen\u00ed davom oblekov Armani, a pritom si u\u017e\u00edva\u0165 sebavedomie a nadradenos\u0165 vedomia, \u017ee ste mu\u017e, ktor\u00fd nos\u00ed svoj vlastn\u00fd steakov\u00fd n\u00f4\u017e. Tak\u017ee ak niekto niekedy povie: &#8222;\u010clove\u010de, tento n\u00f4\u017e by ani nerozkr\u00e1jal maslo,&#8220; m\u00f4\u017eete sa len usmia\u0165 a pon\u00faknu\u0165: &#8222;Tu, dovo\u013ete mi, aby som v\u00e1m to priniesol.&#8220;<\/p>\n<p>PS N\u00f4\u017e rovnako niekoho vyre\u017ee z bezpe\u010dnostn\u00e9ho p\u00e1su vo vraku auta. Je to koniec koncov <strong>Emerson<\/strong> .<\/p>\n<p>Strenky: Richlite<br \/>\nZ\u00e1mok :Titan<br \/>\n\u010cepe\u013e: 154 cm<br \/>\nDokon\u010denie: Stonewashed<br \/>\nCelkov\u00e1 d\u013a\u017eka: 22 cm<br \/>\nD\u013a\u017eka \u010depele: 9.75 cm<br \/>\nTvrdos\u0165 57-59 RC<\/p>\n<p><iframe title=\"The Signature Series Carnivore Folding Steak Knife\" width=\"800\" height=\"450\" src=\"https:\/\/www.youtube.com\/embed\/6MjRfPAKCXs?feature=oembed\" frameborder=\"0\" allow=\"accelerometer; autoplay; clipboard-write; encrypted-media; gyroscope; picture-in-picture; web-share\" referrerpolicy=\"strict-origin-when-cross-origin\" allowfullscreen><\/iframe><\/p>\n<p>&nbsp;<\/p>\n","protected":false},"excerpt":{"rendered":"<p><strong>Tak tu to je, skladac\u00ed steakov\u00fd n\u00f4\u017e Emerson. U\u017e nikdy nevydes\u00edte ostatn\u00fdch stravn\u00edkov z re\u0161taur\u00e1cie alebo nepo\u017eeniete \u010da\u0161n\u00edka, ktor\u00fd sa strachom ucukne, ke\u010f vol\u00e1 911. Steak Knife Emerson je \u00fa\u010delov\u00fd design.<\/strong><\/p>\n<p><strong>Doprava zadarmo.<\/strong><\/p>\n","protected":false},"featured_media":345567,"comment_status":"open","ping_status":"closed","template":"","meta":[],"pwb-brand":[3788],"product_brand":[],"product_cat":[3186,3233],"product_tag":[],"class_list":{"0":"post-345587","1":"product","2":"type-product","3":"status-publish","4":"has-post-thumbnail","6":"pwb-brand-emerson-sk","7":"product_cat-noze-sk","8":"product_cat-zatvaracie-noze","10":"first","11":"outofstock","12":"taxable","13":"shipping-taxable","14":"purchasable","15":"product-type-simple"},"brands":[{"id":3788,"name":"Emerson","slug":"emerson-sk"}],"_links":{"self":[{"href":"https:\/\/www.moskito.cz\/sk\/wp-json\/wp\/v2\/product\/345587","targetHints":{"allow":["GET"]}}],"collection":[{"href":"https:\/\/www.moskito.cz\/sk\/wp-json\/wp\/v2\/product"}],"about":[{"href":"https:\/\/www.moskito.cz\/sk\/wp-json\/wp\/v2\/types\/product"}],"replies":[{"embeddable":true,"href":"https:\/\/www.moskito.cz\/sk\/wp-json\/wp\/v2\/comments?post=345587"}],"wp:featuredmedia":[{"embeddable":true,"href":"https:\/\/www.moskito.cz\/sk\/wp-json\/wp\/v2\/media\/345567"}],"wp:attachment":[{"href":"https:\/\/www.moskito.cz\/sk\/wp-json\/wp\/v2\/media?parent=345587"}],"wp:term":[{"taxonomy":"pwb-brand","embeddable":true,"href":"https:\/\/www.moskito.cz\/sk\/wp-json\/wp\/v2\/pwb-brand?post=345587"},{"taxonomy":"product_brand","embeddable":true,"href":"https:\/\/www.moskito.cz\/sk\/wp-json\/wp\/v2\/product_brand?post=345587"},{"taxonomy":"product_cat","embeddable":true,"href":"https:\/\/www.moskito.cz\/sk\/wp-json\/wp\/v2\/product_cat?post=345587"},{"taxonomy":"product_tag","embeddable":true,"href":"https:\/\/www.moskito.cz\/sk\/wp-json\/wp\/v2\/product_tag?post=345587"}],"curies":[{"name":"wp","href":"https:\/\/api.w.org\/{rel}","templated":true}]}}