{"id":345605,"date":"2024-06-19T15:20:50","date_gmt":"2024-06-19T14:23:41","guid":{"rendered":"https:\/\/www.moskito.cz\/produkt\/vrhaci-noz-cold-steel-micro-flight\/"},"modified":"2025-05-07T11:17:57","modified_gmt":"2025-05-07T10:17:57","slug":"vrhaci-noz-cold-steel-micro-flight","status":"publish","type":"product","link":"https:\/\/www.moskito.cz\/sk\/produkt\/vrhaci-noz-cold-steel-micro-flight\/","title":{"rendered":"Vrhac\u00ed N\u00f4\u017e Cold Steel Micro Flight"},"content":{"rendered":"<p>Vrhac\u00ed N\u00f4\u017e <strong>Cold Stee<\/strong> l Micro Flight.<\/p>\n<p><strong>Micro Flight Thrower<\/strong> je tenk\u00fd, upraven\u00fd a \u00fa\u017easne kompaktn\u00fd. Nenechajte sa v\u0161ak zmias\u0165 jeho mal\u00fdmi rozmermi a ekonomickou cenou, preto\u017ee za ve\u013emi m\u00e1lo pe\u0148az\u00ed pon\u00faka stra\u0161ne ve\u013ek\u00fd \u00fader. Vyroben\u00e9 zo super h\u00fa\u017eevnatej \u201epru\u017einovej ocele\u201c, iste v\u00e1m poskytne roky z\u00e1bavy pri h\u00e1dzan\u00ed. A ako \u010fal\u0161\u00ed bonus, jeho \u0161irok\u00e1 \u010depe\u013e s kopijou, integrovan\u00e1 ochrana a ergonomicky navrhnut\u00e1 rukov\u00e4\u0165 umo\u017e\u0148uj\u00fa jednoduch\u00fa a lacn\u00fa premenu na ve\u013emi \u00fa\u010dinn\u00fd n\u00f4\u017e na top\u00e1nky.<\/p>\n<p>Hmotnos\u0165: 77 g<br \/>\nCelkov\u00e1 ve\u013ekos\u0165: 20 cm<br \/>\nHr\u00fabka \u010depele: 0.2 cm<br \/>\nVe\u013ekos\u0165 hlavice<br \/>\nOce\u013e: 1055 Carbon Steel<\/p>\n","protected":false},"excerpt":{"rendered":"<p><strong>Micro Flight je naozaj mal\u00fd len 77g v\u00e1\u017eiaci vrhac\u00ed n\u00f4\u017e. S t\u00fdmto vrhac\u00edm no\u017eom si u\u017eijete mno\u017estvo z\u00e1bavy.<\/strong><\/p>\n","protected":false},"featured_media":345598,"comment_status":"open","ping_status":"closed","template":"","meta":[],"pwb-brand":[3598],"product_brand":[],"product_cat":[3186,3541],"product_tag":[],"class_list":{"0":"post-345605","1":"product","2":"type-product","3":"status-publish","4":"has-post-thumbnail","6":"pwb-brand-cold-steel-sk","7":"product_cat-noze-sk","8":"product_cat-vrhacie-noze","10":"first","11":"outofstock","12":"taxable","13":"shipping-taxable","14":"purchasable","15":"product-type-simple"},"brands":[{"id":3598,"name":"Cold Steel","slug":"cold-steel-sk"}],"_links":{"self":[{"href":"https:\/\/www.moskito.cz\/sk\/wp-json\/wp\/v2\/product\/345605","targetHints":{"allow":["GET"]}}],"collection":[{"href":"https:\/\/www.moskito.cz\/sk\/wp-json\/wp\/v2\/product"}],"about":[{"href":"https:\/\/www.moskito.cz\/sk\/wp-json\/wp\/v2\/types\/product"}],"replies":[{"embeddable":true,"href":"https:\/\/www.moskito.cz\/sk\/wp-json\/wp\/v2\/comments?post=345605"}],"wp:featuredmedia":[{"embeddable":true,"href":"https:\/\/www.moskito.cz\/sk\/wp-json\/wp\/v2\/media\/345598"}],"wp:attachment":[{"href":"https:\/\/www.moskito.cz\/sk\/wp-json\/wp\/v2\/media?parent=345605"}],"wp:term":[{"taxonomy":"pwb-brand","embeddable":true,"href":"https:\/\/www.moskito.cz\/sk\/wp-json\/wp\/v2\/pwb-brand?post=345605"},{"taxonomy":"product_brand","embeddable":true,"href":"https:\/\/www.moskito.cz\/sk\/wp-json\/wp\/v2\/product_brand?post=345605"},{"taxonomy":"product_cat","embeddable":true,"href":"https:\/\/www.moskito.cz\/sk\/wp-json\/wp\/v2\/product_cat?post=345605"},{"taxonomy":"product_tag","embeddable":true,"href":"https:\/\/www.moskito.cz\/sk\/wp-json\/wp\/v2\/product_tag?post=345605"}],"curies":[{"name":"wp","href":"https:\/\/api.w.org\/{rel}","templated":true}]}}