{"id":345619,"date":"2024-06-19T15:34:06","date_gmt":"2024-06-19T14:34:48","guid":{"rendered":"https:\/\/www.moskito.cz\/produkt\/zatvaraci-noz-cold-steel-counter-point-xl\/"},"modified":"2025-05-07T11:17:58","modified_gmt":"2025-05-07T10:17:58","slug":"zatvaraci-noz-cold-steel-counter-point-xl","status":"publish","type":"product","link":"https:\/\/www.moskito.cz\/sk\/produkt\/zatvaraci-noz-cold-steel-counter-point-xl\/","title":{"rendered":"Zatv\u00e1rac\u00ed N\u00f4\u017e Cold Steel Counter Point XL"},"content":{"rendered":"<p>Zatv\u00e1rac\u00ed N\u00f4\u017e <strong>Cold Steel<\/strong> Counter Point XL.<\/p>\n<p>Str\u00e1vili sme roky sk\u00faman\u00edm \u0161pi\u010dkov\u00fdch botov\u00fdch no\u017eov a teraz sme tieto znalosti aplikovali na zatv\u00e1rac\u00ed n\u00f4\u017e <strong>Cold Steel<\/strong> Counter Point. Counter Point je k dispoz\u00edcii v troch ve\u013ekostiach \u010depele &#8211; 3&#8243;, 4&#8243; a 6&#8243;. Ich \u010depele s k\u00f3piou in\u0161pirovan\u00e9 ihlou maj\u00fa v\u00fdrazne v\u00fdrazn\u00e9 falo\u0161n\u00e9 ostrie a leskl\u00fd sat\u00e9nov\u00fd povrch, v\u010faka \u010domu je \u010depe\u013e, ktor\u00e1 nielen skvele vyzer\u00e1, ale aj poskytuje vynikaj\u00faci v\u00fdkon. Vyroben\u00e9 z japonskej ocele AUS10A, Counter Point je vysoko odoln\u00e9 proti kor\u00f3zii a \u0161kvrn\u00e1m a m\u00e1 ve\u013emi ostr\u00fa a odoln\u00fa hranu nielen ve\u013emi pevn\u00fd, ale pohodln\u00fd a bezpe\u010dn\u00fd v takmer akomko\u013evek \u00fachope. Pre v\u00e4\u010d\u0161iu pevnos\u0165 a bezpe\u010dnos\u0165 sme vybavili Counter Point na\u0161\u00edm sl\u00e1vnym z\u00e1mkov\u00fdm mechanizmom Tri-Ad , ktor\u00fd sa znova a znova osved\u010dil ako neuverite\u013ene pevn\u00fd a odoln\u00fd proti n\u00e1razom.<\/p>\n<p>Hmotnos\u0165: 224 g<br \/>\nCelkov\u00e1 ve\u013ekos\u0165: 33.33 cm<br \/>\nD\u013a\u017eka \u010depele: 15.24 cm<br \/>\nHr\u00fabka \u010depele: 0.4 cm<br \/>\nOce\u013e: AUS 10A<br \/>\nD\u013a\u017eka rukov\u00e4te: 18 cm<br \/>\nMateri\u00e1l rukov\u00e4te: Long Griv-Ex\u2122<\/p>\n<p>&nbsp;<\/p>\n","protected":false},"excerpt":{"rendered":"<p><strong>Str\u00e1vili sme roky sk\u00faman\u00edm \u0161pi\u010dkov\u00fdch botov\u00fdch no\u017eov a teraz sme tieto znalosti aplikovali na zatv\u00e1rac\u00ed n\u00f4\u017e Cold Steel Counter Point.<\/strong><\/p>\n<p><strong>Doprava zadarmo.<\/strong><\/p>\n","protected":false},"featured_media":345614,"comment_status":"open","ping_status":"closed","template":"","meta":[],"pwb-brand":[3598],"product_brand":[],"product_cat":[3186,3233],"product_tag":[],"class_list":{"0":"post-345619","1":"product","2":"type-product","3":"status-publish","4":"has-post-thumbnail","6":"pwb-brand-cold-steel-sk","7":"product_cat-noze-sk","8":"product_cat-zatvaracie-noze","10":"first","11":"instock","12":"taxable","13":"shipping-taxable","14":"purchasable","15":"product-type-simple"},"brands":[{"id":3598,"name":"Cold Steel","slug":"cold-steel-sk"}],"_links":{"self":[{"href":"https:\/\/www.moskito.cz\/sk\/wp-json\/wp\/v2\/product\/345619","targetHints":{"allow":["GET"]}}],"collection":[{"href":"https:\/\/www.moskito.cz\/sk\/wp-json\/wp\/v2\/product"}],"about":[{"href":"https:\/\/www.moskito.cz\/sk\/wp-json\/wp\/v2\/types\/product"}],"replies":[{"embeddable":true,"href":"https:\/\/www.moskito.cz\/sk\/wp-json\/wp\/v2\/comments?post=345619"}],"wp:featuredmedia":[{"embeddable":true,"href":"https:\/\/www.moskito.cz\/sk\/wp-json\/wp\/v2\/media\/345614"}],"wp:attachment":[{"href":"https:\/\/www.moskito.cz\/sk\/wp-json\/wp\/v2\/media?parent=345619"}],"wp:term":[{"taxonomy":"pwb-brand","embeddable":true,"href":"https:\/\/www.moskito.cz\/sk\/wp-json\/wp\/v2\/pwb-brand?post=345619"},{"taxonomy":"product_brand","embeddable":true,"href":"https:\/\/www.moskito.cz\/sk\/wp-json\/wp\/v2\/product_brand?post=345619"},{"taxonomy":"product_cat","embeddable":true,"href":"https:\/\/www.moskito.cz\/sk\/wp-json\/wp\/v2\/product_cat?post=345619"},{"taxonomy":"product_tag","embeddable":true,"href":"https:\/\/www.moskito.cz\/sk\/wp-json\/wp\/v2\/product_tag?post=345619"}],"curies":[{"name":"wp","href":"https:\/\/api.w.org\/{rel}","templated":true}]}}