{"id":345670,"date":"2024-06-19T16:00:11","date_gmt":"2024-06-19T15:00:57","guid":{"rendered":"https:\/\/www.moskito.cz\/produkt\/zatvaraci-noz-sog-escape\/"},"modified":"2025-05-07T11:17:59","modified_gmt":"2025-05-07T10:17:59","slug":"zatvaraci-noz-sog-escape","status":"publish","type":"product","link":"https:\/\/www.moskito.cz\/sk\/produkt\/zatvaraci-noz-sog-escape\/","title":{"rendered":"Zatv\u00e1rac\u00ed N\u00f4\u017e SOG ESCAPE"},"content":{"rendered":"<p>Zatv\u00e1rac\u00ed N\u00f4\u017e <strong>SOG<\/strong> ESCAPE.<\/p>\n<p><strong>Escape<\/strong> je zatv\u00e1rac\u00ed n\u00f4\u017e perfektnej ve\u013ekosti pre ka\u017edodenn\u00e9 nosenie, ale st\u00e1le m\u00e1 obrovsk\u00e9 mno\u017estvo schopnost\u00ed s \u010depe\u013eou, ktor\u00fa je mo\u017en\u00e9 otvori\u0165 jednou rukou. V rukov\u00e4ti je integrovan\u00fd reza\u010d vlascov (ide\u00e1lny na rezanie \u0161n\u00far, \u0161n\u00farok, bezpe\u010dnostn\u00fdch p\u00e1sov at\u010f.), rozb\u00edja\u010d skla pre extr\u00e9mne pr\u00edpady, n\u00e1\u0161 patentovan\u00fd odizolova\u010d dr\u00f4tu a \u010fal\u0161ie \u010depele reza\u010dky vlascov (ktor\u00e9 s\u00fa ulo\u017een\u00e9 pod doskou rukov\u00e4te). To v\u0161etko v kombin\u00e1cii s pevnou, \u010diasto\u010dne z\u00fabkovanou \u010depe\u013eou s hrotom kopije a tvrdou eloxovanou hlin\u00edkovou rukov\u00e4\u0165ou hovor\u00ed, \u017ee som pripraven\u00fd na \u010doko\u013evek, \u010do mi pr\u00edde do cesty.<\/p>\n<p>Celkov\u00e1 ve\u013ekos\u0165: 20.8 cm<br \/>\nD\u013a\u017eka \u010depele: 8.6 cm<br \/>\nHr\u00fabka \u010depele: 0.33 cm<br \/>\nOce\u013e: 9Cr18MoV<br \/>\nMateri\u00e1l rukov\u00e4te: Anodized Aluminum 6061-T6 with Polycarbonate Cover<\/p>\n","protected":false},"excerpt":{"rendered":"<p><strong>Escape je zatv\u00e1rac\u00ed n\u00f4\u017e perfektnej ve\u013ekosti pre ka\u017edodenn\u00e9 nosenie, ale st\u00e1le m\u00e1 obrovsk\u00e9 mno\u017estvo schopnost\u00ed s \u010depe\u013eou, ktor\u00fa je mo\u017en\u00e9 otvori\u0165 jednou rukou.<\/strong><\/p>\n","protected":false},"featured_media":345632,"comment_status":"open","ping_status":"closed","template":"","meta":[],"pwb-brand":[3231],"product_brand":[],"product_cat":[3186,3233],"product_tag":[],"class_list":{"0":"post-345670","1":"product","2":"type-product","3":"status-publish","4":"has-post-thumbnail","6":"pwb-brand-pevny-noz-sog-snarl","7":"product_cat-noze-sk","8":"product_cat-zatvaracie-noze","10":"first","11":"outofstock","12":"taxable","13":"shipping-taxable","14":"purchasable","15":"product-type-simple"},"brands":[{"id":3231,"name":"Pevn\u00fd N\u00f4\u017e SOG SNARL","slug":"pevny-noz-sog-snarl"}],"_links":{"self":[{"href":"https:\/\/www.moskito.cz\/sk\/wp-json\/wp\/v2\/product\/345670","targetHints":{"allow":["GET"]}}],"collection":[{"href":"https:\/\/www.moskito.cz\/sk\/wp-json\/wp\/v2\/product"}],"about":[{"href":"https:\/\/www.moskito.cz\/sk\/wp-json\/wp\/v2\/types\/product"}],"replies":[{"embeddable":true,"href":"https:\/\/www.moskito.cz\/sk\/wp-json\/wp\/v2\/comments?post=345670"}],"wp:featuredmedia":[{"embeddable":true,"href":"https:\/\/www.moskito.cz\/sk\/wp-json\/wp\/v2\/media\/345632"}],"wp:attachment":[{"href":"https:\/\/www.moskito.cz\/sk\/wp-json\/wp\/v2\/media?parent=345670"}],"wp:term":[{"taxonomy":"pwb-brand","embeddable":true,"href":"https:\/\/www.moskito.cz\/sk\/wp-json\/wp\/v2\/pwb-brand?post=345670"},{"taxonomy":"product_brand","embeddable":true,"href":"https:\/\/www.moskito.cz\/sk\/wp-json\/wp\/v2\/product_brand?post=345670"},{"taxonomy":"product_cat","embeddable":true,"href":"https:\/\/www.moskito.cz\/sk\/wp-json\/wp\/v2\/product_cat?post=345670"},{"taxonomy":"product_tag","embeddable":true,"href":"https:\/\/www.moskito.cz\/sk\/wp-json\/wp\/v2\/product_tag?post=345670"}],"curies":[{"name":"wp","href":"https:\/\/api.w.org\/{rel}","templated":true}]}}