{"id":345786,"date":"2024-06-20T09:20:45","date_gmt":"2024-06-20T08:20:45","guid":{"rendered":"https:\/\/www.moskito.cz\/produkt\/pevny-noz-tellus-fx-wolf-gray\/"},"modified":"2025-05-07T11:18:02","modified_gmt":"2025-05-07T10:18:02","slug":"pevny-noz-tellus-fx-wolf-gray","status":"publish","type":"product","link":"https:\/\/www.moskito.cz\/sk\/produkt\/pevny-noz-tellus-fx-wolf-gray\/","title":{"rendered":"Pevn\u00fd N\u00f4\u017e Tellus FX Wolf Gray"},"content":{"rendered":"<p>Pevn\u00fd N\u00f4\u017e <strong>Tellus FX<\/strong> Wolf Gray.<\/p>\n<p>Tellus FX &#8211; n\u00f4\u017e s pevnou \u010depe\u013eou a hladk\u00fdm ostr\u00edm. \u00daplne ultim\u00e1tny pracovn\u00fd n\u00f4\u017e pre hrub\u00e9 zaobch\u00e1dzanie. Jeho uplatnenie n\u00e1jdete pri pou\u017e\u00edvan\u00ed v pr\u00edrode.<\/p>\n<p>Nerezov\u00e1 oce\u013e CRYO 440C<\/p>\n<p>Nerezov\u00e1 oce\u013e CRYO 440C m\u00e1 dokonal\u00fa kombin\u00e1ciu vynikaj\u00facej odolnosti proti kor\u00f3zii a opotrebovaniu, ktor\u00e1 je vy\u017eadovan\u00e1 pre n\u00f4\u017e ur\u010den\u00fd pre n\u00e1ro\u010dn\u00e9 vonkaj\u0161ie pou\u017eitie. Povrchov\u00e1 \u00faprava Stonewashed pon\u00faka zv\u00fd\u0161en\u00fa odolnos\u0165 proti kor\u00f3zii a skr\u00fdva \u0161krabance, aby v\u00e1\u0161 n\u00f4\u017e st\u00e1le vyzeral skvele.<\/p>\n<p>Rukov\u00e4\u0165 GRN<\/p>\n<p>Nylon je ob\u013e\u00faben\u00fdm materi\u00e1lom pre rukov\u00e4te no\u017eov pre svoju pevnos\u0165, odolnos\u0165 proti n\u00e1razu, chemick\u00fa inertnos\u0165 a stabilitu pri vysok\u00fdch teplot\u00e1ch. V\u0161etky tieto vlastnosti s\u00fa u Tellus FX vylep\u0161en\u00e9 pridan\u00edm sklenen\u00fdch vl\u00e1kien k nylonu, aby vznikol nov\u00fd a e\u0161te odolnej\u0161\u00ed materi\u00e1l, sklolamin\u00e1tom vystu\u017een\u00fd nylon (GRN).<\/p>\n<p>UMS kompatibiln\u00e9 p\u00fazdro<\/p>\n<p>Po\u0161va obsahuje najlep\u0161ie \u010dasti univerz\u00e1lneho mont\u00e1\u017eneho syst\u00e9mu SOG, \u010do umo\u017e\u0148uje bezpe\u010dn\u00e9, prisp\u00f4soben\u00e9 nosenie na \u0161irokej \u0161k\u00e1le vonkaj\u0161\u00edch dobrodru\u017estiev.<\/p>\n<p>Hmotnos\u0165: 191<br \/>\nCelkov\u00e1 ve\u013ekos\u0165: 22.9 cm<br \/>\nD\u013a\u017eka \u010depele: 10.8 cm<br \/>\nHr\u00fabka \u010depele: 0.38 cm<br \/>\nOce\u013e: CRYO 440 (9Cr18MoV)<br \/>\nMateri\u00e1l rukov\u00e4te: GRN<\/p>\n<p>&nbsp;<\/p>\n<p><iframe title=\"Tellus and Altair Knives - Texas Axis Deer Hunt\" width=\"800\" height=\"450\" src=\"https:\/\/www.youtube.com\/embed\/3nAfH51J9f0?feature=oembed\" frameborder=\"0\" allow=\"accelerometer; autoplay; clipboard-write; encrypted-media; gyroscope; picture-in-picture; web-share\" referrerpolicy=\"strict-origin-when-cross-origin\" allowfullscreen><\/iframe><\/p>\n<p>&nbsp;<\/p>\n<p>&nbsp;<\/p>\n","protected":false},"excerpt":{"rendered":"<p><strong>Tellus FX &#8211; n\u00f4\u017e s pevnou \u010depe\u013eou a hladk\u00fdm ostr\u00edm. \u00daplne ultim\u00e1tny pracovn\u00fd n\u00f4\u017e pre hrub\u00e9 zaobch\u00e1dzanie.<\/strong><\/p>\n","protected":false},"featured_media":345749,"comment_status":"open","ping_status":"closed","template":"","meta":[],"pwb-brand":[3231],"product_brand":[],"product_cat":[3187,3186],"product_tag":[3668],"class_list":{"0":"post-345786","1":"product","2":"type-product","3":"status-publish","4":"has-post-thumbnail","6":"pwb-brand-pevny-noz-sog-snarl","7":"product_cat-pevne-noze-sk","8":"product_cat-noze-sk","9":"product_tag-b2b-sk","11":"first","12":"outofstock","13":"taxable","14":"shipping-taxable","15":"purchasable","16":"product-type-simple"},"brands":[{"id":3231,"name":"Pevn\u00fd N\u00f4\u017e SOG SNARL","slug":"pevny-noz-sog-snarl"}],"_links":{"self":[{"href":"https:\/\/www.moskito.cz\/sk\/wp-json\/wp\/v2\/product\/345786","targetHints":{"allow":["GET"]}}],"collection":[{"href":"https:\/\/www.moskito.cz\/sk\/wp-json\/wp\/v2\/product"}],"about":[{"href":"https:\/\/www.moskito.cz\/sk\/wp-json\/wp\/v2\/types\/product"}],"replies":[{"embeddable":true,"href":"https:\/\/www.moskito.cz\/sk\/wp-json\/wp\/v2\/comments?post=345786"}],"wp:featuredmedia":[{"embeddable":true,"href":"https:\/\/www.moskito.cz\/sk\/wp-json\/wp\/v2\/media\/345749"}],"wp:attachment":[{"href":"https:\/\/www.moskito.cz\/sk\/wp-json\/wp\/v2\/media?parent=345786"}],"wp:term":[{"taxonomy":"pwb-brand","embeddable":true,"href":"https:\/\/www.moskito.cz\/sk\/wp-json\/wp\/v2\/pwb-brand?post=345786"},{"taxonomy":"product_brand","embeddable":true,"href":"https:\/\/www.moskito.cz\/sk\/wp-json\/wp\/v2\/product_brand?post=345786"},{"taxonomy":"product_cat","embeddable":true,"href":"https:\/\/www.moskito.cz\/sk\/wp-json\/wp\/v2\/product_cat?post=345786"},{"taxonomy":"product_tag","embeddable":true,"href":"https:\/\/www.moskito.cz\/sk\/wp-json\/wp\/v2\/product_tag?post=345786"}],"curies":[{"name":"wp","href":"https:\/\/api.w.org\/{rel}","templated":true}]}}