{"id":345876,"date":"2024-06-20T09:46:24","date_gmt":"2024-06-20T08:47:00","guid":{"rendered":"https:\/\/www.moskito.cz\/produkt\/pevny-noz-sog-ether-fx\/"},"modified":"2025-05-07T11:18:03","modified_gmt":"2025-05-07T10:18:03","slug":"pevny-noz-sog-ether-fx","status":"publish","type":"product","link":"https:\/\/www.moskito.cz\/sk\/produkt\/pevny-noz-sog-ether-fx\/","title":{"rendered":"Pevn\u00fd N\u00f4\u017e SOG Ether FX"},"content":{"rendered":"<p>Pevn\u00fd N\u00f4\u017e <strong>SOG<\/strong> Ether FX.<\/p>\n<p><strong>Ether FX<\/strong> je dokonal\u00fdm spolo\u010dn\u00edkom pre outdoorov\u00fdch a loveck\u00fdch nad\u0161encov a v\u010faka svojej hmotnosti 2,1 unca je ide\u00e1lny pre \u013eahk\u00e9 pren\u00e1\u0161anie a balenie. \u010cepe\u013e z ocele CPM S35VN zaru\u010duje v\u00fdnimo\u010dn\u00fa pevnos\u0165, zachovanie ostria a odolnos\u0165 proti kor\u00f3zii. \u010cepele s kart\u00e1\u010dovan\u00fdm sat\u00e9nov\u00fdm povrchom mu prepo\u017ei\u010diavaj\u00fa drsn\u00fd vzh\u013ead a poskytuj\u00fa dodato\u010dn\u00fa ochranu proti opotrebovaniu. N\u00f4\u017e je vybaven\u00fd rukov\u00e4\u0165ou G10, ktor\u00e1 je zn\u00e1ma svojou odolnos\u0165ou a vynikaj\u00facou pri\u013enavos\u0165ou aj za mokra. \u0160upiny s\u00fa odn\u00edmate\u013en\u00e9, v\u010faka \u010domu je Ether FX e\u0161te \u013eah\u0161\u00ed a ten\u0161\u00ed a z\u00e1rove\u0148 v\u00e1m umo\u017e\u0148uje prisp\u00f4sobi\u0165 n\u00f4\u017e pomocou obalov para-kordov pre v\u00e4\u010d\u0161iu personaliz\u00e1ciu a funk\u010dnos\u0165. Pre pohodln\u00e9 pren\u00e1\u0161anie a skladovanie je Ether FX dod\u00e1van\u00fd s puzdrom kompatibiln\u00fdm s Kydex SOG UMS, ktor\u00e9 pon\u00faka nieko\u013eko mo\u017enost\u00ed upevnenia, \u010do v\u00e1m umo\u017en\u00ed ho bezpe\u010dne pripevni\u0165 k opasku, batohu alebo vybaveniu.<\/p>\n<p>\u013dahk\u00fd A Kompaktn\u00fd Design<br \/>\nPokia\u013e ide o hmotnos\u0165 a priestor, mo\u017eno text\u00farovan\u00e9 rukov\u00e4te G10 \u013eahko odstr\u00e1ni\u0165, skeletonizovan\u00fd r\u00e1m no\u017ea premen\u00ed n\u00f4\u017e na \u013eah\u0161\u00ed a efekt\u00edvnej\u0161\u00ed, kompaktn\u00fd n\u00e1stroj bez toho, aby bola ohrozen\u00e1 jeho pevnos\u0165 a funk\u010dnos\u0165. N\u00e1\u0161 syst\u00e9m po\u0161vy UMS umo\u017e\u0148uje mnoho sp\u00f4sobov, ako udr\u017ea\u0165 \u00e9ter na vhodn\u00fdch miestach.<\/p>\n<p>Vysok\u00e1 kvalita \u010depele<br \/>\nJeho br\u00fasen\u00e1 sat\u00e9nov\u00e1 povrchov\u00e1 \u00faprava \u010depele S35VN poskytuje drsn\u00fd a v\u00fdrazn\u00fd vzh\u013ead a z\u00e1rove\u0148 poskytuje \u010fal\u0161iu vrstvu ochrany proti opotrebovaniu. \u010cepe\u013e predv\u00e1dza pln\u00e9 kosenie pozd\u013a\u017e chrbtice a pon\u00faka lep\u0161iu kontrolu a pri\u013enavos\u0165 na presn\u00e9 rezanie. Zah\u013aben\u00e1 \u010depe\u013e prid\u00e1va \u010fal\u0161\u00ed povrch s vysok\u00fdm dotykom pre bezpe\u010dn\u00e9 uchopenie pri v\u0161etk\u00fdch druhoch rezania.<\/p>\n<p>Oce\u013e S35VN<\/p>\n<p>Ether FX, vyroben\u00fd z ocele CPM S35VV, zaru\u010duje v\u00fdnimo\u010dn\u00fa pevnos\u0165, zachovanie hr\u00e1n a odolnos\u0165 proti kor\u00f3zii. Povrchov\u00e1 \u00faprava \u010depele z kart\u00e1\u010dovan\u00e9ho sat\u00e9nov\u00e9ho materi\u00e1lu mu dod\u00e1va drsn\u00fd a v\u00fdrazn\u00fd vzh\u013ead a z\u00e1rove\u0148 poskytuje \u010fal\u0161iu vrstvu ochrany proti opotrebovaniu. Jamky a sk\u00e1kanie zais\u0165uj\u00fa bezpe\u010dn\u00e9 uchopenie pre ak\u00fdko\u013evek druh rezania.<\/p>\n<p>Odn\u00edmate\u013en\u00e9 rukov\u00e4te G10<\/p>\n<p>Ether FX je vybaven\u00fd odn\u00edmate\u013en\u00fdmi rukov\u00e4\u0165ami Blaze Orange G10, ktor\u00e9 u\u013eah\u010duj\u00fa n\u00e1jdenie no\u017ea na dne batohu alebo na lesnej p\u00f4de. G10 je zn\u00e1ma svojou v\u00fdnimo\u010dnou pevnos\u0165ou, ktor\u00e1 umo\u017e\u0148uje bezpe\u010dn\u00fd a pohodln\u00fd \u00fachop aj za mokra alebo klzk\u00fdch podmienok.<\/p>\n<p>Kydex UMS puzdro<\/p>\n<p>Pre zv\u00fd\u0161enie jeho v\u0161estrannosti obsahuje Provider FX vstavan\u00e9 otvory pre \u0161n\u00farku a univerz\u00e1lny mont\u00e1\u017eny syst\u00e9m SOG. Tieto funkcie umo\u017e\u0148uj\u00fa pripevni\u0165 n\u00f4\u017e k najr\u00f4znej\u0161\u00edm zariadeniam a pr\u00edslu\u0161enstvu, \u010d\u00edm zaist\u00ed, \u017ee bude v\u017edy na dosah, ke\u010f ho najviac potrebujete.<\/p>\n<p>Hmotnos\u0165: 60g<br \/>\nCelkov\u00e1 ve\u013ekos\u0165: 18 m<br \/>\nD\u013a\u017eka \u010depele: 7.9 cm<br \/>\nHr\u00fabka \u010depele: 0.36 cm<br \/>\nOce\u013e: CPM S35VN<br \/>\nMateri\u00e1l rukov\u00e4te: GRN<br \/>\nMateri\u00e1l puzdra: Kydex<\/p>\n<p>&nbsp;<\/p>\n<p><iframe title=\"Ether FX\" width=\"800\" height=\"450\" src=\"https:\/\/www.youtube.com\/embed\/u4cnd0XZUIU?feature=oembed\" frameborder=\"0\" allow=\"accelerometer; autoplay; clipboard-write; encrypted-media; gyroscope; picture-in-picture; web-share\" referrerpolicy=\"strict-origin-when-cross-origin\" allowfullscreen><\/iframe><\/p>\n<p>&nbsp;<\/p>\n","protected":false},"excerpt":{"rendered":"<p><strong>Ether FX je dokonal\u00fdm spolo\u010dn\u00edkom pre outdoorov\u00fdch a loveck\u00fdch nad\u0161encov a v\u010faka svojej hmotnosti 60g je ide\u00e1lny pre \u013eahk\u00e9 pren\u00e1\u0161anie a balenie.<\/strong><\/p>\n<p><strong>Doprava zadarmo.<\/strong><\/p>\n","protected":false},"featured_media":345798,"comment_status":"open","ping_status":"closed","template":"","meta":[],"pwb-brand":[3231],"product_brand":[],"product_cat":[3186,3187],"product_tag":[3668],"class_list":{"0":"post-345876","1":"product","2":"type-product","3":"status-publish","4":"has-post-thumbnail","6":"pwb-brand-pevny-noz-sog-snarl","7":"product_cat-noze-sk","8":"product_cat-pevne-noze-sk","9":"product_tag-b2b-sk","11":"first","12":"outofstock","13":"taxable","14":"shipping-taxable","15":"purchasable","16":"product-type-simple"},"brands":[{"id":3231,"name":"Pevn\u00fd N\u00f4\u017e SOG SNARL","slug":"pevny-noz-sog-snarl"}],"_links":{"self":[{"href":"https:\/\/www.moskito.cz\/sk\/wp-json\/wp\/v2\/product\/345876","targetHints":{"allow":["GET"]}}],"collection":[{"href":"https:\/\/www.moskito.cz\/sk\/wp-json\/wp\/v2\/product"}],"about":[{"href":"https:\/\/www.moskito.cz\/sk\/wp-json\/wp\/v2\/types\/product"}],"replies":[{"embeddable":true,"href":"https:\/\/www.moskito.cz\/sk\/wp-json\/wp\/v2\/comments?post=345876"}],"wp:featuredmedia":[{"embeddable":true,"href":"https:\/\/www.moskito.cz\/sk\/wp-json\/wp\/v2\/media\/345798"}],"wp:attachment":[{"href":"https:\/\/www.moskito.cz\/sk\/wp-json\/wp\/v2\/media?parent=345876"}],"wp:term":[{"taxonomy":"pwb-brand","embeddable":true,"href":"https:\/\/www.moskito.cz\/sk\/wp-json\/wp\/v2\/pwb-brand?post=345876"},{"taxonomy":"product_brand","embeddable":true,"href":"https:\/\/www.moskito.cz\/sk\/wp-json\/wp\/v2\/product_brand?post=345876"},{"taxonomy":"product_cat","embeddable":true,"href":"https:\/\/www.moskito.cz\/sk\/wp-json\/wp\/v2\/product_cat?post=345876"},{"taxonomy":"product_tag","embeddable":true,"href":"https:\/\/www.moskito.cz\/sk\/wp-json\/wp\/v2\/product_tag?post=345876"}],"curies":[{"name":"wp","href":"https:\/\/api.w.org\/{rel}","templated":true}]}}