{"id":345950,"date":"2024-06-20T10:07:47","date_gmt":"2024-06-20T09:08:49","guid":{"rendered":"https:\/\/www.moskito.cz\/produkt\/zatvaraci-noz-sog-twitch-iii-black\/"},"modified":"2025-05-07T11:18:05","modified_gmt":"2025-05-07T10:18:05","slug":"zatvaraci-noz-sog-twitch-iii-black","status":"publish","type":"product","link":"https:\/\/www.moskito.cz\/sk\/produkt\/zatvaraci-noz-sog-twitch-iii-black\/","title":{"rendered":"Zatv\u00e1rac\u00ed N\u00f4\u017e SOG Twitch III Black"},"content":{"rendered":"<p>Zatv\u00e1rac\u00ed N\u00f4\u017e <strong>SOG<\/strong> Twitch III Black.<\/p>\n<p>N\u00e1\u0161 skladac\u00ed n\u00f4\u017e <strong>Twitch III<\/strong> , elegantn\u00fd, pevn\u00fd a vylep\u0161en\u00fd vylep\u0161enou oce\u013eovou \u010depe\u013eou 154CM, pos\u00fava ob\u013e\u00faben\u00fa s\u00e9riu Twitch na \u010fal\u0161iu \u00farove\u0148. <strong>Twitch III<\/strong> sa vyzna\u010duje tenk\u00fdm profilom, ktor\u00fd umo\u017e\u0148uje \u013eahk\u00e9 pren\u00e1\u0161anie a jednoduch\u00fa manipul\u00e1ciu. Na\u0161a spo\u013eahliv\u00e1 asistovan\u00e1 technol\u00f3gia umo\u017e\u0148uje r\u00fdchle nasadenie jednou rukou. 3,1-palcov\u00e1 \u010depe\u013e s r\u00fdchlym nasaden\u00edm je pripevnen\u00e1 k premyslene tvarovan\u00e9mu, text\u00farovan\u00e9mu hlin\u00edku. Jeho spo\u013eahliv\u00fd uzamykac\u00ed mechanizmus dr\u017e\u00ed \u010depe\u013e po\u010das pou\u017e\u00edvania bezpe\u010dne na mieste, tak\u017ee zostanete v bezpe\u010d\u00ed a bez starost\u00ed.<\/p>\n<p>Twitch III je va\u0161ou novou prvou vo\u013ebou pre EDC vreckov\u00fd n\u00f4\u017e<br \/>\nBez toho z domova neod\u00eddete. Zatv\u00e1rac\u00ed n\u00f4\u017e Twitch III pos\u00fava ob\u013e\u00faben\u00fd rad Twitch na \u010fal\u0161iu \u00farove\u0148 t\u00fdm, \u017ee kombinuje \u0161pi\u010dkov\u00fa technol\u00f3giu a vylep\u0161en\u00e9 materi\u00e1ly s pohodln\u00fdm kompaktn\u00fdm dizajnom.<\/p>\n<p>6061 Hlin\u00edkov\u00e1 rukov\u00e4\u0165.<\/p>\n<p>V\u00ed\u0165azn\u00e1 kombin\u00e1cia. Tenk\u00fd a \u013eahk\u00fd na \u013eahk\u00e9 pren\u00e1\u0161anie. Jemne text\u00farovan\u00fd pre ist\u00fd \u00fachop, zakon\u010den\u00fd hlbokou obojstrannou vreckovou sponou.<\/p>\n<p>OCE\u013dOV\u00c1 \u010cEPEL 154CM<\/p>\n<p>Robustn\u00fd 3,1-palcov\u00fd CRYO tvrden\u00fd 154CM kot\u00fa\u010d udr\u017e\u00ed ostrie pri akomko\u013evek rezan\u00ed doma, v pr\u00e1ci alebo dokonca v lese.<\/p>\n<p>SUPER R\u00ddCHLE OTVORENIE<\/p>\n<p>Extr\u00e9mne r\u00fdchle otv\u00e1ranie jednou rukou pomocou dvojit\u00fdch palcov\u00fdch cvo\u010dkov alebo kopnut\u00edm do chrbta. Jednoduch\u00fd z\u00e1mok chrbtice bezpe\u010dne zaist\u00ed \u010depe\u013e na mieste po\u010das pou\u017e\u00edvania.<\/p>\n<p>Hmotnos\u0165: 74 g<br \/>\nCelkov\u00e1 ve\u013ekos\u0165: 17.8 cm<br \/>\nD\u013a\u017eka \u010depele: 7.9 cm<br \/>\nHr\u00fabka \u010depele: 0.25 cm<br \/>\nOce\u013e: 154CM<br \/>\nD\u013a\u017eka rukov\u00e4te: 10.4 cm<br \/>\nMateri\u00e1l rukov\u00e4te: 6061 Aluminum<br \/>\nDruh poistky: LockBack<\/p>\n<p><iframe title=\"Twitch III\" width=\"800\" height=\"450\" src=\"https:\/\/www.youtube.com\/embed\/FghDrJM7ITA?feature=oembed\" frameborder=\"0\" allow=\"accelerometer; autoplay; clipboard-write; encrypted-media; gyroscope; picture-in-picture; web-share\" referrerpolicy=\"strict-origin-when-cross-origin\" allowfullscreen><\/iframe><\/p>\n<p>&nbsp;<\/p>\n<p>&nbsp;<\/p>\n","protected":false},"excerpt":{"rendered":"<p><strong>Twitch III je va\u0161ou novou prvou vo\u013ebou pre EDC vreckov\u00fd n\u00f4\u017e<\/strong><br \/>\n<strong>Bez toho z domova neod\u00eddete. Zatv\u00e1rac\u00ed n\u00f4\u017e Twitch III pos\u00fava ob\u013e\u00faben\u00fd rad Twitch na \u010fal\u0161iu \u00farove\u0148 t\u00fdm, \u017ee kombinuje \u0161pi\u010dkov\u00fa technol\u00f3giu a vylep\u0161en\u00e9 materi\u00e1ly s pohodln\u00fdm kompaktn\u00fdm dizajnom.<\/strong><\/p>\n<p>&nbsp;<\/p>\n","protected":false},"featured_media":345888,"comment_status":"open","ping_status":"closed","template":"","meta":[],"pwb-brand":[3231],"product_brand":[],"product_cat":[3186,3233],"product_tag":[3668],"class_list":{"0":"post-345950","1":"product","2":"type-product","3":"status-publish","4":"has-post-thumbnail","6":"pwb-brand-pevny-noz-sog-snarl","7":"product_cat-noze-sk","8":"product_cat-zatvaracie-noze","9":"product_tag-b2b-sk","11":"first","12":"instock","13":"taxable","14":"shipping-taxable","15":"purchasable","16":"product-type-simple"},"brands":[{"id":3231,"name":"Pevn\u00fd N\u00f4\u017e SOG SNARL","slug":"pevny-noz-sog-snarl"}],"_links":{"self":[{"href":"https:\/\/www.moskito.cz\/sk\/wp-json\/wp\/v2\/product\/345950","targetHints":{"allow":["GET"]}}],"collection":[{"href":"https:\/\/www.moskito.cz\/sk\/wp-json\/wp\/v2\/product"}],"about":[{"href":"https:\/\/www.moskito.cz\/sk\/wp-json\/wp\/v2\/types\/product"}],"replies":[{"embeddable":true,"href":"https:\/\/www.moskito.cz\/sk\/wp-json\/wp\/v2\/comments?post=345950"}],"wp:featuredmedia":[{"embeddable":true,"href":"https:\/\/www.moskito.cz\/sk\/wp-json\/wp\/v2\/media\/345888"}],"wp:attachment":[{"href":"https:\/\/www.moskito.cz\/sk\/wp-json\/wp\/v2\/media?parent=345950"}],"wp:term":[{"taxonomy":"pwb-brand","embeddable":true,"href":"https:\/\/www.moskito.cz\/sk\/wp-json\/wp\/v2\/pwb-brand?post=345950"},{"taxonomy":"product_brand","embeddable":true,"href":"https:\/\/www.moskito.cz\/sk\/wp-json\/wp\/v2\/product_brand?post=345950"},{"taxonomy":"product_cat","embeddable":true,"href":"https:\/\/www.moskito.cz\/sk\/wp-json\/wp\/v2\/product_cat?post=345950"},{"taxonomy":"product_tag","embeddable":true,"href":"https:\/\/www.moskito.cz\/sk\/wp-json\/wp\/v2\/product_tag?post=345950"}],"curies":[{"name":"wp","href":"https:\/\/api.w.org\/{rel}","templated":true}]}}