{"id":346040,"date":"2024-06-20T10:37:18","date_gmt":"2024-06-20T09:37:18","guid":{"rendered":"https:\/\/www.moskito.cz\/produkt\/pevny-noz-sog-bowie-2-0\/"},"modified":"2024-06-20T10:38:02","modified_gmt":"2024-06-20T09:38:02","slug":"pevny-noz-sog-bowie-2-0","status":"publish","type":"product","link":"https:\/\/www.moskito.cz\/sk\/produkt\/pevny-noz-sog-bowie-2-0\/","title":{"rendered":"Pevn\u00fd N\u00f4\u017e SOG BOWIE 2.0"},"content":{"rendered":"<p>Pevn\u00fd N\u00f4\u017e <strong>SOG<\/strong> BOWIE 2.0.<\/p>\n<p>P\u00f4vodn\u00e1 pevn\u00e1 \u010depe\u013e <strong>SOG Bowie<\/strong> , ktor\u00e1 zalo\u017eila na\u0161u spolo\u010dnos\u0165, bola zalo\u017een\u00e1 na no\u017ei pou\u017e\u00edvanom skupinou pre \u0161t\u00fadium a pozorovanie americk\u00fdch \u0161peci\u00e1lnych s\u00edl a \u010fal\u0161\u00edmi elitn\u00fdmi vojakmi vo vojne vo Vietname. <strong>SOG Bowie<\/strong> 2.0 spojil tradi\u010dn\u00e9 <strong>SOG Bowie<\/strong> s modernou technol\u00f3giou a materi\u00e1lmi. Ako \u0161pi\u010dkovo funguj\u00faci n\u00f4\u017e s pevnou \u010depe\u013eou \u0165a\u017e\u00ed z tvrd\u00fdch \u010diernych povlakov TiNi a ocele AUS-8. SOG Bowie 2.0 sa stal klasikou, ktor\u00e1 nem\u00e1 v kvalite obdoby. Tvarovan\u00fd kr\u00ed\u017eov\u00fd chr\u00e1ni\u010d, hlbok\u00e9 dut\u00e9 br\u00fasenie a prec\u00edzne detaily a fazetovan\u00e1 \u0161pi\u010dka s\u00fa nezamenite\u013en\u00fdmi podpismi.<\/p>\n<p>Ve\u013ek\u00e1 a odv\u00e1\u017ena pevn\u00e1 \u010depe\u013e<br \/>\nTento kr\u00e1sny Bowie m\u00e1 svoje korene vo vojenskom dedi\u010dstve SOG, kde bol pou\u017e\u00edvan\u00fd \u0161peci\u00e1lnymi jednotkami a \u010fal\u0161\u00edmi elitn\u00fdmi vojakmi po\u010das vojny vo Vietname.<\/p>\n<p>Ve\u013ekoform\u00e1tov\u00e1 pevn\u00e1 \u010depe\u013e so \u0161t\u00fdlom a hmotou<br \/>\nM\u00e1 celoplo\u0161n\u00fa \u010depe\u013e vyroben\u00fa z kvalitnej epoxidovej ocele AUS-8 zlo\u017een\u00fa ko\u017eenou rukov\u00e4\u0165ou a kr\u00ed\u017eov\u00fdm krytom a hlavicou z nerezovej ocele.<\/p>\n<p>Klasick\u00e1 kon\u0161trukcia rukov\u00e4te<\/p>\n<p>Rukov\u00e4\u0165 pr\u00e1\u010dky z epoxidovej skladanej ko\u017ee poskytuje klasick\u00fd vzh\u013ead a pohodln\u00fd pocit.<\/p>\n<p>Tvarovan\u00fd kr\u00ed\u017eov\u00fd chr\u00e1ni\u010d<\/p>\n<p>Udr\u017euje va\u0161e prsty v bezpe\u010d\u00ed a zdrav\u00e9. Vyzer\u00e1 to tie\u017e cool.<\/p>\n<p>Celkov\u00e1 d\u013a\u017eka: <span id=\"cwos\" class=\"qv3Wpe\">27.5 cm<\/span><br \/>\nHmotnos\u0165 produktu: 11,20 oz<br \/>\nD\u013a\u017eka \u010depele: <span id=\"cwos\" class=\"qv3Wpe\">16<\/span> cm<br \/>\nHr\u00fabka \u010depele: 0.6 cm<br \/>\nOstriaci kame\u0148: \u00c1no<br \/>\nDiera na \u0161n\u00farku: \u00c1no<br \/>\nDokon\u010denie: Tvrd\u00e9 \u010dierne TiNi<br \/>\nTyp okraja: Rovn\u00fd<br \/>\nOce\u013eov\u00fd typ \u010depele: AUS-8<br \/>\nMateri\u00e1l rukov\u00e4te: Ko\u017een\u00e9 podlo\u017eky<br \/>\nFarba rukov\u00e4te: Hned\u00e1<br \/>\nTvrdos\u0165: Rc. 57-58<br \/>\nPuzdro v cene: \u00c1no<br \/>\nFarba pl\u00e1\u0161\u0165a: \u010cierna<br \/>\nTyp uchytenia pl\u00e1\u0161\u0165a: P\u00fatko<br \/>\nMateri\u00e1l pl\u00e1\u0161\u0165a: Ko\u017ea<\/p>\n<p><iframe title=\"SOG Knives Bowie 2.0\" width=\"800\" height=\"450\" src=\"https:\/\/www.youtube.com\/embed\/k6HjM-vii_M?feature=oembed\" frameborder=\"0\" allow=\"accelerometer; autoplay; clipboard-write; encrypted-media; gyroscope; picture-in-picture; web-share\" referrerpolicy=\"strict-origin-when-cross-origin\" allowfullscreen><\/iframe><\/p>\n<p>&nbsp;<\/p>\n<p>&nbsp;<\/p>\n<p>&nbsp;<\/p>\n<p>&nbsp;<\/p>\n","protected":false},"excerpt":{"rendered":"<p><strong>Tento kr\u00e1sny Bowie m\u00e1 svoje korene vo vojenskom dedi\u010dstve SOG, kde bol pou\u017e\u00edvan\u00fd \u0161peci\u00e1lnymi jednotkami a \u010fal\u0161\u00edmi elitn\u00fdmi vojakmi po\u010das vojny vo Vietname.<\/strong><\/p>\n<p><strong>Doprava zadarmo.<\/strong><\/p>\n","protected":false},"featured_media":345961,"comment_status":"open","ping_status":"closed","template":"","meta":[],"pwb-brand":[3231],"product_brand":[],"product_cat":[3187,3186],"product_tag":[3668],"class_list":{"0":"post-346040","1":"product","2":"type-product","3":"status-publish","4":"has-post-thumbnail","6":"pwb-brand-pevny-noz-sog-snarl","7":"product_cat-pevne-noze-sk","8":"product_cat-noze-sk","9":"product_tag-b2b-sk","11":"first","12":"outofstock","13":"taxable","14":"shipping-taxable","15":"purchasable","16":"product-type-simple"},"brands":[{"id":3231,"name":"Pevn\u00fd N\u00f4\u017e SOG SNARL","slug":"pevny-noz-sog-snarl"}],"_links":{"self":[{"href":"https:\/\/www.moskito.cz\/sk\/wp-json\/wp\/v2\/product\/346040","targetHints":{"allow":["GET"]}}],"collection":[{"href":"https:\/\/www.moskito.cz\/sk\/wp-json\/wp\/v2\/product"}],"about":[{"href":"https:\/\/www.moskito.cz\/sk\/wp-json\/wp\/v2\/types\/product"}],"replies":[{"embeddable":true,"href":"https:\/\/www.moskito.cz\/sk\/wp-json\/wp\/v2\/comments?post=346040"}],"wp:featuredmedia":[{"embeddable":true,"href":"https:\/\/www.moskito.cz\/sk\/wp-json\/wp\/v2\/media\/345961"}],"wp:attachment":[{"href":"https:\/\/www.moskito.cz\/sk\/wp-json\/wp\/v2\/media?parent=346040"}],"wp:term":[{"taxonomy":"pwb-brand","embeddable":true,"href":"https:\/\/www.moskito.cz\/sk\/wp-json\/wp\/v2\/pwb-brand?post=346040"},{"taxonomy":"product_brand","embeddable":true,"href":"https:\/\/www.moskito.cz\/sk\/wp-json\/wp\/v2\/product_brand?post=346040"},{"taxonomy":"product_cat","embeddable":true,"href":"https:\/\/www.moskito.cz\/sk\/wp-json\/wp\/v2\/product_cat?post=346040"},{"taxonomy":"product_tag","embeddable":true,"href":"https:\/\/www.moskito.cz\/sk\/wp-json\/wp\/v2\/product_tag?post=346040"}],"curies":[{"name":"wp","href":"https:\/\/api.w.org\/{rel}","templated":true}]}}