{"id":346201,"date":"2024-06-20T12:33:13","date_gmt":"2024-06-20T11:44:44","guid":{"rendered":"https:\/\/www.moskito.cz\/produkt\/multifunkcne-klieste-sog-aegis-mt-indigo-acid\/"},"modified":"2025-05-07T11:18:08","modified_gmt":"2025-05-07T10:18:08","slug":"multifunkcne-klieste-sog-aegis-mt-indigo-acid","status":"publish","type":"product","link":"https:\/\/www.moskito.cz\/sk\/produkt\/multifunkcne-klieste-sog-aegis-mt-indigo-acid\/","title":{"rendered":"Multifunk\u010dn\u00e9 Klie\u0161te SOG Aegis MT Indigo Acid"},"content":{"rendered":"<p>Multifunk\u010dn\u00e9 Klie\u0161te <strong>SOG<\/strong> Aegis MT Indigo Acid.<\/p>\n<p>Vyzna\u010duje sa obojstrann\u00fdm dizajnom s pevnou ergonomickou rukov\u00e4\u0165ou GRN a vzorom \u00fachopu navrhnut\u00fdm na vonkaj\u0161ie pou\u017eitie s rukavicami alebo bez nich, mokr\u00fd alebo such\u00fd. Ostr\u00e1 \u010depe\u013e CRYO 440 z nerezovej ocele so zacvak\u00e1vac\u00edm hrotom funguje na r\u00f4zne rezn\u00e9 pr\u00e1ce a z\u00e1rove\u0148 poskytuje vynikaj\u00face zachovanie ostria a odolnos\u0165 proti kor\u00f3zii. Aegis MT obsahuje p\u00e4\u0165 z\u00e1kladn\u00fdch n\u00e1strojov vr\u00e1tane ihlov\u00fdch klie\u0161t\u00ed s patentovanou p\u00e1kou Compound Leverage spolo\u010dnosti SOG, no\u017enice na m\u00e4kk\u00fd dr\u00f4t, pinzety, otv\u00e1ra\u010da na f\u013ea\u0161e a 1,9-palcov\u00e9 \u010depele z nerezovej ocele 440.<\/p>\n<p>NEZBYTN\u00dd OUTDOOROV\u00dd SPOLO\u010cENOK<br \/>\nAegis MT obsahuje p\u00e4\u0165 n\u00e1strojov, ktor\u00e9 zaistia, \u017ee ho budete chcie\u0165 ma\u0165 vo svojom batohu zaka\u017ed\u00fdm, ke\u010f sa vyd\u00e1te na vonkaj\u0161ie dobrodru\u017estvo.<\/p>\n<p>SCHOPN\u00dd A KOMPAKTN\u00dd MULTIN\u00c1STROJ NA VONKAJ\u0160IE POU\u017dITIE<br \/>\nP\u00e4\u0165 n\u00e1strojov vr\u00e1tane \u010depele z nerezovej ocele CRYO 440, klie\u0161t\u00ed s p\u00e1kov\u00fdm efektom SOG&#8217;s Compound Leverage, otv\u00e1ra\u010da na f\u013ea\u0161e, pinzety a reza\u010dky dr\u00f4tu rob\u00ed z Aegis MT n\u00e1stroj, po ktorom siahnete, kedyko\u013evek vyraz\u00edte von.<\/p>\n<p>\u010cEPEL CRYO 440 NEREZ<\/p>\n<p>Super ostr\u00e1, h\u00fa\u017eevnat\u00e1 a kor\u00f3zii odoln\u00e1 1,9 palcov\u00e1 oce\u013eov\u00e1 \u010depe\u013e CRYO 440 s klipsom.<\/p>\n<p>RUKOV\u00c4\u0164 GRN<\/p>\n<p>Robustn\u00e1 rukov\u00e4\u0165 GRN m\u00e1 text\u00faru pre ist\u00fd \u00fachop za mokra aj za sucha, bez rukav\u00edc.<\/p>\n<p>ZLO\u017dEN\u00c1 P\u00c1KA<\/p>\n<p>Oto\u010dn\u00e9 body poh\u00e1\u0148an\u00e9 prevodom generuj\u00fa v\u00e4\u010d\u0161\u00ed zdvih rukov\u00e4te vo vz\u0165ahu k pohybu klie\u0161t\u00ed a pon\u00fakaj\u00fa dvojn\u00e1sobn\u00fa silu strihu a uchopenia ako be\u017en\u00e9 klie\u0161te pre hlad\u0161ie a jednoduch\u0161ie pou\u017eitie.<\/p>\n<p>Hmotnos\u0165: 68 g<br \/>\nCelkov\u00e1 ve\u013ekos\u0165: 11.7 cm<br \/>\nD\u013a\u017eka \u010depele: 5 cm<br \/>\nHr\u00fabka \u010depele: 0.15 cm<br \/>\nOce\u013e: CRYO 440<br \/>\nD\u013a\u017eka rukov\u00e4te: 8.2 cm<br \/>\nMateri\u00e1l rukov\u00e4te: GRN<\/p>\n<p>&nbsp;<\/p>\n<p>&nbsp;<\/p>\n<p>&nbsp;<\/p>\n<p><iframe title=\"Aegis MT\" width=\"800\" height=\"450\" src=\"https:\/\/www.youtube.com\/embed\/BYXhNxksK2k?feature=oembed\" frameborder=\"0\" allow=\"accelerometer; autoplay; clipboard-write; encrypted-media; gyroscope; picture-in-picture; web-share\" referrerpolicy=\"strict-origin-when-cross-origin\" allowfullscreen><\/iframe><\/p>\n<p>&nbsp;<\/p>\n","protected":false},"excerpt":{"rendered":"<p><strong>Aegis MT je mal\u00fd multitool s piatimi z\u00e1kladn\u00fdmi n\u00e1strojmi, ktor\u00e9 potrebujete naj\u010dastej\u0161ie.<\/strong><\/p>\n","protected":false},"featured_media":346122,"comment_status":"open","ping_status":"closed","template":"","meta":[],"pwb-brand":[3231],"product_brand":[],"product_cat":[3342],"product_tag":[],"class_list":{"0":"post-346201","1":"product","2":"type-product","3":"status-publish","4":"has-post-thumbnail","6":"pwb-brand-pevny-noz-sog-snarl","7":"product_cat-multi-tool-sk","9":"first","10":"instock","11":"taxable","12":"shipping-taxable","13":"purchasable","14":"product-type-simple"},"brands":[{"id":3231,"name":"Pevn\u00fd N\u00f4\u017e SOG SNARL","slug":"pevny-noz-sog-snarl"}],"_links":{"self":[{"href":"https:\/\/www.moskito.cz\/sk\/wp-json\/wp\/v2\/product\/346201","targetHints":{"allow":["GET"]}}],"collection":[{"href":"https:\/\/www.moskito.cz\/sk\/wp-json\/wp\/v2\/product"}],"about":[{"href":"https:\/\/www.moskito.cz\/sk\/wp-json\/wp\/v2\/types\/product"}],"replies":[{"embeddable":true,"href":"https:\/\/www.moskito.cz\/sk\/wp-json\/wp\/v2\/comments?post=346201"}],"wp:featuredmedia":[{"embeddable":true,"href":"https:\/\/www.moskito.cz\/sk\/wp-json\/wp\/v2\/media\/346122"}],"wp:attachment":[{"href":"https:\/\/www.moskito.cz\/sk\/wp-json\/wp\/v2\/media?parent=346201"}],"wp:term":[{"taxonomy":"pwb-brand","embeddable":true,"href":"https:\/\/www.moskito.cz\/sk\/wp-json\/wp\/v2\/pwb-brand?post=346201"},{"taxonomy":"product_brand","embeddable":true,"href":"https:\/\/www.moskito.cz\/sk\/wp-json\/wp\/v2\/product_brand?post=346201"},{"taxonomy":"product_cat","embeddable":true,"href":"https:\/\/www.moskito.cz\/sk\/wp-json\/wp\/v2\/product_cat?post=346201"},{"taxonomy":"product_tag","embeddable":true,"href":"https:\/\/www.moskito.cz\/sk\/wp-json\/wp\/v2\/product_tag?post=346201"}],"curies":[{"name":"wp","href":"https:\/\/api.w.org\/{rel}","templated":true}]}}