{"id":346322,"date":"2024-06-20T14:22:51","date_gmt":"2024-06-20T13:27:33","guid":{"rendered":"https:\/\/www.moskito.cz\/produkt\/pevny-noz-sog-provider-fx\/"},"modified":"2025-05-07T11:18:09","modified_gmt":"2025-05-07T10:18:09","slug":"pevny-noz-sog-provider-fx","status":"publish","type":"product","link":"https:\/\/www.moskito.cz\/sk\/produkt\/pevny-noz-sog-provider-fx\/","title":{"rendered":"Pevn\u00fd N\u00f4\u017e SOG Provider FX"},"content":{"rendered":"<p>Pevn\u00fd N\u00f4\u017e <strong>SOG<\/strong> Provider FX.<\/p>\n<p>Provider FX je v\u0161estrann\u00fd a spo\u013eahliv\u00fd spolo\u010dn\u00edk pre lovcov a outdoorov\u00fdch nad\u0161encov. Tento v\u00fdnimo\u010dn\u00fd n\u00f4\u017e, vyroben\u00fd s oh\u013eadom na presnos\u0165 a odolnos\u0165, je navrhnut\u00fd tak, aby poskytoval vynikaj\u00faci v\u00fdkon vo vo\u013enej pr\u00edrode. Obsahuje 3,75 palcov\u00fa 154CM \u010depe\u013e z kamennej ocele, ktor\u00e1 je zn\u00e1ma vynikaj\u00facim zachovan\u00edm ostria a odolnos\u0165ou proti kor\u00f3zii. \u010cepe\u013e predv\u00e1dza pln\u00e9 kosenie pozd\u013a\u017e chrbtice a pon\u00faka lep\u0161iu kontrolu a pri\u013enavos\u0165 na presn\u00e9 rezanie. Robustn\u00e1 a text\u00farovan\u00e1 rukov\u00e4\u0165 v\u00e1hy G10 zais\u0165uje bezpe\u010dn\u00e9 uchopenie a je mo\u017en\u00e9 ich \u013eahko vybra\u0165 pre \u013eahk\u00e9 a kompaktn\u00e9 balenie. Po\u0161va Kydex je vybaven\u00e1 univerz\u00e1lnym mont\u00e1\u017enym syst\u00e9mom SOG, ktor\u00fd v\u00e1m umo\u017en\u00ed ma\u0165 tento n\u00f4\u017e na dosah, kedyko\u013evek ho potrebujete.<\/p>\n<p>Stvoren\u00e9 pre v\u00fdkon<br \/>\nJeho povrchov\u00e1 \u00faprava \u010depele s hr\u00fabkou 154 cm poskytuje drsn\u00fd a v\u00fdrazn\u00fd vzh\u013ead a z\u00e1rove\u0148 poskytuje \u010fal\u0161iu vrstvu ochrany proti opotrebovaniu. \u010cepe\u013e predv\u00e1dza pln\u00e9 kosenie pozd\u013a\u017e chrbtice a pon\u00faka lep\u0161iu kontrolu a pri\u013enavos\u0165 na presn\u00e9 rezanie.<\/p>\n<p>\u010ci u\u017e sledujete hru alebo dob\u00fdvate divo\u010dinu, Provider FX je dokonal\u00fdm spolo\u010dn\u00edkom pre va\u0161e vonkaj\u0161ie dobrodru\u017estvo.<br \/>\nJeho robustn\u00e1 kon\u0161trukcia, pr\u00e9miov\u00e9 materi\u00e1ly a premyslen\u00fd dizajn z neho robia nepostr\u00e1date\u013en\u00fd n\u00e1stroj pre lovcov, t\u00e1born\u00edkov i milovn\u00edkov pr\u00edrody. D\u00f4verujte poskytovate\u013eovi FX, ktor\u00fd poskytuje v\u00fdnimo\u010dn\u00fd v\u00fdkon a spo\u013eahlivos\u0165 na ka\u017edom kroku.<\/p>\n<p>Oce\u013e 154CM<\/p>\n<p>Srdcom Provider FX je \u010depe\u013e vykovan\u00e1 z vysoko kvalitnej ocele 154CM. T\u00e1to pr\u00e9miov\u00e1 oce\u013e zn\u00e1ma pre svoju vynikaj\u00facu retenciu ostria a odolnos\u0165 proti kor\u00f3zii zais\u0165uje, \u017ee v\u00e1\u0161 n\u00f4\u017e zostane ostr\u00fd a spo\u013eahliv\u00fd aj pri dlhodobom pou\u017e\u00edvan\u00ed v n\u00e1ro\u010dn\u00fdch podmienkach. D\u013a\u017eka \u010depele je 3,75&#8243;, \u010do predstavuje dokonal\u00fa rovnov\u00e1hu medzi v\u0161estrannos\u0165ou a ovl\u00e1date\u013enos\u0165ou. S celkovou d\u013a\u017ekou 8,1&#8243; tento n\u00f4\u017e poskytuje dostato\u010dn\u00fd dosah pri zachovan\u00ed kompaktn\u00e9ho a prenosn\u00e9ho dizajnu.<\/p>\n<p>Odn\u00edmate\u013en\u00e9 rukov\u00e4te G10<\/p>\n<p>Provider FX, navrhnut\u00fd tak, aby sa prisp\u00f4sobil va\u0161im potreb\u00e1m, je vybaven\u00fd odn\u00edmate\u013enou zelenou rukov\u00e4\u0165ou G10 pre \u013eahk\u00e9 a kompaktn\u00e9 pren\u00e1\u0161anie a balenie. G10 je zn\u00e1ma svojou v\u00fdnimo\u010dnou pevnos\u0165ou, ktor\u00e1 umo\u017e\u0148uje bezpe\u010dn\u00fd a pohodln\u00fd \u00fachop aj za mokra alebo klzk\u00fdch podmienok.<\/p>\n<p>Hmotnos\u0165: 142 g<br \/>\nCelkov\u00e1 ve\u013ekos\u0165: 20.5 cm<br \/>\nD\u013a\u017eka \u010depele: 9.5 cm<br \/>\nHr\u00fabka \u010depele: 0.36 cm<br \/>\nOce\u013e: CRYO 154CM<br \/>\nMateri\u00e1l rukov\u00e4te: GRN<br \/>\nMateri\u00e1l puzdra: Kydex<\/p>\n<p><iframe title=\"Provider FX\" width=\"800\" height=\"450\" src=\"https:\/\/www.youtube.com\/embed\/8uWEDZD3w4k?feature=oembed\" frameborder=\"0\" allow=\"accelerometer; autoplay; clipboard-write; encrypted-media; gyroscope; picture-in-picture; web-share\" referrerpolicy=\"strict-origin-when-cross-origin\" allowfullscreen><\/iframe><\/p>\n<p>&nbsp;<\/p>\n<p>&nbsp;<\/p>\n","protected":false},"excerpt":{"rendered":"<p><strong>Provider FX je v\u0161estrann\u00fd a spo\u013eahliv\u00fd pevn\u00fd n\u00f4\u017e pre lovcov a outdoorov\u00fdch nad\u0161encov s full tang kon\u0161trukciou.<\/strong><\/p>\n<p><strong>Doprava zadarmo.<\/strong><\/p>\n","protected":false},"featured_media":346259,"comment_status":"open","ping_status":"closed","template":"","meta":[],"pwb-brand":[3231],"product_brand":[],"product_cat":[3186,3187],"product_tag":[],"class_list":{"0":"post-346322","1":"product","2":"type-product","3":"status-publish","4":"has-post-thumbnail","6":"pwb-brand-pevny-noz-sog-snarl","7":"product_cat-noze-sk","8":"product_cat-pevne-noze-sk","10":"first","11":"instock","12":"taxable","13":"shipping-taxable","14":"purchasable","15":"product-type-simple"},"brands":[{"id":3231,"name":"Pevn\u00fd N\u00f4\u017e SOG SNARL","slug":"pevny-noz-sog-snarl"}],"_links":{"self":[{"href":"https:\/\/www.moskito.cz\/sk\/wp-json\/wp\/v2\/product\/346322","targetHints":{"allow":["GET"]}}],"collection":[{"href":"https:\/\/www.moskito.cz\/sk\/wp-json\/wp\/v2\/product"}],"about":[{"href":"https:\/\/www.moskito.cz\/sk\/wp-json\/wp\/v2\/types\/product"}],"replies":[{"embeddable":true,"href":"https:\/\/www.moskito.cz\/sk\/wp-json\/wp\/v2\/comments?post=346322"}],"wp:featuredmedia":[{"embeddable":true,"href":"https:\/\/www.moskito.cz\/sk\/wp-json\/wp\/v2\/media\/346259"}],"wp:attachment":[{"href":"https:\/\/www.moskito.cz\/sk\/wp-json\/wp\/v2\/media?parent=346322"}],"wp:term":[{"taxonomy":"pwb-brand","embeddable":true,"href":"https:\/\/www.moskito.cz\/sk\/wp-json\/wp\/v2\/pwb-brand?post=346322"},{"taxonomy":"product_brand","embeddable":true,"href":"https:\/\/www.moskito.cz\/sk\/wp-json\/wp\/v2\/product_brand?post=346322"},{"taxonomy":"product_cat","embeddable":true,"href":"https:\/\/www.moskito.cz\/sk\/wp-json\/wp\/v2\/product_cat?post=346322"},{"taxonomy":"product_tag","embeddable":true,"href":"https:\/\/www.moskito.cz\/sk\/wp-json\/wp\/v2\/product_tag?post=346322"}],"curies":[{"name":"wp","href":"https:\/\/api.w.org\/{rel}","templated":true}]}}