{"id":346409,"date":"2024-06-20T14:49:03","date_gmt":"2024-06-20T13:49:03","guid":{"rendered":"https:\/\/www.moskito.cz\/produkt\/pevny-noz-super-sog-bowie\/"},"modified":"2024-06-20T14:50:47","modified_gmt":"2024-06-20T13:50:47","slug":"pevny-noz-super-sog-bowie","status":"publish","type":"product","link":"https:\/\/www.moskito.cz\/sk\/produkt\/pevny-noz-super-sog-bowie\/","title":{"rendered":"Pevn\u00fd N\u00f4\u017e SUPER SOG BOWIE"},"content":{"rendered":"<p>Pevn\u00fd N\u00f4\u017e SUPER <strong>SOG<\/strong> BOWIE.<\/p>\n<p>K n\u00e1\u0161mu 20. v\u00fdro\u010die v roku 2006 sme uviedli na trh nov\u00fa adapt\u00e1ciu p\u00f4vodn\u00e9ho SOG Bowie, ktor\u00fd zalo\u017eil spolo\u010dnos\u0165. T\u00e1to ve\u013ekoform\u00e1tov\u00e1 \u010depe\u013e v\u00e1s ohrom\u00ed svojou presnou kon\u0161trukciou a br\u00fasnymi l\u00edniami. Na rozdiel od origin\u00e1lu s\u00fa v\u0161etky diely chr\u00e1nen\u00e9 pevn\u00fdm \u010diernym povlakom TiNi pre najlep\u0161\u00ed vzh\u013ead a v\u00fdkon. Zachov\u00e1va si svoje korene so skladanou ko\u017eenou rukov\u00e4\u0165ou pr\u00e1\u010dky a celkov\u00fdm dizajnom<\/p>\n<p>XL ve\u013ekoform\u00e1tov\u00e1 pevn\u00e1 \u010depe\u013e, ktorej \u0161t\u00fdl a podstata zah\u00e1jili SOG.<br \/>\nObsahuje celoplo\u0161n\u00fa 7,5-palcov\u00fa \u010diernu \u010depe\u013e TiNi vyroben\u00fa z kvalitnej ocele AUS-8 z epoxidovej skladanej ko\u017eenej podlo\u017eky a kr\u00ed\u017eov\u00fd kryt a hlavicu z nerezovej ocele.<\/p>\n<p>Tvarovan\u00fd kr\u00ed\u017eov\u00fd chr\u00e1ni\u010d<\/p>\n<p>Udr\u017euje va\u0161e prsty v bezpe\u010d\u00ed a zdrav\u00e9. Vyzer\u00e1 to tie\u017e cool.<\/p>\n<p>Klasick\u00e1 kon\u0161trukcia rukov\u00e4te<\/p>\n<p>Rukov\u00e4\u0165 pr\u00e1\u010dky z epoxidovej skladanej ko\u017ee poskytuje klasick\u00fd vzh\u013ead a pohodln\u00fd pocit.<\/p>\n<p>Pevn\u00e1 \u010depe\u013e ve\u013ek\u00e9ho form\u00e1tu<\/p>\n<p>Siln\u00e1 a odoln\u00e1 \u010depe\u013e.<\/p>\n<p>Hmotnos\u0165: 493 g<br \/>\nCelkov\u00e1 ve\u013ekos\u0165: 32.7 cm<br \/>\nD\u013a\u017eka \u010depele: 19.1 cm<br \/>\nHr\u00fabka \u010depele: 0.64 cm<br \/>\nOce\u013e: AUS-8<br \/>\nMateri\u00e1l rukov\u00e4te: Stacked Epoxied Leather Washers<br \/>\nMateri\u00e1l puzdra: Leather<\/p>\n<p>&nbsp;<\/p>\n<p>&nbsp;<\/p>\n","protected":false},"excerpt":{"rendered":"<p><strong>K n\u00e1\u0161mu 20. v\u00fdro\u010die v roku 2006 sme uviedli na trh nov\u00fa adapt\u00e1ciu p\u00f4vodn\u00e9ho SOG Bowie, ktor\u00fd zalo\u017eil spolo\u010dnos\u0165. T\u00e1to ve\u013ekoform\u00e1tov\u00e1 \u010depe\u013e v\u00e1s ohrom\u00ed svojou presnou kon\u0161trukciou.<\/strong><\/p>\n<p><strong>Doprava zadarmo.<\/strong><\/p>\n","protected":false},"featured_media":346333,"comment_status":"open","ping_status":"closed","template":"","meta":[],"pwb-brand":[3231],"product_brand":[],"product_cat":[3187,3186],"product_tag":[],"class_list":{"0":"post-346409","1":"product","2":"type-product","3":"status-publish","4":"has-post-thumbnail","6":"pwb-brand-pevny-noz-sog-snarl","7":"product_cat-pevne-noze-sk","8":"product_cat-noze-sk","10":"first","11":"instock","12":"taxable","13":"shipping-taxable","14":"purchasable","15":"product-type-simple"},"brands":[{"id":3231,"name":"Pevn\u00fd N\u00f4\u017e SOG SNARL","slug":"pevny-noz-sog-snarl"}],"_links":{"self":[{"href":"https:\/\/www.moskito.cz\/sk\/wp-json\/wp\/v2\/product\/346409","targetHints":{"allow":["GET"]}}],"collection":[{"href":"https:\/\/www.moskito.cz\/sk\/wp-json\/wp\/v2\/product"}],"about":[{"href":"https:\/\/www.moskito.cz\/sk\/wp-json\/wp\/v2\/types\/product"}],"replies":[{"embeddable":true,"href":"https:\/\/www.moskito.cz\/sk\/wp-json\/wp\/v2\/comments?post=346409"}],"wp:featuredmedia":[{"embeddable":true,"href":"https:\/\/www.moskito.cz\/sk\/wp-json\/wp\/v2\/media\/346333"}],"wp:attachment":[{"href":"https:\/\/www.moskito.cz\/sk\/wp-json\/wp\/v2\/media?parent=346409"}],"wp:term":[{"taxonomy":"pwb-brand","embeddable":true,"href":"https:\/\/www.moskito.cz\/sk\/wp-json\/wp\/v2\/pwb-brand?post=346409"},{"taxonomy":"product_brand","embeddable":true,"href":"https:\/\/www.moskito.cz\/sk\/wp-json\/wp\/v2\/product_brand?post=346409"},{"taxonomy":"product_cat","embeddable":true,"href":"https:\/\/www.moskito.cz\/sk\/wp-json\/wp\/v2\/product_cat?post=346409"},{"taxonomy":"product_tag","embeddable":true,"href":"https:\/\/www.moskito.cz\/sk\/wp-json\/wp\/v2\/product_tag?post=346409"}],"curies":[{"name":"wp","href":"https:\/\/api.w.org\/{rel}","templated":true}]}}