{"id":346524,"date":"2024-06-20T20:31:52","date_gmt":"2024-06-20T19:32:48","guid":{"rendered":"https:\/\/www.moskito.cz\/produkt\/vystrelovaci-noz-boker-kalashnikov-wiener-warrior-automatic-knife-red\/"},"modified":"2025-07-05T17:12:46","modified_gmt":"2025-07-05T16:12:46","slug":"vystrelovaci-noz-boker-kalashnikov-wiener-warrior-automatic-knife-red","status":"publish","type":"product","link":"https:\/\/www.moskito.cz\/sk\/produkt\/vystrelovaci-noz-boker-kalashnikov-wiener-warrior-automatic-knife-red\/","title":{"rendered":"Vystre\u013eovac\u00ed N\u00f4\u017e Boker Kalashnikov Wiener Warrior Automatic Knife Red"},"content":{"rendered":"<p>Vystre\u013eovac\u00ed N\u00f4\u017e <strong>Boker<\/strong> Kalashnikov Wiener Warrior Automatic Knife Red.<\/p>\n<p>Predstavujeme V\u00e1m <strong>Dessert Warrior<\/strong> ! Mo\u017eno sme poru\u0161ili pravidl\u00e1 t\u00fdm, \u017ee sme za\u010dali nie\u010d\u00edm sladk\u00fdm, ale sme tu, aby sme v\u00e1m to vynahradili v\u00fddatnou porciou prote\u00ednu priamo zo sl\u00e1vneho Warrior Buffet. Pozdravte <strong>WIENER WARRIOR KALASHNIKOV<\/strong> , svie\u017eu a \u017eiariv\u00fa exkluzivitu <strong>Moskito sro<\/strong> . Teraz, ke\u010f pr\u00edde na p\u00e1rky v ro\u017eku, s\u00fa oby\u010dajn\u00ed a potom neoby\u010dajn\u00ed. Hovor\u00edme o druhu, ktor\u00fd dostanete na baseballovom z\u00e1pase, postriekanom hor\u010dicou a prekypuj\u00facim \u0161\u0165avnatou masou. Je to \u00fapln\u00e1 par\u00e1da, \u017eiadne v\u00fdplne. Za\u017eite vlnu americkej nostalgie s <strong>Wiener Warrior.<\/strong> N\u00f4\u017e Boker Kala\u0161nikov, in\u0161pirovan\u00fd ikonickou pu\u0161kou, sa m\u00f4\u017ee pochv\u00e1li\u0165 jednoduch\u00fdm, ale vysoko funk\u010dn\u00fdm designom. Tento n\u00f4\u017e je vyroben\u00fd zo \u0161pi\u010dkov\u00fdch materi\u00e1lov a poskytuje v\u00fdnimo\u010dn\u00fd v\u00fdkon a hodnotu. A teraz, ke\u010f ste si mysleli, \u017ee u\u017e si nem\u00f4\u017eeme u\u017ei\u0165 viac z\u00e1bavy, predstavujeme kala\u0161nikov v tomto super z\u00e1bavnom viedenskom dizajne, ktor\u00fd ur\u010dite podnieti konverz\u00e1ciu. Tak\u017ee si vezmite korenie a u\u017eite si Wiener Warrior!<\/p>\n<p>\u0160PECIFIK\u00c1CIA:\u010cepe\u013e oce\u013e : D 2<br \/>\n\u010c\u00edslo modelu : 01 Kals 178 Nsoi<br \/>\nTyp z\u00e1mku : Tla\u010didlo<br \/>\nHr\u00fabka \u010depele: 0,3 cm<br \/>\nHr\u00fabka rukov\u00e4te: 1.67 cm<br \/>\nD\u013a\u017eka \u010depele: 8.12 cm<br \/>\nOtvoren\u00e1 d\u013a\u017eka : 19.12 cm<br \/>\nOstrie \u010depele : Hladk\u00e9<br \/>\nPovrchov\u00e1 \u00faprava Farba : \u010cerven\u00e1<br \/>\nMateri\u00e1l rukov\u00e4te: hlin\u00edk<br \/>\nPr\u00edpad pou\u017eitia: EDC<\/p>\n","protected":false},"excerpt":{"rendered":"<p>Vystre\u013eovac\u00ed N\u00f4\u017e Boker Kalashnikov Wiener Warrior Automatic Knife Red. Predstavujeme V\u00e1m Dessert Warrior ! Mo\u017eno sme poru\u0161ili pravidl\u00e1 t\u00fdm, \u017ee sme za\u010dali nie\u010d\u00edm sladk\u00fdm, ale sme tu, aby sme v\u00e1m to vynahradili v\u00fddatnou porciou prote\u00ednu priamo zo sl\u00e1vneho Warrior Buffet. Pozdravte WIENER WARRIOR KALASHNIKOV , svie\u017eu a \u017eiariv\u00fa exkluzivitu Moskito sro . Teraz, ke\u010f pr\u00edde [&hellip;]<\/p>\n","protected":false},"featured_media":346483,"comment_status":"open","ping_status":"closed","template":"","meta":[],"pwb-brand":[3419],"product_brand":[],"product_cat":[3197,3186],"product_tag":[3668],"class_list":{"0":"post-346524","1":"product","2":"type-product","3":"status-publish","4":"has-post-thumbnail","6":"pwb-brand-boker-sk","7":"product_cat-vystrelovacie-noze-sk","8":"product_cat-noze-sk","9":"product_tag-b2b-sk","11":"first","12":"instock","13":"taxable","14":"shipping-taxable","15":"purchasable","16":"product-type-simple"},"brands":[{"id":3419,"name":"Boker","slug":"boker-sk"}],"_links":{"self":[{"href":"https:\/\/www.moskito.cz\/sk\/wp-json\/wp\/v2\/product\/346524","targetHints":{"allow":["GET"]}}],"collection":[{"href":"https:\/\/www.moskito.cz\/sk\/wp-json\/wp\/v2\/product"}],"about":[{"href":"https:\/\/www.moskito.cz\/sk\/wp-json\/wp\/v2\/types\/product"}],"replies":[{"embeddable":true,"href":"https:\/\/www.moskito.cz\/sk\/wp-json\/wp\/v2\/comments?post=346524"}],"wp:featuredmedia":[{"embeddable":true,"href":"https:\/\/www.moskito.cz\/sk\/wp-json\/wp\/v2\/media\/346483"}],"wp:attachment":[{"href":"https:\/\/www.moskito.cz\/sk\/wp-json\/wp\/v2\/media?parent=346524"}],"wp:term":[{"taxonomy":"pwb-brand","embeddable":true,"href":"https:\/\/www.moskito.cz\/sk\/wp-json\/wp\/v2\/pwb-brand?post=346524"},{"taxonomy":"product_brand","embeddable":true,"href":"https:\/\/www.moskito.cz\/sk\/wp-json\/wp\/v2\/product_brand?post=346524"},{"taxonomy":"product_cat","embeddable":true,"href":"https:\/\/www.moskito.cz\/sk\/wp-json\/wp\/v2\/product_cat?post=346524"},{"taxonomy":"product_tag","embeddable":true,"href":"https:\/\/www.moskito.cz\/sk\/wp-json\/wp\/v2\/product_tag?post=346524"}],"curies":[{"name":"wp","href":"https:\/\/api.w.org\/{rel}","templated":true}]}}