{"id":346561,"date":"2024-06-20T21:20:42","date_gmt":"2024-06-20T20:21:26","guid":{"rendered":"https:\/\/www.moskito.cz\/produkt\/vystrelovaci-noz-boker-plus-kalashnikov-dessert-warrior-blue-donut\/"},"modified":"2025-05-07T11:18:12","modified_gmt":"2025-05-07T10:18:12","slug":"vystrelovaci-noz-boker-plus-kalashnikov-dessert-warrior-blue-donut","status":"publish","type":"product","link":"https:\/\/www.moskito.cz\/sk\/produkt\/vystrelovaci-noz-boker-plus-kalashnikov-dessert-warrior-blue-donut\/","title":{"rendered":"Vystre\u013eovac\u00ed N\u00f4\u017e Boker Plus Kalashnikov Dessert Warrior Blue Donut"},"content":{"rendered":"<p>Vystre\u013eovac\u00ed N\u00f4\u017e <strong>Boker<\/strong> Plus Kalashnikov Dessert Warrior Blue Donut.<\/p>\n<p>Dezertn\u00fd taktick\u00fd n\u00f4\u017e so \u0161trukt\u00farovan\u00fdmi gumov\u00fdmi dr\u00e1\u017ekami na hlin\u00edkovej rukov\u00e4ti s \u010diernou text\u00farou, ktor\u00e9 poskytuj\u00fa ist\u00fd \u00fachop. Modr\u00e1 \u010depe\u013e z nerezovej ocele AUS-8 s dobr\u00fdm zachovan\u00edm ostria. Vreckov\u00e1 spona je namontovan\u00e1 na zadnom konci no\u017ea, tak\u017ee je vo vrecku n\u00edzko. Otvor pre \u0161n\u00farku. Automatick\u00e9 otv\u00e1ranie tla\u010didlom a odomykanie pre zatvorenie. Skvel\u00fd n\u00f4\u017e za tie peniaze. Dod\u00e1va sa nov\u00e9 v krabici v \u0161t\u00fdle z\u00e1sobn\u00edka AK-47.<\/p>\n<p>Mali ste niekedy t\u00fa smolu, \u017ee ste sa museli podeli\u0165 o \u0161i\u0161ku? Va\u0161a situ\u00e1cia sa len zhor\u0161\u00ed, ke\u010f zist\u00edte, \u017ee mus\u00edte svoj vysokor\u00fdchlostn\u00fd, m\u00e1lo \u0165ahaj\u00faci, upraven\u00fd, z\u00e1kazkov\u00fd, zrkadlovo lemovan\u00fd vreckov\u00fd \u0161perk zahali\u0165 do lepkavej sladkosti. To, \u010do potrebujete, je n\u00f4\u017e navrhnut\u00fd od z\u00e1kladov, aby ste mohli \u00eds\u0165 do vojny s \u0161i\u0161kou. A hoci jeho cesta k existencii bola neortodoxn\u00e1, Dessert Warrior je tu! T\u00e1to automatika sa otvor\u00ed sk\u00f4r, ne\u017e si ktoko\u013evek m\u00f4\u017ee vzia\u0165 viac ako svoju polovicu \u0161i\u0161ky. Rukov\u00e4\u0165 je jasne ru\u017eov\u00e1 s posypom a \u010depe\u013e m\u00e1 sladk\u00fa modr\u00fa povrchov\u00fa \u00fapravu, tak\u017ee n\u00f4\u017e splynie s pekn\u00fdm pe\u010divom v obchode. Pre\u010d s\u00fa dni, kedy ste nemali ten spr\u00e1vny n\u00e1stroj pre t\u00fato pr\u00e1cu!<\/p>\n<p>Chcete prida\u0165 trochu svetlice do svojho kala\u0161nikova? Pozrite sa na tieto elegantn\u00e9 vreckov\u00e9 klipsy Flytanium ! Tieto vreckov\u00e9 spony pasuj\u00fa iba na be\u017en\u00e9 modely, nie na Mini alebo XXL.<\/p>\n<p><strong>Boker Kala\u0161nikov<\/strong> je in\u0161pirovan\u00fd pu\u0161kou Kala\u0161nikov. Jeho rukov\u00e4\u0165 je tvarovan\u00e1 tak, aby sa perfektne dr\u017eala v ruke, a s\u013eubuje ist\u00fd \u00fachop s dr\u00e1\u017ekovan\u00edm na hornej a spodnej strane. Kala\u0161nikov ct\u00ed svojho menovca dizajnom, na ktor\u00fd sa m\u00f4\u017eete spo\u013eahn\u00fa\u0165.<\/p>\n<p>Materi\u00e1l \u010depele : Nerezov\u00e1 oce\u013e AUS-8<br \/>\nMateri\u00e1l rukov\u00e4te: Hlin\u00edk<br \/>\n\u0160t\u00fdl \u010depele: Drop Point<br \/>\nPovrchov\u00e1 \u00faprava \u010depele: Bead Blast<br \/>\nTyp okraja: \u0160tandard<br \/>\nModel\/Vzor: Kala\u0161nikov<br \/>\nTyp no\u017ea: Automatick\u00fd<br \/>\nTyp z\u00e1mku: Z\u00e1mok tla\u010didla<br \/>\nD\u013a\u017eka \u010depele: 8.12 cm<br \/>\nD\u013a\u017eka rukov\u00e4te: 10.75 cm<br \/>\nCelkov\u00e1 d\u013a\u017eka: 19.12 cm<br \/>\nHmotnos\u0165: 3,70 oz.<\/p>\n","protected":false},"excerpt":{"rendered":"<p><strong>Kedysi d\u00e1vno na\u0161i kupci kontaktovali Bokera a objednali si nejak\u00e9 no\u017ee Kala\u0161nikov \u201eDesert Warrior\u201c. Niekde v komunika\u010dnom re\u0165azci dostal pravopis navy\u0161e \u201es\u201c a skon\u010dil na stole dizajn\u00e9ra. V\u00fdsledok: Dessert Warrior. A vie\u0161 ty \u010do? Nes\u0165a\u017eujeme sa!<\/strong><\/p>\n","protected":false},"featured_media":346532,"comment_status":"open","ping_status":"closed","template":"","meta":[],"pwb-brand":[3419],"product_brand":[],"product_cat":[3186,3197],"product_tag":[3668],"class_list":{"0":"post-346561","1":"product","2":"type-product","3":"status-publish","4":"has-post-thumbnail","6":"pwb-brand-boker-sk","7":"product_cat-noze-sk","8":"product_cat-vystrelovacie-noze-sk","9":"product_tag-b2b-sk","11":"first","12":"outofstock","13":"taxable","14":"shipping-taxable","15":"purchasable","16":"product-type-simple"},"brands":[{"id":3419,"name":"Boker","slug":"boker-sk"}],"_links":{"self":[{"href":"https:\/\/www.moskito.cz\/sk\/wp-json\/wp\/v2\/product\/346561","targetHints":{"allow":["GET"]}}],"collection":[{"href":"https:\/\/www.moskito.cz\/sk\/wp-json\/wp\/v2\/product"}],"about":[{"href":"https:\/\/www.moskito.cz\/sk\/wp-json\/wp\/v2\/types\/product"}],"replies":[{"embeddable":true,"href":"https:\/\/www.moskito.cz\/sk\/wp-json\/wp\/v2\/comments?post=346561"}],"wp:featuredmedia":[{"embeddable":true,"href":"https:\/\/www.moskito.cz\/sk\/wp-json\/wp\/v2\/media\/346532"}],"wp:attachment":[{"href":"https:\/\/www.moskito.cz\/sk\/wp-json\/wp\/v2\/media?parent=346561"}],"wp:term":[{"taxonomy":"pwb-brand","embeddable":true,"href":"https:\/\/www.moskito.cz\/sk\/wp-json\/wp\/v2\/pwb-brand?post=346561"},{"taxonomy":"product_brand","embeddable":true,"href":"https:\/\/www.moskito.cz\/sk\/wp-json\/wp\/v2\/product_brand?post=346561"},{"taxonomy":"product_cat","embeddable":true,"href":"https:\/\/www.moskito.cz\/sk\/wp-json\/wp\/v2\/product_cat?post=346561"},{"taxonomy":"product_tag","embeddable":true,"href":"https:\/\/www.moskito.cz\/sk\/wp-json\/wp\/v2\/product_tag?post=346561"}],"curies":[{"name":"wp","href":"https:\/\/api.w.org\/{rel}","templated":true}]}}