{"id":346786,"date":"2024-06-21T14:27:29","date_gmt":"2024-06-21T13:28:10","guid":{"rendered":"https:\/\/www.moskito.cz\/produkt\/vrhaci-noz-muela-pro-80l-14\/"},"modified":"2024-06-21T14:28:10","modified_gmt":"2024-06-21T13:28:10","slug":"vrhaci-noz-muela-pro-80l-14","status":"publish","type":"product","link":"https:\/\/www.moskito.cz\/sk\/produkt\/vrhaci-noz-muela-pro-80l-14\/","title":{"rendered":"Vrhac\u00ed N\u00f4\u017e Muela PRO-80L-14"},"content":{"rendered":"<p>Vrhac\u00ed N\u00f4\u017e <strong>Muela<\/strong> PRO-80L-14.<\/p>\n<p><strong>PRO-THROW<\/strong> , vrhac\u00ed n\u00f4\u017e (\u0161\u00edpka) s dizajnom full t\u00e1ng od zn\u00e1mej \u0161panielskej firmy <strong>Muela<\/strong> . Mas\u00edvne, dokonale vyv\u00e1\u017een\u00e9, ide\u00e1lne pre profesion\u00e1lov a nad\u0161encov h\u00e1dzania. Tr\u00e9ning s no\u017eom umo\u017e\u0148uje vypestova\u0165 si n\u00e1vyky spr\u00e1vneho \u00fachopu pri hode, r\u00fdchleho pos\u00fadenia vzdialenosti k cie\u013eu a spr\u00e1vnej techniky hodu. Vyroben\u00e9 z odolnej nerezovej ocele 420H, kalen\u00e9 v rozmedz\u00ed 54-58 HRC.<\/p>\n<p>Puzdro &#8211; vyroben\u00e9 z pr\u00edrodnej \u010diernej ko\u017ee. Po\u0161va m\u00e1 upevnenie na opasok umo\u017e\u0148uj\u00faci nosenie no\u017ea vo zvislej polohe.<\/p>\n<p>Technick\u00e9 d\u00e1ta:<br \/>\n\u010c\u00edslo produktu: PRO-80L-14<br \/>\nN\u00e1zov: PRO-THROW<br \/>\nTyp ocele: 420H<br \/>\nTvrdos\u0165 \u010depele pod\u013ea Rockwella: 54-58 HRC<br \/>\n\u0160\u00edrka \u010depele: 3.6 cm \/ 1,42&#8243;<br \/>\nHr\u00fabka \u010depele: 0.45 cm \/ 0,18&#8243;<br \/>\nCelkov\u00e1 d\u013a\u017eka: 25 cm \/ 9,84&#8243;<br \/>\nHmotnos\u0165: 203 g \/ 7,16 oz<br \/>\nTyp \u010depele: Hladk\u00fd<br \/>\nTyp \u010depele: d\u00fdka (d\u00fdka)<br \/>\nMateri\u00e1l rukov\u00e4te: Nerezov\u00e1 oce\u013e<br \/>\nPo\u0161va: Ko\u017ea<br \/>\nV\u00fdrobca: Muela, \u0160panielsko<\/p>\n<p>&nbsp;<\/p>\n","protected":false},"excerpt":{"rendered":"<p><strong>PRO-THROW, vrhac\u00ed n\u00f4\u017e (\u0161\u00edpka) s designom full t\u00e1ng od zn\u00e1mej \u0161panielskej firmy Muela. Mas\u00edvne, dokonale vyv\u00e1\u017een\u00e9, ide\u00e1lne pre profesion\u00e1lov a nad\u0161encov h\u00e1dzania.<\/strong><\/p>\n","protected":false},"featured_media":346766,"comment_status":"open","ping_status":"closed","template":"","meta":[],"pwb-brand":[3910],"product_brand":[],"product_cat":[3541,3186],"product_tag":[],"class_list":{"0":"post-346786","1":"product","2":"type-product","3":"status-publish","4":"has-post-thumbnail","6":"pwb-brand-muela-sk","7":"product_cat-vrhacie-noze","8":"product_cat-noze-sk","10":"first","11":"outofstock","12":"taxable","13":"shipping-taxable","14":"purchasable","15":"product-type-simple"},"brands":[{"id":3910,"name":"Muela","slug":"muela-sk"}],"_links":{"self":[{"href":"https:\/\/www.moskito.cz\/sk\/wp-json\/wp\/v2\/product\/346786","targetHints":{"allow":["GET"]}}],"collection":[{"href":"https:\/\/www.moskito.cz\/sk\/wp-json\/wp\/v2\/product"}],"about":[{"href":"https:\/\/www.moskito.cz\/sk\/wp-json\/wp\/v2\/types\/product"}],"replies":[{"embeddable":true,"href":"https:\/\/www.moskito.cz\/sk\/wp-json\/wp\/v2\/comments?post=346786"}],"wp:featuredmedia":[{"embeddable":true,"href":"https:\/\/www.moskito.cz\/sk\/wp-json\/wp\/v2\/media\/346766"}],"wp:attachment":[{"href":"https:\/\/www.moskito.cz\/sk\/wp-json\/wp\/v2\/media?parent=346786"}],"wp:term":[{"taxonomy":"pwb-brand","embeddable":true,"href":"https:\/\/www.moskito.cz\/sk\/wp-json\/wp\/v2\/pwb-brand?post=346786"},{"taxonomy":"product_brand","embeddable":true,"href":"https:\/\/www.moskito.cz\/sk\/wp-json\/wp\/v2\/product_brand?post=346786"},{"taxonomy":"product_cat","embeddable":true,"href":"https:\/\/www.moskito.cz\/sk\/wp-json\/wp\/v2\/product_cat?post=346786"},{"taxonomy":"product_tag","embeddable":true,"href":"https:\/\/www.moskito.cz\/sk\/wp-json\/wp\/v2\/product_tag?post=346786"}],"curies":[{"name":"wp","href":"https:\/\/api.w.org\/{rel}","templated":true}]}}