{"id":346827,"date":"2024-06-21T14:46:56","date_gmt":"2024-06-21T13:47:57","guid":{"rendered":"https:\/\/www.moskito.cz\/produkt\/pevny-noz-muela-25-12\/"},"modified":"2025-05-07T11:18:18","modified_gmt":"2025-05-07T10:18:18","slug":"pevny-noz-muela-25-12","status":"publish","type":"product","link":"https:\/\/www.moskito.cz\/sk\/produkt\/pevny-noz-muela-25-12\/","title":{"rendered":"Pevn\u00fd N\u00f4\u017e Muela 25-12"},"content":{"rendered":"<p>Pevn\u00fd N\u00f4\u017e <strong>Muela 25-12<\/strong> .<\/p>\n<p>Univerz\u00e1lny n\u00f4\u017e 25-12 s pevnou \u010depe\u013eou od \u0161panielskej firmy <strong>Muela<\/strong> za \u00fa\u017easn\u00fa cenu. Perfektn\u00fd na v\u00fdlety mimo mesta, kempovanie, ako n\u00f4\u017e na pre\u017eitie, finker, po\u013eovn\u00fd n\u00f4\u017e. \u010cepe\u013e vydr\u017e\u00ed ak\u00fako\u013evek pr\u00e1cu za ak\u00fdchko\u013evek podmienok.<\/p>\n<p>Puzdro &#8211; vyroben\u00e9 z pr\u00edrodnej ko\u017ee, \u010dierne. Upevnenie pomocou z\u00e1padky umo\u017e\u0148uje bezpe\u010dn\u00e9 pren\u00e1\u0161anie no\u017ea. Po\u0161va m\u00e1 upevnenie na opasok alebo zariadenie umo\u017e\u0148uj\u00face nosenie no\u017ea vo zvislej polohe.<\/p>\n<p>Technick\u00e9 d\u00e1ta:<br \/>\n\u010c\u00edslo produktu: 25-12<br \/>\nTyp ocele: 420H<br \/>\nD\u013a\u017eka \u010depele: 12 cm \/ 4,72&#8243;<br \/>\nHr\u00fabka \u010depele: 0.26 cm \/ 0,10&#8243;<br \/>\nCelkov\u00e1 d\u013a\u017eka: 21.8 cm \/ 8,58&#8243;<br \/>\nHmotnos\u0165: 111 g \/ 3,92 oz<br \/>\n\u010cepe\u013e: Oby\u010dajn\u00e1<br \/>\nTyp \u010depele: Bowie<br \/>\nTyp rezu: Konk\u00e1vne<br \/>\nTyp rukov\u00e4te: Thermorun<br \/>\nPo\u0161va: ko\u017ea<br \/>\nV\u00fdrobca: Muela, \u0160panielsko<\/p>\n<p>&nbsp;<\/p>\n","protected":false},"excerpt":{"rendered":"<p><strong>Univerz\u00e1lny n\u00f4\u017e 25-12 s pevnou \u010depe\u013eou od \u0161panielskej firmy Muela za \u00fa\u017easn\u00fa cenu. Perfektn\u00fd na v\u00fdlety mimo mesta, kempovanie, ako n\u00f4\u017e na pre\u017eitie, finker, po\u013eovn\u00fd n\u00f4\u017e.<\/strong><\/p>\n","protected":false},"featured_media":346806,"comment_status":"open","ping_status":"closed","template":"","meta":[],"pwb-brand":[3910],"product_brand":[],"product_cat":[3187,3186],"product_tag":[3668],"class_list":{"0":"post-346827","1":"product","2":"type-product","3":"status-publish","4":"has-post-thumbnail","6":"pwb-brand-muela-sk","7":"product_cat-pevne-noze-sk","8":"product_cat-noze-sk","9":"product_tag-b2b-sk","11":"first","12":"outofstock","13":"taxable","14":"shipping-taxable","15":"purchasable","16":"product-type-simple"},"brands":[{"id":3910,"name":"Muela","slug":"muela-sk"}],"_links":{"self":[{"href":"https:\/\/www.moskito.cz\/sk\/wp-json\/wp\/v2\/product\/346827","targetHints":{"allow":["GET"]}}],"collection":[{"href":"https:\/\/www.moskito.cz\/sk\/wp-json\/wp\/v2\/product"}],"about":[{"href":"https:\/\/www.moskito.cz\/sk\/wp-json\/wp\/v2\/types\/product"}],"replies":[{"embeddable":true,"href":"https:\/\/www.moskito.cz\/sk\/wp-json\/wp\/v2\/comments?post=346827"}],"wp:featuredmedia":[{"embeddable":true,"href":"https:\/\/www.moskito.cz\/sk\/wp-json\/wp\/v2\/media\/346806"}],"wp:attachment":[{"href":"https:\/\/www.moskito.cz\/sk\/wp-json\/wp\/v2\/media?parent=346827"}],"wp:term":[{"taxonomy":"pwb-brand","embeddable":true,"href":"https:\/\/www.moskito.cz\/sk\/wp-json\/wp\/v2\/pwb-brand?post=346827"},{"taxonomy":"product_brand","embeddable":true,"href":"https:\/\/www.moskito.cz\/sk\/wp-json\/wp\/v2\/product_brand?post=346827"},{"taxonomy":"product_cat","embeddable":true,"href":"https:\/\/www.moskito.cz\/sk\/wp-json\/wp\/v2\/product_cat?post=346827"},{"taxonomy":"product_tag","embeddable":true,"href":"https:\/\/www.moskito.cz\/sk\/wp-json\/wp\/v2\/product_tag?post=346827"}],"curies":[{"name":"wp","href":"https:\/\/api.w.org\/{rel}","templated":true}]}}