{"id":346884,"date":"2024-06-21T15:07:51","date_gmt":"2024-06-21T14:08:57","guid":{"rendered":"https:\/\/www.moskito.cz\/produkt\/damastinsky-zatvaraci-noz-muela-damascus-folding-knife-pq-9dam\/"},"modified":"2025-05-07T11:18:20","modified_gmt":"2025-05-07T10:18:20","slug":"damastinsky-zatvaraci-noz-muela-damascus-folding-knife-pq-9dam","status":"publish","type":"product","link":"https:\/\/www.moskito.cz\/sk\/produkt\/damastinsky-zatvaraci-noz-muela-damascus-folding-knife-pq-9dam\/","title":{"rendered":"Damast\u00ednsky Zatv\u00e1rac\u00ed N\u00f4\u017e MUELA Damascus Folding knife PQ-9DAM"},"content":{"rendered":"<p>Damast\u00ednsky Zatv\u00e1rac\u00ed N\u00f4\u017e <strong>MUELA<\/strong> Damascus Folding knife PQ-9DAM.<\/p>\n<p>\u0160panielsky ru\u010dne vyr\u00e1ban\u00fd n\u00f4\u017e Muela PQ-9DAM m\u00e1 \u010depe\u013e z nerezovej dama\u0161kovej ocele, vykovan\u00fa pomocou dvoch typov pr\u00e1\u0161kovej metalurgickej ocele (RWL34 a PMC27) a spojen\u00fa pri 1150 \u00b0C a tlaku 1,00 atmosf\u00e9ry, v\u010faka tomuto procesu oce\u013e s dvojn\u00e1sobnou odolnos\u0165ou proti pretrhnutiu tie\u017e dvojn\u00e1sobn\u00e1 odolnos\u0165 proti \u00fanave, \u0165a\u017enos\u0165 a r\u00e1zov\u00e1 h\u00fa\u017eevnatos\u0165 okrem v\u00fdnimo\u010dnej kr\u00e1sy v ryt\u00ed;<\/p>\n<p>Vlastnosti:<br \/>\n&#8211; Rukov\u00e4\u0165 s v\u00fdstelkami z nerezovej ocele a obj\u00edmkou \u200b\u200bAlpaca s \u010dervenou \u010delenkou.<br \/>\n&#8211; Dreven\u00e9 rukov\u00e4te Granadillo.<br \/>\n&#8211; Dod\u00e1van\u00e9 v puzdre s certifik\u00e1tom Muela.<br \/>\n&#8211; D\u013a\u017eka \u010depele: 10 cm.<br \/>\n&#8211; Celkov\u00e1 d\u013a\u017eka: 21,5 cm.<br \/>\n&#8211; Hmotnos\u0165: 120 gr.<br \/>\n&#8211; Materi\u00e1l \u010depele: Nerez Damask (RWL34 a PMC27).<br \/>\n&#8211; Syst\u00e9m blokovania predliatkov.<\/p>\n<p>&nbsp;<\/p>\n","protected":false},"excerpt":{"rendered":"<p><strong>\u0160panielsky ru\u010dne vyr\u00e1ban\u00fd n\u00f4\u017e Muela PQ-9DAM m\u00e1 \u010depe\u013e z nerezovej dama\u0161kovej ocele, vyroben\u00fa pomocou dvoch typov pr\u00e1\u0161kovej metalurgickej ocele<\/strong><\/p>\n<p><strong>Doprava zadarmo.<\/strong><\/p>\n","protected":false},"featured_media":346871,"comment_status":"open","ping_status":"closed","template":"","meta":[],"pwb-brand":[3910],"product_brand":[],"product_cat":[3424,3186],"product_tag":[3668],"class_list":{"0":"post-346884","1":"product","2":"type-product","3":"status-publish","4":"has-post-thumbnail","6":"pwb-brand-muela-sk","7":"product_cat-damascenske-noze-sk","8":"product_cat-noze-sk","9":"product_tag-b2b-sk","11":"first","12":"instock","13":"taxable","14":"shipping-taxable","15":"purchasable","16":"product-type-simple"},"brands":[{"id":3910,"name":"Muela","slug":"muela-sk"}],"_links":{"self":[{"href":"https:\/\/www.moskito.cz\/sk\/wp-json\/wp\/v2\/product\/346884","targetHints":{"allow":["GET"]}}],"collection":[{"href":"https:\/\/www.moskito.cz\/sk\/wp-json\/wp\/v2\/product"}],"about":[{"href":"https:\/\/www.moskito.cz\/sk\/wp-json\/wp\/v2\/types\/product"}],"replies":[{"embeddable":true,"href":"https:\/\/www.moskito.cz\/sk\/wp-json\/wp\/v2\/comments?post=346884"}],"wp:featuredmedia":[{"embeddable":true,"href":"https:\/\/www.moskito.cz\/sk\/wp-json\/wp\/v2\/media\/346871"}],"wp:attachment":[{"href":"https:\/\/www.moskito.cz\/sk\/wp-json\/wp\/v2\/media?parent=346884"}],"wp:term":[{"taxonomy":"pwb-brand","embeddable":true,"href":"https:\/\/www.moskito.cz\/sk\/wp-json\/wp\/v2\/pwb-brand?post=346884"},{"taxonomy":"product_brand","embeddable":true,"href":"https:\/\/www.moskito.cz\/sk\/wp-json\/wp\/v2\/product_brand?post=346884"},{"taxonomy":"product_cat","embeddable":true,"href":"https:\/\/www.moskito.cz\/sk\/wp-json\/wp\/v2\/product_cat?post=346884"},{"taxonomy":"product_tag","embeddable":true,"href":"https:\/\/www.moskito.cz\/sk\/wp-json\/wp\/v2\/product_tag?post=346884"}],"curies":[{"name":"wp","href":"https:\/\/api.w.org\/{rel}","templated":true}]}}