{"id":346921,"date":"2024-06-21T15:55:34","date_gmt":"2024-06-21T14:57:29","guid":{"rendered":"https:\/\/www.moskito.cz\/produkt\/zatvaraci-noz-muela-gl-10coa\/"},"modified":"2024-06-21T15:57:29","modified_gmt":"2024-06-21T14:57:29","slug":"zatvaraci-noz-muela-gl-10coa","status":"publish","type":"product","link":"https:\/\/www.moskito.cz\/sk\/produkt\/zatvaraci-noz-muela-gl-10coa\/","title":{"rendered":"Zatv\u00e1rac\u00ed N\u00f4\u017e Muela GL-10COA"},"content":{"rendered":"<p>Zatv\u00e1rac\u00ed N\u00f4\u017e <strong>Muela<\/strong> GL-10COA.<\/p>\n<p>No\u017ee <strong>Muela<\/strong> s\u00fa produkciou \u0161panielskej firmy, ktor\u00e1 vyr\u00e1ba cenovo prijate\u013en\u00e9 a kvalitn\u00e9 loveck\u00e9 no\u017ee, zatv\u00e1racie no\u017ee, luxusn\u00e9 no\u017ee a mnoh\u00e9 \u010fal\u0161ie. Pri v\u00fdrobe \u010depel\u00ed spolo\u010dnos\u0165 Muela pou\u017e\u00edvaj\u00fa r\u00f4zne druhy ocele napr. 12C27 Sandvik, 14C28N, molybd\u00e9n-van\u00e1diovej ocele MOVA 60 s tvrdos\u0165ou 57-61 HRC, oce\u013e Inox 1-42 s tvrdos\u0165ou 54-58HRC.<br \/>\nVreckov\u00fd n\u00f4\u017e GL-10COA od \u0161panielskej firmy Muela Manufacturas. Rukov\u00e4\u0165 z dreva Cocobolo v kombin\u00e1cii so strieborn\u00fdm kovan\u00edm. Klasick\u00e1 chrbtov\u00e1 poistka s mu\u0161kou v prednej \u010dasti rukov\u00e4te.<\/p>\n<p>Farba \u010depele: strieborn\u00e1 klasick\u00e1<br \/>\nRukov\u00e4\u0165: drevo<br \/>\nKlip: nie<br \/>\nD\u013a\u017eka \u010depele: 9.5 cm<br \/>\nD\u013a\u017eka rukov\u00e4te: 12 cm<br \/>\nCelkov\u00e1 d\u013a\u017eka: 21.5 cm<br \/>\nV\u00e1ha no\u017ea: 195 g<\/p>\n<p>&nbsp;<\/p>\n","protected":false},"excerpt":{"rendered":"<p><strong>No\u017ee Muela s\u00fa produkciou \u0161panielskej firmy, ktor\u00e1 vyr\u00e1ba cenovo prijate\u013en\u00e9 a kvalitn\u00e9 loveck\u00e9 no\u017ee, zatv\u00e1racie no\u017ee, luxusn\u00e9 no\u017ee a mnoh\u00e9 \u010fal\u0161ie.<\/strong><\/p>\n","protected":false},"featured_media":346915,"comment_status":"open","ping_status":"closed","template":"","meta":[],"pwb-brand":[3910],"product_brand":[],"product_cat":[3233,3186],"product_tag":[3668],"class_list":{"0":"post-346921","1":"product","2":"type-product","3":"status-publish","4":"has-post-thumbnail","6":"pwb-brand-muela-sk","7":"product_cat-zatvaracie-noze","8":"product_cat-noze-sk","9":"product_tag-b2b-sk","11":"first","12":"instock","13":"taxable","14":"shipping-taxable","15":"purchasable","16":"product-type-simple"},"brands":[{"id":3910,"name":"Muela","slug":"muela-sk"}],"_links":{"self":[{"href":"https:\/\/www.moskito.cz\/sk\/wp-json\/wp\/v2\/product\/346921","targetHints":{"allow":["GET"]}}],"collection":[{"href":"https:\/\/www.moskito.cz\/sk\/wp-json\/wp\/v2\/product"}],"about":[{"href":"https:\/\/www.moskito.cz\/sk\/wp-json\/wp\/v2\/types\/product"}],"replies":[{"embeddable":true,"href":"https:\/\/www.moskito.cz\/sk\/wp-json\/wp\/v2\/comments?post=346921"}],"wp:featuredmedia":[{"embeddable":true,"href":"https:\/\/www.moskito.cz\/sk\/wp-json\/wp\/v2\/media\/346915"}],"wp:attachment":[{"href":"https:\/\/www.moskito.cz\/sk\/wp-json\/wp\/v2\/media?parent=346921"}],"wp:term":[{"taxonomy":"pwb-brand","embeddable":true,"href":"https:\/\/www.moskito.cz\/sk\/wp-json\/wp\/v2\/pwb-brand?post=346921"},{"taxonomy":"product_brand","embeddable":true,"href":"https:\/\/www.moskito.cz\/sk\/wp-json\/wp\/v2\/product_brand?post=346921"},{"taxonomy":"product_cat","embeddable":true,"href":"https:\/\/www.moskito.cz\/sk\/wp-json\/wp\/v2\/product_cat?post=346921"},{"taxonomy":"product_tag","embeddable":true,"href":"https:\/\/www.moskito.cz\/sk\/wp-json\/wp\/v2\/product_tag?post=346921"}],"curies":[{"name":"wp","href":"https:\/\/api.w.org\/{rel}","templated":true}]}}