{"id":346955,"date":"2024-06-21T16:10:31","date_gmt":"2024-06-21T15:11:04","guid":{"rendered":"https:\/\/www.moskito.cz\/produkt\/zatvaraci-noz-muela-gl-10gra\/"},"modified":"2025-05-07T11:18:25","modified_gmt":"2025-05-07T10:18:25","slug":"zatvaraci-noz-muela-gl-10gra","status":"publish","type":"product","link":"https:\/\/www.moskito.cz\/sk\/produkt\/zatvaraci-noz-muela-gl-10gra\/","title":{"rendered":"Zatv\u00e1rac\u00ed N\u00f4\u017e Muela GL-10GRA"},"content":{"rendered":"<p>Zatv\u00e1rac\u00ed N\u00f4\u017e <strong>Muela<\/strong> GL-10GRA.<\/p>\n<p>Vreckov\u00fd n\u00f4\u017e GL-10GRA od \u0161panielskej firmy Muela Manufacturas. Rukov\u00e4\u0165 z dreva African blackwood v kombin\u00e1cii so strieborn\u00fdm kovan\u00edm. Klasick\u00e1 chrbtov\u00e1 poistka s mu\u0161kou na chrbte rukov\u00e4te v prednej \u010dasti.<\/p>\n<p>Vyroben\u00e9 v: Ciudad Real (\u0160panielsko)<\/p>\n<p>&#8211; V\u00fdrobca: Muela<\/p>\n<p>&#8211; Katal\u00f3gov\u00e9 ozna\u010denie: GL-10GRA<\/p>\n<p>&#8211; Typ \u010depele: Laguiole<\/p>\n<p>&#8211; Typ poistenia: Lockback<\/p>\n<p>&#8211; D\u013a\u017eka \u010depele: 9,5 cm<\/p>\n<p>&#8211; D\u013a\u017eka rukov\u00e4te: 12 cm<\/p>\n<p>&#8211; Celkov\u00e1 d\u013a\u017eka: 21,5 cm<\/p>\n<p>&#8211; Maxim\u00e1lna \u0161\u00edrka lopaty: cms<\/p>\n<p>&#8211; Hr\u00fabka \u010depele: 3 mm<\/p>\n<p>&#8211; Materi\u00e1l \u010depele: molybd\u00e9n-van\u00e1dium nerezov\u00e1 oce\u013e<\/p>\n<p>&#8211; Tvrdos\u0165: 56\/58 HRc<\/p>\n<p>&#8211; Materi\u00e1l rukov\u00e4te: Pr\u00edrodn\u00e9 africk\u00e9 \u010dierne drevo.<\/p>\n<p>&#8211; Materi\u00e1l obj\u00edmok: Alpaka<\/p>\n<p>&#8211; Hmotnos\u0165: 215 gramov<\/p>\n<p>&#8211; Extra: Rukov\u00e4\u0165 s niklovo striebornou pod\u0161\u00edvkou.<\/p>\n<p>Kovanie pou\u017eit\u00e9 v tomto modeli je vyroben\u00e9 z 18% niklov\u00e9ho striebra.<\/p>\n<p>Tradi\u010dn\u00e1 mucha na m\u00f3le britvy.<\/p>\n","protected":false},"excerpt":{"rendered":"<p><strong>Vreckov\u00fd n\u00f4\u017e GL-10GRA od \u0161panielskej firmy Muela Manufacturas. Rukov\u00e4\u0165 z dreva African blackwood v kombin\u00e1cii so strieborn\u00fdm kovan\u00edm.<\/strong><\/p>\n","protected":false},"featured_media":346931,"comment_status":"open","ping_status":"closed","template":"","meta":[],"pwb-brand":[3910],"product_brand":[],"product_cat":[3186,3233],"product_tag":[3668],"class_list":{"0":"post-346955","1":"product","2":"type-product","3":"status-publish","4":"has-post-thumbnail","6":"pwb-brand-muela-sk","7":"product_cat-noze-sk","8":"product_cat-zatvaracie-noze","9":"product_tag-b2b-sk","11":"first","12":"instock","13":"taxable","14":"shipping-taxable","15":"purchasable","16":"product-type-simple"},"brands":[{"id":3910,"name":"Muela","slug":"muela-sk"}],"_links":{"self":[{"href":"https:\/\/www.moskito.cz\/sk\/wp-json\/wp\/v2\/product\/346955","targetHints":{"allow":["GET"]}}],"collection":[{"href":"https:\/\/www.moskito.cz\/sk\/wp-json\/wp\/v2\/product"}],"about":[{"href":"https:\/\/www.moskito.cz\/sk\/wp-json\/wp\/v2\/types\/product"}],"replies":[{"embeddable":true,"href":"https:\/\/www.moskito.cz\/sk\/wp-json\/wp\/v2\/comments?post=346955"}],"wp:featuredmedia":[{"embeddable":true,"href":"https:\/\/www.moskito.cz\/sk\/wp-json\/wp\/v2\/media\/346931"}],"wp:attachment":[{"href":"https:\/\/www.moskito.cz\/sk\/wp-json\/wp\/v2\/media?parent=346955"}],"wp:term":[{"taxonomy":"pwb-brand","embeddable":true,"href":"https:\/\/www.moskito.cz\/sk\/wp-json\/wp\/v2\/pwb-brand?post=346955"},{"taxonomy":"product_brand","embeddable":true,"href":"https:\/\/www.moskito.cz\/sk\/wp-json\/wp\/v2\/product_brand?post=346955"},{"taxonomy":"product_cat","embeddable":true,"href":"https:\/\/www.moskito.cz\/sk\/wp-json\/wp\/v2\/product_cat?post=346955"},{"taxonomy":"product_tag","embeddable":true,"href":"https:\/\/www.moskito.cz\/sk\/wp-json\/wp\/v2\/product_tag?post=346955"}],"curies":[{"name":"wp","href":"https:\/\/api.w.org\/{rel}","templated":true}]}}