{"id":346968,"date":"2023-09-28T12:28:40","date_gmt":"2024-06-24T09:43:42","guid":{"rendered":"https:\/\/www.moskito.cz\/produkt\/zatvaraci-noz-crkt-bamboozled-assisted-5720\/"},"modified":"2025-05-07T11:18:26","modified_gmt":"2025-05-07T10:18:26","slug":"zatvaraci-noz-crkt-bamboozled-assisted-5720","status":"publish","type":"product","link":"https:\/\/www.moskito.cz\/sk\/produkt\/zatvaraci-noz-crkt-bamboozled-assisted-5720\/","title":{"rendered":"Zatv\u00e1rac\u00ed N\u00f4\u017e CRKT Bamboozled Assisted 5720"},"content":{"rendered":"<p>Zatv\u00e1rac\u00ed N\u00f4\u017e <strong>CRKT<\/strong> Bamboozled Assisted 5720<\/p>\n<p>In\u0161pirovan\u00fd design od syna legendy.<\/p>\n<p>Ken Onion Jr. pre svoj prv\u00fd n\u00f4\u017e CRKT\u00ae navrhol rafinovan\u00fa zlo\u017eku, ktor\u00e1 stiera hranice medzi klasikou a modernou. Bamboozled\u2122 na ka\u017edodenn\u00e9 nosenie s majest\u00e1tnym vzh\u013eadom s\u00fa skvel\u00fdmi hodinkami sveta no\u017eov s decentnou eleganciou, ktor\u00e1 zap\u00f4sob\u00ed na t\u00fdch, ktor\u00ed vedia, kde h\u013eada\u0165.<\/p>\n<p>Asistovan\u00e9 otv\u00e1ranie: Flipper r\u00fdchlo rozvinie \u010depe\u013e<br \/>\nVynikaj\u00faci v\u00fdkon: Oce\u013e \u010depele D2 pre vynikaj\u00face dr\u017eanie ostria<br \/>\nHladk\u00e9 otv\u00e1ranie: \u010cap guli\u010dkov\u00e9ho lo\u017eiska IKBS\u2122 plynulo rozmiestni \u010depe\u013e<br \/>\nKlasick\u00fd vzh\u013ead: Podhlavn\u00edk z nerezovej ocele s rukov\u00e4\u0165ou G10<br \/>\nJednoduch\u00e9 zatv\u00e1ranie: Z\u00e1mok vlo\u017eky je mo\u017en\u00e9 \u013eahko zavrie\u0165 jednou rukou<br \/>\nN\u00edzky profil: Hlbok\u00fd klip na nosenie sa zvezie n\u00edzko vo vrecku<\/p>\n<p>\u010cepe\u013e z ocele D2<br \/>\nBlade Edge Plain<br \/>\nPovrchov\u00e1 \u00faprava \u010depele sat\u00e9n<\/p>\n<p>D\u013a\u017eka \u010depele: 8.47 cm<br \/>\nHr\u00fabka \u010depele: 0.27 cm<br \/>\nCelkov\u00e1 d\u013a\u017eka: 19.84 cm<br \/>\nD\u013a\u017eka v zatvorenom stave: 19.8 cm<br \/>\nHmotnos\u0165 : 104,89 g<\/p>\n<p>Materi\u00e1l rukov\u00e4te G10 s podlo\u017ekou z nerezovej ocele<br \/>\n\u0160t\u00fdlov\u00fd zatv\u00e1rac\u00ed n\u00f4\u017e s podporou Liner Lock<\/p>\n<p>&nbsp;<\/p>\n","protected":false},"excerpt":{"rendered":"<p><strong>DesignerKenny OnionMooresville, North Carolina.<\/strong><\/p>\n<p><strong>Ako syn legend\u00e1rneho no\u017eiara nie je Kennymu Onionovi cudzie vyhrn\u00fa\u0165 si ruk\u00e1vy a u\u0161pini\u0165 si ruky v obchode. Vyrastal na Havaji a str\u00e1vil nespo\u010detn\u00e9 mno\u017estvo hod\u00edn so svojim sl\u00e1vnym otcom Kenom Onionom stavbou prepracovan\u00fdch projektov, ako s\u00fa plynov\u00e9 sk\u00fatre a odpa\u013eova\u010de zemiakov. Pr\u00e1ve tento zmysel pre zvedavos\u0165 a l\u00e1sku k designu priviedol Kennyho k tomu, aby sa vydal na dr\u00e1hu v\u00fdrobcu a strojn\u00edka. V\u00e4\u010d\u0161iu \u010das\u0165 dek\u00e1dy str\u00e1vil zvl\u00e1dnut\u00edm CAD a spolupr\u00e1cou so svojim otcom a kolegom no\u017eiarom Jeffom Parkom na v\u00fdrobe grafiky na ich no\u017ei pomocou laserov z optick\u00fdch vl\u00e1kien. Kennyho prv\u00fd produk\u010dn\u00fd n\u00f4\u017e, Bamboozled\u2122, je d\u00f4kazom jeho vycibrenej estetiky a jemn\u00fdch vplyvov jeho otca &#8211; a pritom stoj\u00ed s\u00e1m o sebe ako legenda vo v\u00fdrobe.<\/strong><\/p>\n<p>&nbsp;<\/p>\n","protected":false},"featured_media":257061,"comment_status":"open","ping_status":"closed","template":"","meta":[],"pwb-brand":[3249],"product_brand":[],"product_cat":[3233,3186],"product_tag":[3668],"class_list":{"0":"post-346968","1":"product","2":"type-product","3":"status-publish","4":"has-post-thumbnail","6":"pwb-brand-zatvaraci-noz-crkt-delilahs-p-e-c-k-5520","7":"product_cat-zatvaracie-noze","8":"product_cat-noze-sk","9":"product_tag-b2b-sk","11":"first","12":"outofstock","13":"sale","14":"taxable","15":"shipping-taxable","16":"purchasable","17":"product-type-simple"},"brands":[{"id":3249,"name":"Zatv\u00e1rac\u00ed N\u00f4\u017e CRKT DELILAH'S P.E.C.K. 5520","slug":"zatvaraci-noz-crkt-delilahs-p-e-c-k-5520"}],"_links":{"self":[{"href":"https:\/\/www.moskito.cz\/sk\/wp-json\/wp\/v2\/product\/346968","targetHints":{"allow":["GET"]}}],"collection":[{"href":"https:\/\/www.moskito.cz\/sk\/wp-json\/wp\/v2\/product"}],"about":[{"href":"https:\/\/www.moskito.cz\/sk\/wp-json\/wp\/v2\/types\/product"}],"replies":[{"embeddable":true,"href":"https:\/\/www.moskito.cz\/sk\/wp-json\/wp\/v2\/comments?post=346968"}],"wp:featuredmedia":[{"embeddable":true,"href":"https:\/\/www.moskito.cz\/sk\/wp-json\/wp\/v2\/media\/257061"}],"wp:attachment":[{"href":"https:\/\/www.moskito.cz\/sk\/wp-json\/wp\/v2\/media?parent=346968"}],"wp:term":[{"taxonomy":"pwb-brand","embeddable":true,"href":"https:\/\/www.moskito.cz\/sk\/wp-json\/wp\/v2\/pwb-brand?post=346968"},{"taxonomy":"product_brand","embeddable":true,"href":"https:\/\/www.moskito.cz\/sk\/wp-json\/wp\/v2\/product_brand?post=346968"},{"taxonomy":"product_cat","embeddable":true,"href":"https:\/\/www.moskito.cz\/sk\/wp-json\/wp\/v2\/product_cat?post=346968"},{"taxonomy":"product_tag","embeddable":true,"href":"https:\/\/www.moskito.cz\/sk\/wp-json\/wp\/v2\/product_tag?post=346968"}],"curies":[{"name":"wp","href":"https:\/\/api.w.org\/{rel}","templated":true}]}}