{"id":347030,"date":"2024-06-24T12:46:04","date_gmt":"2024-06-24T11:46:37","guid":{"rendered":"https:\/\/www.moskito.cz\/produkt\/zatvaraci-noz-muela-gl-10m\/"},"modified":"2025-05-07T11:18:28","modified_gmt":"2025-05-07T10:18:28","slug":"zatvaraci-noz-muela-gl-10m","status":"publish","type":"product","link":"https:\/\/www.moskito.cz\/sk\/produkt\/zatvaraci-noz-muela-gl-10m\/","title":{"rendered":"Zatv\u00e1rac\u00ed N\u00f4\u017e Muela GL-10M"},"content":{"rendered":"<p>Zatv\u00e1rac\u00ed N\u00f4\u017e <strong>Muela<\/strong> GL-10M.<\/p>\n<p>Manufacturas Muela, v\u00fdrobca remeseln\u00fdch no\u017eov a zatv\u00e1rac\u00edch no\u017eov, predstavuje v r\u00e1mci rodiny ARTISAN KNIVES.<\/p>\n<p>Vreckov\u00fd n\u00f4\u017e s koralov\u00fdm lisovan\u00fdm drevom a mosadznou rukov\u00e4\u0165ou so z\u00e1mkom. Dostupn\u00e9 aj v zelenom lisovanom dreve, fialovom dreve a \u010diernom dreve (GL-10G, GL-10NL a GL-10M).<\/p>\n<p>\u0160pecifik\u00e1cia:<\/p>\n<p>Celkov\u00e1 d\u013a\u017eka: 215mm<br \/>\nD\u013a\u017eka \u010depele: 95mm<br \/>\nD\u013a\u017eka rukov\u00e4te: 120mm<br \/>\nMateri\u00e1l \u010depele: nerezov\u00e1 molybd\u00e9n-van\u00e1diov\u00e1 oce\u013e<br \/>\nMateri\u00e1l rukov\u00e4te:vrstven\u00e9 drevo<br \/>\nMateri\u00e1l kovania: mosadz<br \/>\nPoistka: chrbtov\u00e1 poistka<br \/>\nV\u00e1ha: 195g<\/p>\n<p>&nbsp;<\/p>\n<p>&nbsp;<\/p>\n<p>&nbsp;<\/p>\n","protected":false},"excerpt":{"rendered":"<p><strong>Manufacturas Muela, v\u00fdrobca remeseln\u00fdch no\u017eov a zatv\u00e1rac\u00edch no\u017eov, predstavuje v r\u00e1mci rodiny ARTISAN KNIVES.<\/strong><\/p>\n","protected":false},"featured_media":347023,"comment_status":"open","ping_status":"closed","template":"","meta":[],"pwb-brand":[3910],"product_brand":[],"product_cat":[3233,3186],"product_tag":[3668],"class_list":{"0":"post-347030","1":"product","2":"type-product","3":"status-publish","4":"has-post-thumbnail","6":"pwb-brand-muela-sk","7":"product_cat-zatvaracie-noze","8":"product_cat-noze-sk","9":"product_tag-b2b-sk","11":"first","12":"instock","13":"taxable","14":"shipping-taxable","15":"purchasable","16":"product-type-simple"},"brands":[{"id":3910,"name":"Muela","slug":"muela-sk"}],"_links":{"self":[{"href":"https:\/\/www.moskito.cz\/sk\/wp-json\/wp\/v2\/product\/347030","targetHints":{"allow":["GET"]}}],"collection":[{"href":"https:\/\/www.moskito.cz\/sk\/wp-json\/wp\/v2\/product"}],"about":[{"href":"https:\/\/www.moskito.cz\/sk\/wp-json\/wp\/v2\/types\/product"}],"replies":[{"embeddable":true,"href":"https:\/\/www.moskito.cz\/sk\/wp-json\/wp\/v2\/comments?post=347030"}],"wp:featuredmedia":[{"embeddable":true,"href":"https:\/\/www.moskito.cz\/sk\/wp-json\/wp\/v2\/media\/347023"}],"wp:attachment":[{"href":"https:\/\/www.moskito.cz\/sk\/wp-json\/wp\/v2\/media?parent=347030"}],"wp:term":[{"taxonomy":"pwb-brand","embeddable":true,"href":"https:\/\/www.moskito.cz\/sk\/wp-json\/wp\/v2\/pwb-brand?post=347030"},{"taxonomy":"product_brand","embeddable":true,"href":"https:\/\/www.moskito.cz\/sk\/wp-json\/wp\/v2\/product_brand?post=347030"},{"taxonomy":"product_cat","embeddable":true,"href":"https:\/\/www.moskito.cz\/sk\/wp-json\/wp\/v2\/product_cat?post=347030"},{"taxonomy":"product_tag","embeddable":true,"href":"https:\/\/www.moskito.cz\/sk\/wp-json\/wp\/v2\/product_tag?post=347030"}],"curies":[{"name":"wp","href":"https:\/\/api.w.org\/{rel}","templated":true}]}}