{"id":347239,"date":"2024-06-24T15:32:50","date_gmt":"2024-06-24T14:33:42","guid":{"rendered":"https:\/\/www.moskito.cz\/produkt\/zatvaraci-noz-muela-s-puzdrom-pq-9r\/"},"modified":"2025-05-07T11:18:34","modified_gmt":"2025-05-07T10:18:34","slug":"zatvaraci-noz-muela-s-puzdrom-pq-9r","status":"publish","type":"product","link":"https:\/\/www.moskito.cz\/sk\/produkt\/zatvaraci-noz-muela-s-puzdrom-pq-9r\/","title":{"rendered":"Zatv\u00e1rac\u00ed N\u00f4\u017e Muela s P\u00fazdrom PQ-9R"},"content":{"rendered":"<p>Zatv\u00e1rac\u00ed N\u00f4\u017e <strong>Muela<\/strong> s Puzdrom PQ-9R.<\/p>\n<p>Vreckov\u00fd n\u00f4\u017e s drevenou rukov\u00e4\u0165ou PQ-9R &#8211; Muela<\/p>\n<p>Vreckov\u00e9 no\u017ee Muela s\u00fa pova\u017eovan\u00e9 za najlep\u0161ie loveck\u00e9 a dokon\u010dovacie no\u017ee v \u0161panielskom no\u017eiarstve.<\/p>\n<p>Ide\u00e1lne pre lov, ryb\u00e1r\u010denie, pre\u017eitie, bushcraft, kempovanie, turistiku, outdoorov\u00e9 aktivity a horolezectvo.<\/p>\n<p>Niekedy obdr\u017ean\u00e9 produkty nebud\u00fa ma\u0165 rovnak\u00fd t\u00f3n alebo \u017eivos\u0165 ako na obr\u00e1zkoch, preto\u017ee pr\u00edrodn\u00e9 materi\u00e1ly, ako s\u00fa druhy dreva alebo zvieracie rohy a parohy, sa m\u00f4\u017eu l\u00ed\u0161i\u0165. Vezmite to pros\u00edm do \u00favahy.<\/p>\n<p>D\u013a\u017eka: Vreckov\u00fd n\u00f4\u017e 21 cm (\u010depe\u013e 9,5 cm; rukov\u00e4\u0165 11,5 cm)<br \/>\n\u0160\u00edrka: Vreckov\u00fd n\u00f4\u017e 2 cm<br \/>\nV\u00fd\u0161ka: Vreckov\u00fd n\u00f4\u017e 1,5 cm<br \/>\nHmotnos\u0165: Vreckov\u00fd n\u00f4\u017e 102 g; Pl\u00e1\u0161\u0165 20 g<\/p>\n<p>&nbsp;<\/p>\n","protected":false},"excerpt":{"rendered":"<p><strong>Ide\u00e1lne pre lov, ryb\u00e1r\u010denie, pre\u017eitie, bushcraft, kempovanie, turistiku, outdoorov\u00e9 aktivity a horolezectvo.<\/strong><\/p>\n","protected":false},"featured_media":347217,"comment_status":"open","ping_status":"closed","template":"","meta":[],"pwb-brand":[3910],"product_brand":[],"product_cat":[3233,3186],"product_tag":[3668],"class_list":{"0":"post-347239","1":"product","2":"type-product","3":"status-publish","4":"has-post-thumbnail","6":"pwb-brand-muela-sk","7":"product_cat-zatvaracie-noze","8":"product_cat-noze-sk","9":"product_tag-b2b-sk","11":"first","12":"instock","13":"taxable","14":"shipping-taxable","15":"purchasable","16":"product-type-simple"},"brands":[{"id":3910,"name":"Muela","slug":"muela-sk"}],"_links":{"self":[{"href":"https:\/\/www.moskito.cz\/sk\/wp-json\/wp\/v2\/product\/347239","targetHints":{"allow":["GET"]}}],"collection":[{"href":"https:\/\/www.moskito.cz\/sk\/wp-json\/wp\/v2\/product"}],"about":[{"href":"https:\/\/www.moskito.cz\/sk\/wp-json\/wp\/v2\/types\/product"}],"replies":[{"embeddable":true,"href":"https:\/\/www.moskito.cz\/sk\/wp-json\/wp\/v2\/comments?post=347239"}],"wp:featuredmedia":[{"embeddable":true,"href":"https:\/\/www.moskito.cz\/sk\/wp-json\/wp\/v2\/media\/347217"}],"wp:attachment":[{"href":"https:\/\/www.moskito.cz\/sk\/wp-json\/wp\/v2\/media?parent=347239"}],"wp:term":[{"taxonomy":"pwb-brand","embeddable":true,"href":"https:\/\/www.moskito.cz\/sk\/wp-json\/wp\/v2\/pwb-brand?post=347239"},{"taxonomy":"product_brand","embeddable":true,"href":"https:\/\/www.moskito.cz\/sk\/wp-json\/wp\/v2\/product_brand?post=347239"},{"taxonomy":"product_cat","embeddable":true,"href":"https:\/\/www.moskito.cz\/sk\/wp-json\/wp\/v2\/product_cat?post=347239"},{"taxonomy":"product_tag","embeddable":true,"href":"https:\/\/www.moskito.cz\/sk\/wp-json\/wp\/v2\/product_tag?post=347239"}],"curies":[{"name":"wp","href":"https:\/\/api.w.org\/{rel}","templated":true}]}}