{"id":347334,"date":"2024-06-24T16:04:09","date_gmt":"2024-06-24T15:04:51","guid":{"rendered":"https:\/\/www.moskito.cz\/produkt\/zatvaraci-noz-muela-s-puzdrom-bx-8lr\/"},"modified":"2025-05-07T11:18:37","modified_gmt":"2025-05-07T10:18:37","slug":"zatvaraci-noz-muela-s-puzdrom-bx-8lr","status":"publish","type":"product","link":"https:\/\/www.moskito.cz\/sk\/produkt\/zatvaraci-noz-muela-s-puzdrom-bx-8lr\/","title":{"rendered":"Zatv\u00e1rac\u00ed N\u00f4\u017e Muela s Puzdrom BX-8LR"},"content":{"rendered":"<p>Zatv\u00e1rac\u00ed N\u00f4\u017e <strong>Muela<\/strong> s Puzdrom BX-8LR.<\/p>\n<p>Vreckov\u00fd n\u00f4\u017e <strong>Muela Folding Knife Type BX-8LR<\/strong> je vynikaj\u00faci vreckov\u00fd n\u00f4\u017e, ve\u013emi praktick\u00fd na pou\u017eitie a vyroben\u00fd zo \u0161peci\u00e1lnych materi\u00e1lov, ako je lisovan\u00e9 koralov\u00e9 drevo. Vreckov\u00fd n\u00f4\u017e je extr\u00e9mne univerz\u00e1lne pr\u00edslu\u0161enstvo, m\u00e1 v\u00e4\u010d\u0161iu prenosnos\u0165 a r\u00fdchle otv\u00e1ranie \u010depel\u00ed, ide\u00e1lny pre r\u00f4zne s\u00favislosti s mnoh\u00fdmi mo\u017enos\u0165ami pou\u017eitia, vr\u00e1tane pre\u017eitia. S\u00fa skladacie, tak\u017ee preprava je jednoduch\u00e1 a bezpe\u010dn\u00e1, preto\u017ee \u010depe\u013e je chr\u00e1nen\u00e1.<\/p>\n<p>Rukov\u00e4\u0165 zatv\u00e1racieho no\u017ea Muela BX-8LR Pocket Knife je vyroben\u00e1 z lisovan\u00e9ho koralov\u00e9ho dreva, pr\u00edrodn\u00e9ho a \u017eivicov\u00e9ho materi\u00e1lu, vystaven\u00e9ho vysok\u00e9mu tlaku a teplote. V\u010faka tomu je drevo hustej\u0161ie, tvrd\u0161ie a odolnej\u0161ie.<br \/>\nvoda. Palisander je drevo pova\u017eovan\u00e9 za luxusn\u00e9 a vz\u00e1cne, ve\u013emi odoln\u00e9 a prirodzene trvanliv\u00e9.<\/p>\n<p>Jeho \u010depe\u013e je vyroben\u00e1 z X50CrMoV15 \u201eMOVA\u201c (1.4116), \u010do je klasick\u00fd materi\u00e1l no\u017eov a vreckov\u00fdch no\u017eov <strong>Muela<\/strong> , ktor\u00fd je vynikaj\u00facou kombin\u00e1ciou molybd\u00e9nu a van\u00e1du, \u010do tvor\u00ed oce\u013e s vynikaj\u00facou tvrdos\u0165ou a odolnos\u0165ou proti kor\u00f3zii.<\/p>\n<p>Muela vyr\u00e1ba exkluz\u00edvne no\u017ee, vreckov\u00e9 no\u017ee a britvy od roku 1950 v \u0160panielsku a je referenciou v pr\u00edboroch na celom svete. V\u010faka \u0161peci\u00e1lne vybran\u00fdm materi\u00e1lom, ako je martenzitick\u00e1 oce\u013e pou\u017eit\u00e1 v \u010depeliach a jelen\u00ed paroh, pou\u017e\u00edvan\u00e9 pri niektor\u00fdch modeloch, s\u00fa tvarovan\u00e9 a upravovan\u00e9 v\u010faka vynikaj\u00facej pr\u00e1ci, ktor\u00e1 kombinuje modern\u00e9 strojn\u00e9 zariadenia s remeselnou met\u00f3dou. V\u0161etky v\u00fdrobky prech\u00e1dzaj\u00fa sk\u00fasen\u00fdmi no\u017eiarmi, ktor\u00ed ka\u017ed\u00fd kus remeselne a prec\u00edzne upravia, ostrie, vyle\u0161tia a skontroluj\u00fa s n\u00e1ro\u010dnou kontrolou kvality.<\/p>\n<p>Technick\u00fd popis:<\/p>\n<p>Zna\u010dka: Muela<\/p>\n<p>Model: Vreckov\u00fd n\u00f4\u017e BX-8LR<\/p>\n<p>Materi\u00e1l rukov\u00e4te: Lisovan\u00e9 koralov\u00e9 drevo<\/p>\n<p>Materi\u00e1l \u010depele: 1.4116<\/p>\n<p>D\u013a\u017eka \u010depele: 8.5 cm<\/p>\n<p>D\u013a\u017eka rukov\u00e4te: 10 cm<\/p>\n<p>Tvrdos\u0165 ocele: 56 &#8211; 58 HRC<\/p>\n<p>Hmotnos\u0165: 90 g<\/p>\n<p>&nbsp;<\/p>\n<p>&nbsp;<\/p>\n<p>&nbsp;<\/p>\n","protected":false},"excerpt":{"rendered":"<p><strong>Vreckov\u00fd n\u00f4\u017e Muela Folding Knife Type BX-8LR je vynikaj\u00faci vreckov\u00fd n\u00f4\u017e, ve\u013emi praktick\u00fd na pou\u017eitie a vyroben\u00fd zo \u0161peci\u00e1lnych materi\u00e1lov, ako je lisovan\u00e9 koralov\u00e9 drevo. Vreckov\u00fd n\u00f4\u017e je extr\u00e9mne univerz\u00e1lne pr\u00edslu\u0161enstvo, m\u00e1 v\u00e4\u010d\u0161iu prenosnos\u0165 a r\u00fdchle otv\u00e1ranie \u010depel\u00ed, ide\u00e1lny pre r\u00f4zne s\u00favislosti s mnoh\u00fdmi mo\u017enos\u0165ami pou\u017eitia, vr\u00e1tane pre\u017eitia.<\/strong><\/p>\n","protected":false},"featured_media":347298,"comment_status":"open","ping_status":"closed","template":"","meta":[],"pwb-brand":[3910],"product_brand":[],"product_cat":[3186,3233],"product_tag":[3668],"class_list":{"0":"post-347334","1":"product","2":"type-product","3":"status-publish","4":"has-post-thumbnail","6":"pwb-brand-muela-sk","7":"product_cat-noze-sk","8":"product_cat-zatvaracie-noze","9":"product_tag-b2b-sk","11":"first","12":"outofstock","13":"taxable","14":"shipping-taxable","15":"purchasable","16":"product-type-simple"},"brands":[{"id":3910,"name":"Muela","slug":"muela-sk"}],"_links":{"self":[{"href":"https:\/\/www.moskito.cz\/sk\/wp-json\/wp\/v2\/product\/347334","targetHints":{"allow":["GET"]}}],"collection":[{"href":"https:\/\/www.moskito.cz\/sk\/wp-json\/wp\/v2\/product"}],"about":[{"href":"https:\/\/www.moskito.cz\/sk\/wp-json\/wp\/v2\/types\/product"}],"replies":[{"embeddable":true,"href":"https:\/\/www.moskito.cz\/sk\/wp-json\/wp\/v2\/comments?post=347334"}],"wp:featuredmedia":[{"embeddable":true,"href":"https:\/\/www.moskito.cz\/sk\/wp-json\/wp\/v2\/media\/347298"}],"wp:attachment":[{"href":"https:\/\/www.moskito.cz\/sk\/wp-json\/wp\/v2\/media?parent=347334"}],"wp:term":[{"taxonomy":"pwb-brand","embeddable":true,"href":"https:\/\/www.moskito.cz\/sk\/wp-json\/wp\/v2\/pwb-brand?post=347334"},{"taxonomy":"product_brand","embeddable":true,"href":"https:\/\/www.moskito.cz\/sk\/wp-json\/wp\/v2\/product_brand?post=347334"},{"taxonomy":"product_cat","embeddable":true,"href":"https:\/\/www.moskito.cz\/sk\/wp-json\/wp\/v2\/product_cat?post=347334"},{"taxonomy":"product_tag","embeddable":true,"href":"https:\/\/www.moskito.cz\/sk\/wp-json\/wp\/v2\/product_tag?post=347334"}],"curies":[{"name":"wp","href":"https:\/\/api.w.org\/{rel}","templated":true}]}}