{"id":347498,"date":"2024-06-24T18:17:04","date_gmt":"2024-06-24T17:17:51","guid":{"rendered":"https:\/\/www.moskito.cz\/produkt\/vystrelovaci-noz-microtech-combat-troodon-interceptor-gen-iii-signature-series-apocalyptic-1217-10aps\/"},"modified":"2025-05-07T11:18:41","modified_gmt":"2025-05-07T10:18:41","slug":"vystrelovaci-noz-microtech-combat-troodon-interceptor-gen-iii-signature-series-apocalyptic-1217-10aps","status":"publish","type":"product","link":"https:\/\/www.moskito.cz\/sk\/produkt\/vystrelovaci-noz-microtech-combat-troodon-interceptor-gen-iii-signature-series-apocalyptic-1217-10aps\/","title":{"rendered":"Vystre\u013eovac\u00ed N\u00f4\u017e MICROTECH COMBAT TROODON INTERCEPTOR GEN III SIGNATURE SERIES APOCALYPTIC 1217-10APS"},"content":{"rendered":"<p>Vystre\u013eovac\u00ed N\u00f4\u017e <strong>MICROTECH<\/strong> COMBAT TROODON INTERCEPTOR GEN III SIGNATURE SERIES APOCALYPTIC 1217-10APS.<\/p>\n<p>\u00daplne nov\u00fd Combat <strong>Troodon Gen III<\/strong> od Microtech Knives je tu! S novo navrhnutou rukov\u00e4\u0165ou s integrovan\u00fdm rozb\u00edja\u010dom skla a tit\u00e1novou vreckovou sponou z keramickej guli\u010dky. V\u010faka nov\u00e9mu syst\u00e9mu pohonu OTF s\u00fa tieto no\u017ee najhlad\u0161ie, ak\u00e9 kedy Microtech vyrobil. Extr\u00e9mne hladk\u00e9\/\u013eahk\u00e9 otv\u00e1ranie a zatv\u00e1ranie. Nov\u00fd sp\u00edna\u010d teraz jazd\u00ed na fr\u00e9zovanej platforme, \u010do pom\u00e1ha rozb\u00edja\u0165 \u017emolky\/\u00falomky vreciek a zni\u017euje trenie, \u010do zvy\u0161uje jeho spo\u013eahlivos\u0165 a zni\u017euje frekvenciu \u010distenia. Rukov\u00e4\u0165 m\u00e1 teraz skrutky Torx, ktor\u00e9 u\u013eah\u010duj\u00fa demont\u00e1\u017e a \u010distenie. Tieto modely s\u00fa kompletne preroben\u00e9 a ur\u010dite pote\u0161ia!<\/p>\n<p>D\u013a\u017eka \u010depele: 9.37 cm<\/p>\n<p>Oce\u013e \u010depele: M390MK<\/p>\n<p>Materi\u00e1l rukov\u00e4te: hlin\u00edk<\/p>\n<p>Celkov\u00e1 d\u013a\u017eka: 23.5 cm<\/p>\n<p>Hmotnos\u0165: 5 oz<\/p>\n<p>\u0160t\u00fdl \u010depele: Interceptor<\/p>\n<p>Br\u00fasenie \u010depele: Ploch\u00e9<\/p>\n<p>\u0160t\u00fdl okraja: \u0160tandardn\u00e9<\/p>\n<p>Povrchov\u00e1 \u00faprava \u010depele: Apokalyptick\u00e1<\/p>\n<p>Farba rukov\u00e4te: \u010cierna<\/p>\n<p><iframe title=\"Microtech Combat Troodon Torture Test\" width=\"800\" height=\"450\" src=\"https:\/\/www.youtube.com\/embed\/xE9TeOFYEjg?feature=oembed\" frameborder=\"0\" allow=\"accelerometer; autoplay; clipboard-write; encrypted-media; gyroscope; picture-in-picture; web-share\" referrerpolicy=\"strict-origin-when-cross-origin\" allowfullscreen><\/iframe><\/p>\n<p>&nbsp;<\/p>\n","protected":false},"excerpt":{"rendered":"<p><strong>V priebehu rokov Microtech\u00ae Knives naplnil v\u00e1\u0161\u0148ou a zru\u010dnos\u0165ou v\u00fdrobu no\u017eov, a\u017e z nich vytvoril takmer umeleck\u00e9 diela, ktor\u00e9 s\u00fa vrcholom funk\u010dnosti. V\u0161etky diely s\u00fa vyroben\u00e9 v USA.<\/strong><br \/>\n <strong>Na v\u0161etky no\u017ee Microtech je do\u017eivotn\u00e1 z\u00e1ruka.<\/strong><\/p>\n<p> <strong>Doprava zadarmo.<\/strong><\/p>\n","protected":false},"featured_media":347469,"comment_status":"open","ping_status":"closed","template":"","meta":[],"pwb-brand":[3200],"product_brand":[],"product_cat":[3186,3197],"product_tag":[3668],"class_list":{"0":"post-347498","1":"product","2":"type-product","3":"status-publish","4":"has-post-thumbnail","6":"pwb-brand-microtech-sk","7":"product_cat-noze-sk","8":"product_cat-vystrelovacie-noze-sk","9":"product_tag-b2b-sk","11":"first","12":"outofstock","13":"taxable","14":"shipping-taxable","15":"purchasable","16":"product-type-simple"},"brands":[{"id":3200,"name":"Microtech","slug":"microtech-sk"}],"_links":{"self":[{"href":"https:\/\/www.moskito.cz\/sk\/wp-json\/wp\/v2\/product\/347498","targetHints":{"allow":["GET"]}}],"collection":[{"href":"https:\/\/www.moskito.cz\/sk\/wp-json\/wp\/v2\/product"}],"about":[{"href":"https:\/\/www.moskito.cz\/sk\/wp-json\/wp\/v2\/types\/product"}],"replies":[{"embeddable":true,"href":"https:\/\/www.moskito.cz\/sk\/wp-json\/wp\/v2\/comments?post=347498"}],"wp:featuredmedia":[{"embeddable":true,"href":"https:\/\/www.moskito.cz\/sk\/wp-json\/wp\/v2\/media\/347469"}],"wp:attachment":[{"href":"https:\/\/www.moskito.cz\/sk\/wp-json\/wp\/v2\/media?parent=347498"}],"wp:term":[{"taxonomy":"pwb-brand","embeddable":true,"href":"https:\/\/www.moskito.cz\/sk\/wp-json\/wp\/v2\/pwb-brand?post=347498"},{"taxonomy":"product_brand","embeddable":true,"href":"https:\/\/www.moskito.cz\/sk\/wp-json\/wp\/v2\/product_brand?post=347498"},{"taxonomy":"product_cat","embeddable":true,"href":"https:\/\/www.moskito.cz\/sk\/wp-json\/wp\/v2\/product_cat?post=347498"},{"taxonomy":"product_tag","embeddable":true,"href":"https:\/\/www.moskito.cz\/sk\/wp-json\/wp\/v2\/product_tag?post=347498"}],"curies":[{"name":"wp","href":"https:\/\/api.w.org\/{rel}","templated":true}]}}