{"id":347867,"date":"2024-06-26T12:49:17","date_gmt":"2024-06-26T13:16:28","guid":{"rendered":"https:\/\/www.moskito.cz\/produkt\/pevny-noz-muela-lm-8r\/"},"modified":"2025-05-07T11:18:51","modified_gmt":"2025-05-07T10:18:51","slug":"pevny-noz-muela-lm-8r","status":"publish","type":"product","link":"https:\/\/www.moskito.cz\/sk\/produkt\/pevny-noz-muela-lm-8r\/","title":{"rendered":"Pevn\u00fd N\u00f4\u017e Muela LM-8R"},"content":{"rendered":"<p>Pevn\u00fd N\u00f4\u017e <strong>Muela<\/strong> LM-8R.<\/p>\n<p>Pevn\u00fd n\u00f4\u017e s neskorom.<\/p>\n<p>OCE\u013dOV\u00c1 \u010cAPIEL MoVa Nerezov\u00e1 oce\u013e<\/p>\n<p>MATERI\u00c1L RUKOV\u00c4TI Drevo<\/p>\n<p>D\u0139\u017dKA \u010cEPELA 8,5 cm<\/p>\n<p>CELKOV\u00c1 D\u0139\u017dKA 19cm<\/p>\n<p>HMOTNOS\u0164 89 g<\/p>\n<p>P\u00daZDRO Ko\u017ea<\/p>\n<p>ORIGIN Vyroben\u00e9 v \u0160panielsku<\/p>\n<p>&nbsp;<\/p>\n","protected":false},"excerpt":{"rendered":"<p><strong>Nov\u00fd n\u00f4\u017e Lm8r, oce\u013e Mova, rukov\u00e4\u0165 z koralov\u00e9ho dreva, v\u0161etko z jedn\u00e9ho kusu, nitovan\u00fd, n\u00f4\u017e sa dod\u00e1va s ko\u017een\u00fdm puzdrom.<\/strong><\/p>\n<p>&nbsp;<\/p>\n","protected":false},"featured_media":347847,"comment_status":"open","ping_status":"closed","template":"","meta":[],"pwb-brand":[3910],"product_brand":[],"product_cat":[3186,3187],"product_tag":[3668],"class_list":{"0":"post-347867","1":"product","2":"type-product","3":"status-publish","4":"has-post-thumbnail","6":"pwb-brand-muela-sk","7":"product_cat-noze-sk","8":"product_cat-pevne-noze-sk","9":"product_tag-b2b-sk","11":"first","12":"instock","13":"taxable","14":"shipping-taxable","15":"purchasable","16":"product-type-simple"},"brands":[{"id":3910,"name":"Muela","slug":"muela-sk"}],"_links":{"self":[{"href":"https:\/\/www.moskito.cz\/sk\/wp-json\/wp\/v2\/product\/347867","targetHints":{"allow":["GET"]}}],"collection":[{"href":"https:\/\/www.moskito.cz\/sk\/wp-json\/wp\/v2\/product"}],"about":[{"href":"https:\/\/www.moskito.cz\/sk\/wp-json\/wp\/v2\/types\/product"}],"replies":[{"embeddable":true,"href":"https:\/\/www.moskito.cz\/sk\/wp-json\/wp\/v2\/comments?post=347867"}],"wp:featuredmedia":[{"embeddable":true,"href":"https:\/\/www.moskito.cz\/sk\/wp-json\/wp\/v2\/media\/347847"}],"wp:attachment":[{"href":"https:\/\/www.moskito.cz\/sk\/wp-json\/wp\/v2\/media?parent=347867"}],"wp:term":[{"taxonomy":"pwb-brand","embeddable":true,"href":"https:\/\/www.moskito.cz\/sk\/wp-json\/wp\/v2\/pwb-brand?post=347867"},{"taxonomy":"product_brand","embeddable":true,"href":"https:\/\/www.moskito.cz\/sk\/wp-json\/wp\/v2\/product_brand?post=347867"},{"taxonomy":"product_cat","embeddable":true,"href":"https:\/\/www.moskito.cz\/sk\/wp-json\/wp\/v2\/product_cat?post=347867"},{"taxonomy":"product_tag","embeddable":true,"href":"https:\/\/www.moskito.cz\/sk\/wp-json\/wp\/v2\/product_tag?post=347867"}],"curies":[{"name":"wp","href":"https:\/\/api.w.org\/{rel}","templated":true}]}}