{"id":347908,"date":"2024-06-26T14:25:14","date_gmt":"2024-06-26T13:26:29","guid":{"rendered":"https:\/\/www.moskito.cz\/produkt\/pevny-noz-muela-terrier-9g\/"},"modified":"2025-05-07T11:18:52","modified_gmt":"2025-05-07T10:18:52","slug":"pevny-noz-muela-terrier-9g","status":"publish","type":"product","link":"https:\/\/www.moskito.cz\/sk\/produkt\/pevny-noz-muela-terrier-9g\/","title":{"rendered":"Pevn\u00fd N\u00f4\u017e Muela TERRIER-9G"},"content":{"rendered":"<p>Pevn\u00fd N\u00f4\u017e <strong>Muela<\/strong> TERRIER-9G.<\/p>\n<p>Ob\u013e\u00faben\u00fd loveck\u00fd n\u00f4\u017e od Muela je teraz k dispoz\u00edcii vo verzii so zeleno\u017eltou rukov\u00e4\u0165ou Micarta. \u010cepe\u013e snify Terrier-9G sa sklad\u00e1 z uhl\u00edkovej ocele nitro-42, ktor\u00e1 kombinuje mimoriadny stupe\u0148 tvrdosti s vysokou odolnos\u0165ou proti kor\u00f3zii. Prilo\u017een\u00e1 ko\u017een\u00e1 dobytka klasicky dop\u013a\u0148a n\u00f4\u017e.<\/p>\n<p>Celkov\u00e1 d\u013a\u017eka: 18,90 cm<br \/>\nD\u013a\u017eka \u010depele: 8,80 cm<br \/>\nHr\u00fabka \u010depele: 0.38 cm<br \/>\nHmotnos\u0165: 122,00 g<br \/>\nMateri\u00e1l \u010depele: Nitro-42<br \/>\nMateri\u00e1l rukov\u00e4te: Micarta<br \/>\nFarba: Zelen\u00e1<br \/>\nFarba \u010depele: Bez povrchovej \u00fapravy<br \/>\nMateri\u00e1l po\u0161vy: ko\u017ea<\/p>\n<p>&nbsp;<\/p>\n","protected":false},"excerpt":{"rendered":"<p><strong>Muela TERRIER-9G m\u00e1 odoln\u00fa kon\u0161trukciu vhodn\u00fa na plnenie n\u00e1ro\u010dn\u00fdch \u00faloh v ter\u00e9ne. Je perfektn\u00fd pre drobn\u00fa pr\u00e1cu pri love a v\u0161eobecne pri outdoorov\u00fdch aktivit\u00e1ch.<\/strong><\/p>\n","protected":false},"featured_media":347887,"comment_status":"open","ping_status":"closed","template":"","meta":[],"pwb-brand":[3910],"product_brand":[],"product_cat":[3186,3187],"product_tag":[3668],"class_list":{"0":"post-347908","1":"product","2":"type-product","3":"status-publish","4":"has-post-thumbnail","6":"pwb-brand-muela-sk","7":"product_cat-noze-sk","8":"product_cat-pevne-noze-sk","9":"product_tag-b2b-sk","11":"first","12":"instock","13":"taxable","14":"shipping-taxable","15":"purchasable","16":"product-type-simple"},"brands":[{"id":3910,"name":"Muela","slug":"muela-sk"}],"_links":{"self":[{"href":"https:\/\/www.moskito.cz\/sk\/wp-json\/wp\/v2\/product\/347908","targetHints":{"allow":["GET"]}}],"collection":[{"href":"https:\/\/www.moskito.cz\/sk\/wp-json\/wp\/v2\/product"}],"about":[{"href":"https:\/\/www.moskito.cz\/sk\/wp-json\/wp\/v2\/types\/product"}],"replies":[{"embeddable":true,"href":"https:\/\/www.moskito.cz\/sk\/wp-json\/wp\/v2\/comments?post=347908"}],"wp:featuredmedia":[{"embeddable":true,"href":"https:\/\/www.moskito.cz\/sk\/wp-json\/wp\/v2\/media\/347887"}],"wp:attachment":[{"href":"https:\/\/www.moskito.cz\/sk\/wp-json\/wp\/v2\/media?parent=347908"}],"wp:term":[{"taxonomy":"pwb-brand","embeddable":true,"href":"https:\/\/www.moskito.cz\/sk\/wp-json\/wp\/v2\/pwb-brand?post=347908"},{"taxonomy":"product_brand","embeddable":true,"href":"https:\/\/www.moskito.cz\/sk\/wp-json\/wp\/v2\/product_brand?post=347908"},{"taxonomy":"product_cat","embeddable":true,"href":"https:\/\/www.moskito.cz\/sk\/wp-json\/wp\/v2\/product_cat?post=347908"},{"taxonomy":"product_tag","embeddable":true,"href":"https:\/\/www.moskito.cz\/sk\/wp-json\/wp\/v2\/product_tag?post=347908"}],"curies":[{"name":"wp","href":"https:\/\/api.w.org\/{rel}","templated":true}]}}