{"id":347946,"date":"2023-07-14T11:04:01","date_gmt":"2023-07-14T10:04:01","guid":{"rendered":"https:\/\/www.moskito.cz\/produkt\/pevny-noz-muela-gavilan-c\/"},"modified":"2026-03-02T13:59:38","modified_gmt":"2026-03-02T12:59:38","slug":"pevny-noz-muela-gavilan-c","status":"publish","type":"product","link":"https:\/\/www.moskito.cz\/sk\/produkt\/pevny-noz-muela-gavilan-c\/","title":{"rendered":"Pevn\u00fd N\u00f4\u017e Muela Gavilan-C"},"content":{"rendered":"<p>Pevn\u00fd N\u00f4\u017e <strong>Muela<\/strong> Gavilan-C<\/p>\n<p>GAVILAN C, spojenie vynikaj\u00faceho dizajnu a modernej metalurgie. V\u0161estrann\u00fd, perfektne vyv\u00e1\u017een\u00fd full-tang n\u00f4\u017e s mas\u00edvnou kryogenicky upravenou \u010depe\u013eou pre ohromn\u00fd rezn\u00fd v\u00fdkon. Zameran\u00e9 na milovn\u00edkov bushcraftu, survivalu a lovu. N\u00f4\u017e, ktor\u00fd v\u00e1m bude sl\u00fa\u017ei\u0165 roky!<\/p>\n<p>1.4116 (X50CrMoV15) &#8211; molybd\u00e9n-van\u00e1diov\u00e1 vysoko uhl\u00edkov\u00e1 martenzitick\u00e1 nerezov\u00e1 oce\u013e, vysoko odoln\u00e1 vo\u010di kor\u00f3zii a opotrebovaniu. Pou\u017e\u00edva sa na v\u00fdrobu no\u017eov, kvalitn\u00fdch pr\u00edborov a chirurgick\u00fdch n\u00e1strojov. Vyzna\u010duje sa pomerne vysokou tvrdos\u0165ou ako pri nerezov\u00fdch oceliach 57-58 HRC. Chemick\u00e9 zlo\u017eenie ocele bolo obohaten\u00e9 o pr\u00edmes 15,0 % chr\u00f3mu, 0,80 % molybd\u00e9nu, 0,20 % van\u00e1du.<\/p>\n<p>Oce\u013e bola podroben\u00e1 kryog\u00e9nnej \u00faprave (tepeln\u00e9 spracovanie pri z\u00e1porn\u00fdch teplot\u00e1ch), tzv CRYO-T, tie\u017e zn\u00e1my ako zmrazenie. V\u010faka CRYO-T z\u00edskavame homog\u00e9nnu vn\u00fatorn\u00fa oce\u013eov\u00fa \u0161trukt\u00faru, ktor\u00e1 sa premieta do v\u00fdrazn\u00e9ho zv\u00fd\u0161enia pevnosti \u010depele, zv\u00fd\u0161enia odolnosti proti n\u00e1razu, nap\u00e4tiu a kr\u00fateniu.<\/p>\n<p>\u010cepe\u013e &#8211; tvar Drop Point, hr\u00fabka 4,5 mm, ide\u00e1lna pre v\u0161etky druhy opracovania dreva. Sat\u00e9nov\u00e1 hladk\u00e1 \u010depe\u013e Plain je vyroben\u00e1 ploch\u00fdm brusom (Flat Grind), ktor\u00fd zni\u017euje hmotnos\u0165 a vyzna\u010duje sa dobr\u00fdmi mechanick\u00fdmi vlastnos\u0165ami vr\u00e1tane dlhotrvaj\u00facej ostrosti. Zv\u00e4\u010d\u0161en\u00fd v\u00fdstupok funguje ako z\u00e1\u0161tita chr\u00e1niaca ruku pred sk\u013aznut\u00edm po \u010depeli.<\/p>\n<p>Rukov\u00e4\u0165 &#8211; v hnedej farbe. Vyroben\u00e9 z micarta pl\u00e1tna, kompozitn\u00e9ho materi\u00e1lu z bavlny alebo \u013eanu lisovan\u00e9ho pod tlakom syntetickou \u017eivicou. Skosen\u00e9 hrany krytov eliminuj\u00fa ostr\u00e9 hrany pre pohodln\u00fd \u00fachop. V zadnej \u010dasti rukov\u00e4te je otvor pre \u0161n\u00farku, zv\u00e4\u010d\u0161en\u00fd otvor s prepletenou paracord \u0161n\u00farou.<\/p>\n<p>Po\u0161va &#8211; pred\u013a\u017een\u00e1, chr\u00e1niaca \u010depe\u013e spolu s \u010das\u0165ou rukov\u00e4te. Ru\u010dne \u0161it\u00e9, vyroben\u00e9 z najkvalitnej\u0161ej hnedej hov\u00e4dzej ko\u017ee s vyrazen\u00fdm logom v\u00fdrobcu. Okraje puzdra s\u00fa ob\u0161it\u00e9 ozdobnou ni\u0165ou. Zap\u00ednanie na patentku typu Prym. Uchytenie na opasok alebo zariadenie umo\u017e\u0148uje nosenie no\u017ea vo zvislej polohe.<\/p>\n<p>Technick\u00e9 \u00fadaje:<br \/>\n\u010c\u00edslo v\u00fdrobku: GAVILAN-C<\/p>\n<p>Celkov\u00e1 d\u013a\u017eka: 25,5 cm<br \/>\nD\u013a\u017eka \u010depele: 12,5 cm<br \/>\nD\u013a\u017eka rukov\u00e4te: 13 cm<br \/>\nHr\u00fabka \u010depele: 0,45 cm<br \/>\nHmotnos\u0165: 320,0 g \/ 11,26 oz<\/p>\n<p>Materi\u00e1l \u010depele: 1.4116 (X50CrMoV15)<br \/>\nTvrdos\u0165 \u010depele: 57-58 HRC<br \/>\nBr\u00fasenie \u010depele: Ploch\u00e9<br \/>\nPovrchov\u00e1 \u00faprava \u010depele: Satin<\/p>\n<p>Materi\u00e1l rukov\u00e4te: pl\u00e1tno Micarta<br \/>\nFarba rukov\u00e4te: hned\u00e1<\/p>\n<p>Po\u0161va: Ko\u017ea<\/p>\n<p>N\u00e1vrh\u00e1r: Muela<br \/>\nZna\u010dka: Muela:<br \/>\n V\u00fdrobca: Manufacturas Muela, S.A.<br \/>\nKrajina p\u00f4vodu: \u0160panielsko<\/p>\n<p>&nbsp;<\/p>\n","protected":false},"excerpt":{"rendered":"<p><strong>GAVILAN C, spojenie vynikaj\u00faceho dizajnu a modernej metalurgie. V\u0161estrann\u00fd, perfektne vyv\u00e1\u017een\u00fd full-tang n\u00f4\u017e s mas\u00edvnou kryogenicky upravenou \u010depe\u013eou pre ohromn\u00fd rezn\u00fd v\u00fdkon.<\/strong><\/p>\n","protected":false},"featured_media":253995,"comment_status":"open","ping_status":"closed","template":"","meta":[],"pwb-brand":[3910],"product_brand":[],"product_cat":[3187,3186],"product_tag":[3668],"class_list":{"0":"post-347946","1":"product","2":"type-product","3":"status-publish","4":"has-post-thumbnail","6":"pwb-brand-muela-sk","7":"product_cat-pevne-noze-sk","8":"product_cat-noze-sk","9":"product_tag-b2b-sk","11":"first","12":"outofstock","13":"taxable","14":"shipping-taxable","15":"purchasable","16":"product-type-simple"},"brands":[{"id":3910,"name":"Muela","slug":"muela-sk"}],"_links":{"self":[{"href":"https:\/\/www.moskito.cz\/sk\/wp-json\/wp\/v2\/product\/347946","targetHints":{"allow":["GET"]}}],"collection":[{"href":"https:\/\/www.moskito.cz\/sk\/wp-json\/wp\/v2\/product"}],"about":[{"href":"https:\/\/www.moskito.cz\/sk\/wp-json\/wp\/v2\/types\/product"}],"replies":[{"embeddable":true,"href":"https:\/\/www.moskito.cz\/sk\/wp-json\/wp\/v2\/comments?post=347946"}],"wp:featuredmedia":[{"embeddable":true,"href":"https:\/\/www.moskito.cz\/sk\/wp-json\/wp\/v2\/media\/253995"}],"wp:attachment":[{"href":"https:\/\/www.moskito.cz\/sk\/wp-json\/wp\/v2\/media?parent=347946"}],"wp:term":[{"taxonomy":"pwb-brand","embeddable":true,"href":"https:\/\/www.moskito.cz\/sk\/wp-json\/wp\/v2\/pwb-brand?post=347946"},{"taxonomy":"product_brand","embeddable":true,"href":"https:\/\/www.moskito.cz\/sk\/wp-json\/wp\/v2\/product_brand?post=347946"},{"taxonomy":"product_cat","embeddable":true,"href":"https:\/\/www.moskito.cz\/sk\/wp-json\/wp\/v2\/product_cat?post=347946"},{"taxonomy":"product_tag","embeddable":true,"href":"https:\/\/www.moskito.cz\/sk\/wp-json\/wp\/v2\/product_tag?post=347946"}],"curies":[{"name":"wp","href":"https:\/\/api.w.org\/{rel}","templated":true}]}}