{"id":347991,"date":"2024-06-26T15:00:30","date_gmt":"2024-06-26T14:00:30","guid":{"rendered":"https:\/\/www.moskito.cz\/produkt\/pevny-noz-muela-gavilan\/"},"modified":"2025-05-07T11:18:55","modified_gmt":"2025-05-07T10:18:55","slug":"pevny-noz-muela-gavilan","status":"publish","type":"product","link":"https:\/\/www.moskito.cz\/sk\/produkt\/pevny-noz-muela-gavilan\/","title":{"rendered":"Pevn\u00fd N\u00f4\u017e Muela Gavilan"},"content":{"rendered":"<p>Pevn\u00fd N\u00f4\u017e <strong>Muela<\/strong> Gavilan.<\/p>\n<p><strong>Gvil\u00e1n Muela<\/strong> je \u0161pi\u010dkov\u00fd n\u00f4\u017e s \u010depe\u013eou z ocele MoVa a rukov\u00e4\u0165ou v \u0161tylizovanom bukovom dreve a mosadze. Tento vysoko kvalitn\u00fd v\u00fdrobok m\u00e1 spracovan\u00fd a exkluz\u00edvny povrch. Navy\u0161e je vybaven\u00fd ko\u017een\u00fdm puzdrom.<\/p>\n<p>Prest\u00ed\u017ena zna\u010dka no\u017eov Muela \u0161panielskeho p\u00f4vodu vynik\u00e1 extr\u00e9mnou kvalitou. \u0160panielske no\u017ee maj\u00fa odstr\u00e1nen\u00fa virolu a \u010depe\u013e aj rukov\u00e4\u0165 s\u00fa celistv\u00e9, tak\u017ee ove\u013ea lep\u0161ie odol\u00e1va n\u00e1razom. M\u00e1 ve\u013emi zauj\u00edmav\u00e9 rozmery, ide teda o produkt s bezkonkuren\u010dn\u00fdm pomerom cena\/v\u00fdkon.<\/p>\n<p>Ve\u013ek\u00fd outdoorov\u00fd n\u00f4\u017e s nerezovou molybd\u00e9n-van\u00e1diovou \u010depe\u013eou. Dodato\u010dn\u00e1 transform\u00e1cia mikro\u0161trukt\u00fary z martinsitu na austenit rob\u00ed oce\u013e vy\u0161\u0161ej kvality. Transform\u00e1cia d\u00e1va mikro\u0161trukt\u00fare homog\u00e9nnej\u0161iu \u0161trukt\u00faru, v\u010faka \u010domu je odolnej\u0161ia vo\u010di lomu a kor\u00f3zii a celkovo je stabilnej\u0161ia. Muela t\u00fato met\u00f3du naz\u00fdva CRYO-T. Rukov\u00e4\u0165 je vyroben\u00e1 z bukov\u00e9ho dreva s vypa\u013eovanou dekorat\u00edvnou rytinou a mosadzn\u00fdmi podhlavn\u00edkmi. S vysoko kvalitn\u00fdm ko\u017een\u00fdm puzdrom.<\/p>\n<p>Materi\u00e1l \u010depele: X50CrMoV15 (nerez molybd\u00e9n-van\u00e1diov\u00e1 oce\u013e)<br \/>\nMateri\u00e1l rukov\u00e4te: bukov\u00e9 drevo<br \/>\nPo\u0161va: Ko\u017ea<br \/>\nD\u013a\u017eka \u010depele: 12.5 cm<br \/>\nCelkov\u00e1 d\u013a\u017eka: 25.5 cm<br \/>\nHmotnos\u0165: 315 g<\/p>\n<p>&nbsp;<\/p>\n<p>&nbsp;<\/p>\n","protected":false},"excerpt":{"rendered":"<p><strong>Gvil\u00e1n Muela je \u0161pi\u010dkov\u00fd n\u00f4\u017e s \u010depe\u013eou z ocele MoVa a rukov\u00e4\u0165ou v \u0161tylizovanom bukovom dreve a mosadze. Tento vysoko kvalitn\u00fd v\u00fdrobok m\u00e1 spracovan\u00fd a exkluz\u00edvny povrch. Navy\u0161e je vybaven\u00fd ko\u017een\u00fdm puzdrom.<\/strong><\/p>\n","protected":false},"featured_media":347970,"comment_status":"open","ping_status":"closed","template":"","meta":[],"pwb-brand":[3910],"product_brand":[],"product_cat":[3187,3186],"product_tag":[],"class_list":{"0":"post-347991","1":"product","2":"type-product","3":"status-publish","4":"has-post-thumbnail","6":"pwb-brand-muela-sk","7":"product_cat-pevne-noze-sk","8":"product_cat-noze-sk","10":"first","11":"outofstock","12":"taxable","13":"shipping-taxable","14":"purchasable","15":"product-type-simple"},"brands":[{"id":3910,"name":"Muela","slug":"muela-sk"}],"_links":{"self":[{"href":"https:\/\/www.moskito.cz\/sk\/wp-json\/wp\/v2\/product\/347991","targetHints":{"allow":["GET"]}}],"collection":[{"href":"https:\/\/www.moskito.cz\/sk\/wp-json\/wp\/v2\/product"}],"about":[{"href":"https:\/\/www.moskito.cz\/sk\/wp-json\/wp\/v2\/types\/product"}],"replies":[{"embeddable":true,"href":"https:\/\/www.moskito.cz\/sk\/wp-json\/wp\/v2\/comments?post=347991"}],"wp:featuredmedia":[{"embeddable":true,"href":"https:\/\/www.moskito.cz\/sk\/wp-json\/wp\/v2\/media\/347970"}],"wp:attachment":[{"href":"https:\/\/www.moskito.cz\/sk\/wp-json\/wp\/v2\/media?parent=347991"}],"wp:term":[{"taxonomy":"pwb-brand","embeddable":true,"href":"https:\/\/www.moskito.cz\/sk\/wp-json\/wp\/v2\/pwb-brand?post=347991"},{"taxonomy":"product_brand","embeddable":true,"href":"https:\/\/www.moskito.cz\/sk\/wp-json\/wp\/v2\/product_brand?post=347991"},{"taxonomy":"product_cat","embeddable":true,"href":"https:\/\/www.moskito.cz\/sk\/wp-json\/wp\/v2\/product_cat?post=347991"},{"taxonomy":"product_tag","embeddable":true,"href":"https:\/\/www.moskito.cz\/sk\/wp-json\/wp\/v2\/product_tag?post=347991"}],"curies":[{"name":"wp","href":"https:\/\/api.w.org\/{rel}","templated":true}]}}