{"id":348041,"date":"2024-06-26T15:44:03","date_gmt":"2024-06-26T14:45:12","guid":{"rendered":"https:\/\/www.moskito.cz\/produkt\/pevny-noz-muela-bwe-8m\/"},"modified":"2025-05-07T11:18:58","modified_gmt":"2025-05-07T10:18:58","slug":"pevny-noz-muela-bwe-8m","status":"publish","type":"product","link":"https:\/\/www.moskito.cz\/sk\/produkt\/pevny-noz-muela-bwe-8m\/","title":{"rendered":"Pevn\u00fd N\u00f4\u017e MUELA BWE-8M"},"content":{"rendered":"<p>Pevn\u00fd N\u00f4\u017e <strong>MUELA<\/strong> BWE-8M.<\/p>\n<p>Muela BWE-8M je outdoorov\u00fd n\u00f4\u017e s puzdrom.<\/p>\n<p>\u010cepe\u013e s fulltang kon\u0161trukciou je vyroben\u00e1 z nerezovej ocele X50CrMoV15, ktor\u00e1 dokazuje svoj v\u0161estrann\u00fd charakter v ka\u017edodennom \u017eivote a pr\u00edrode. Rukov\u00e4\u0165 je vyroben\u00e1 z text\u00farovanej odolnej mikarty, ktor\u00e1 je podlo\u017een\u00e1 tenkou \u010dervenou vrstvou.<\/p>\n<p>K no\u017eu sa dod\u00e1va kvalitn\u00e9 ko\u017een\u00e9 puzdro s \u010derven\u00fdm pre\u0161\u00edvan\u00edm.<\/p>\n<p>Materi\u00e1l \u010depele: X50CrMoV15<br \/>\nMateri\u00e1l rukov\u00e4te: Micarta<br \/>\nMateri\u00e1l puzdra: Ko\u017een\u00e9<br \/>\nD\u013a\u017eka \u010depele: 8 cm<br \/>\nCelkov\u00e1 d\u013a\u017eka: 16.2 cm<br \/>\nHr\u00fabka \u010depele: 0.3 cm<br \/>\nHmotnos\u0165: 75 g<br \/>\nTyp \u010depele: Bowie<br \/>\nVyu\u017eitie: Loveck\u00fd, Kempinkov\u00e9, Bushcraft<\/p>\n","protected":false},"excerpt":{"rendered":"<p><strong>Muela BWE-8M je outdoorov\u00fd n\u00f4\u017e s ko\u017een\u00fdm puzdrom.<\/strong><\/p>\n","protected":false},"featured_media":348027,"comment_status":"open","ping_status":"closed","template":"","meta":[],"pwb-brand":[3910],"product_brand":[],"product_cat":[3187,3186],"product_tag":[],"class_list":{"0":"post-348041","1":"product","2":"type-product","3":"status-publish","4":"has-post-thumbnail","6":"pwb-brand-muela-sk","7":"product_cat-pevne-noze-sk","8":"product_cat-noze-sk","10":"first","11":"instock","12":"taxable","13":"shipping-taxable","14":"purchasable","15":"product-type-simple"},"brands":[{"id":3910,"name":"Muela","slug":"muela-sk"}],"_links":{"self":[{"href":"https:\/\/www.moskito.cz\/sk\/wp-json\/wp\/v2\/product\/348041","targetHints":{"allow":["GET"]}}],"collection":[{"href":"https:\/\/www.moskito.cz\/sk\/wp-json\/wp\/v2\/product"}],"about":[{"href":"https:\/\/www.moskito.cz\/sk\/wp-json\/wp\/v2\/types\/product"}],"replies":[{"embeddable":true,"href":"https:\/\/www.moskito.cz\/sk\/wp-json\/wp\/v2\/comments?post=348041"}],"wp:featuredmedia":[{"embeddable":true,"href":"https:\/\/www.moskito.cz\/sk\/wp-json\/wp\/v2\/media\/348027"}],"wp:attachment":[{"href":"https:\/\/www.moskito.cz\/sk\/wp-json\/wp\/v2\/media?parent=348041"}],"wp:term":[{"taxonomy":"pwb-brand","embeddable":true,"href":"https:\/\/www.moskito.cz\/sk\/wp-json\/wp\/v2\/pwb-brand?post=348041"},{"taxonomy":"product_brand","embeddable":true,"href":"https:\/\/www.moskito.cz\/sk\/wp-json\/wp\/v2\/product_brand?post=348041"},{"taxonomy":"product_cat","embeddable":true,"href":"https:\/\/www.moskito.cz\/sk\/wp-json\/wp\/v2\/product_cat?post=348041"},{"taxonomy":"product_tag","embeddable":true,"href":"https:\/\/www.moskito.cz\/sk\/wp-json\/wp\/v2\/product_tag?post=348041"}],"curies":[{"name":"wp","href":"https:\/\/api.w.org\/{rel}","templated":true}]}}