{"id":348097,"date":"2024-06-26T15:59:35","date_gmt":"2024-06-26T14:59:35","guid":{"rendered":"https:\/\/www.moskito.cz\/produkt\/pevny-noz-muela-mouse-7m\/"},"modified":"2025-09-26T07:50:04","modified_gmt":"2025-09-26T06:50:04","slug":"pevny-noz-muela-mouse-7m","status":"publish","type":"product","link":"https:\/\/www.moskito.cz\/sk\/produkt\/pevny-noz-muela-mouse-7m\/","title":{"rendered":"Pevn\u00fd N\u00f4\u017e Muela Mouse-7M"},"content":{"rendered":"<p>Pevn\u00fd N\u00f4\u017e <strong>Muela<\/strong> Mouse-7M.<\/p>\n<p><strong>Muela Mouse-7M<\/strong> Brown Jute Micarta, Satin, jednoduch\u00fd, kompaktn\u00fd n\u00f4\u017e typu \u201eskinner\u201c s dizajnom plnej t\u00e1ng. Sat\u00e9nov\u00e1 \u010depe\u013e z nerezovej ocele 14C28N. Pohodln\u00e1 rukov\u00e4\u0165 z micarty. Vynikaj\u00faci pomocn\u00edk pri love, outdoorov\u00fdch aktivit\u00e1ch alebo pre\u017eit\u00ed.<\/p>\n<p>14C28N &#8211; martenzitick\u00e1 chr\u00f3mov\u00e1 oce\u013e je najnov\u0161\u00edm po\u010dinom v rade nerezov\u00fdch ocel\u00ed vyr\u00e1ban\u00fdch \u0161v\u00e9dskou oce\u013eou Sandvik. Optimalizovan\u00e9 chemick\u00e9 zlo\u017eenie s jedine\u010dnou kombin\u00e1ciou zais\u0165uje najvy\u0161\u0161iu kvalitu, vynikaj\u00faci v\u00fdkon ostria, vysok\u00fa tvrdos\u0165 a odolnos\u0165 proti kor\u00f3zii. Zn\u00ed\u017een\u00edm obsahu uhl\u00edka o 0,62 % (C) a zv\u00fd\u0161en\u00edm obsahu chr\u00f3mu o 14,0 % (Cr), ako aj pridan\u00edm dus\u00edka o 0,11 % (N) sa v\u00fdrazne zv\u00fd\u0161ila odolnos\u0165 proti kor\u00f3zii. Pova\u017eovan\u00e9 za vylep\u0161en\u00fa verziu ocele 13C26. Bezkonkuren\u010dn\u00e1 v kateg\u00f3rii cena\/kvalita!<\/p>\n<p>Main &#8211; Typ Trailing Point s jasne vyzna\u010den\u00fdm bruchom \u010depele. Oby\u010dajn\u00fd bol vyzdvihnut\u00fd tuhival \u0161ed\u00fa (Hollow Grind), ktor\u00e1 poskytuje vynikaj\u00face rezn\u00e9 vlastnosti v kombin\u00e1cii s vynikaj\u00facou trvanlivos\u0165ou.<\/p>\n<p>Manipul\u00e1cia &#8211; profilovan\u00e1, pokryt\u00e1 le\u0161ten\u00fdm nepremokav\u00fdm obkladom z jutovej micarty. S istotou je to pohodln\u00e9 a bezpe\u010dn\u00e9 uchopenie. Dizajnov\u00e9 skrutky na upevnenie krytov rukov\u00e4t\u00ed. V zadnej \u010dasti rukov\u00e4te je otvor pre bezpe\u010dnostn\u00e9 lanko (s\u00fa\u010das\u0165ou balenia).<\/p>\n<p>Burina &#8211; vyroben\u00e1 z dobre sp\u00ed pr\u00edrodnej hov\u00e4dzej ko\u017ee v \u010diernej farbe. Na povrchu vyrazen\u00e9 logo v\u00fdrobcu. Na brehoch bol dodatok \u0161it\u00fd ozdobnou ni\u0165ou. Mont\u00e1\u017e na opasok alebo zariadenie umo\u017e\u0148uje nosi\u0165 n\u00f4\u017e vo vzpriamenej polohe.<\/p>\n<p>Technick\u00e9 d\u00e1ta:<br \/>\n \u010c\u00edslo produktu: My\u0161-7M<br \/>\n N\u00e1zov produktu: Muela Mouse-7M Brown Jute Micarta, Satin<\/p>\n<p>Celkov\u00e1 d\u013a\u017eka: 14 cm \/ 5,51 &#8220;<br \/>\n D\u013a\u017eka \u010depele: 7 cm \/ 2,76&#8243;<br \/>\n Hr\u00fabka hlavy: bd<br \/>\n Hmotnos\u0165: 140,0 g \/ 4,94 oz<\/p>\n<p>Materi\u00e1l z\u00e1kladne: Sandvik 14C28N<br \/>\n Tvrdos\u0165 hlavy: bd<br \/>\n Br\u00fasenie hlavy: Konk\u00e1vne<br \/>\n Povrchov\u00e1 \u00faprava hlavy: sat\u00e9n<\/p>\n<p>Materi\u00e1l rukov\u00e4te: Micart z juty<br \/>\n Povrchov\u00e1 \u00faprava rukov\u00e4te: Hned\u00e1<\/p>\n<p>B\u00fada (cabura): Ko\u017ea<br \/>\n \u010eal\u0161ie pr\u00edslu\u0161enstvo: \u017diadne<\/p>\n<p>Designer by Muela<br \/>\n Zna\u010dka: Muela<br \/>\n V\u00fdrobca: Manufacturas Muela, SA<br \/>\n Krajina p\u00f4vodu: \u0160panielsko<\/p>\n<p>&nbsp;<\/p>\n","protected":false},"excerpt":{"rendered":"<p><strong>Muela Mouse-7M Brown Jute Micarta, Satin, jednoduch\u00fd, kompaktn\u00fd n\u00f4\u017e typu \u201eskinner\u201c s dizajnom plnej t\u00e1ng. Sat\u00e9nov\u00e1 \u010depe\u013e z nerezovej ocele 14C28N. Pohodln\u00e1 rukov\u00e4\u0165 z micarty. Vynikaj\u00faci pomocn\u00edk pri love, outdoorov\u00fdch aktivit\u00e1ch alebo pre\u017eit\u00ed.<\/strong><\/p>\n","protected":false},"featured_media":348052,"comment_status":"open","ping_status":"closed","template":"","meta":[],"pwb-brand":[3910],"product_brand":[],"product_cat":[3187,3186],"product_tag":[],"class_list":{"0":"post-348097","1":"product","2":"type-product","3":"status-publish","4":"has-post-thumbnail","6":"pwb-brand-muela-sk","7":"product_cat-pevne-noze-sk","8":"product_cat-noze-sk","10":"first","11":"outofstock","12":"taxable","13":"shipping-taxable","14":"purchasable","15":"product-type-simple"},"brands":[{"id":3910,"name":"Muela","slug":"muela-sk"}],"_links":{"self":[{"href":"https:\/\/www.moskito.cz\/sk\/wp-json\/wp\/v2\/product\/348097","targetHints":{"allow":["GET"]}}],"collection":[{"href":"https:\/\/www.moskito.cz\/sk\/wp-json\/wp\/v2\/product"}],"about":[{"href":"https:\/\/www.moskito.cz\/sk\/wp-json\/wp\/v2\/types\/product"}],"replies":[{"embeddable":true,"href":"https:\/\/www.moskito.cz\/sk\/wp-json\/wp\/v2\/comments?post=348097"}],"wp:featuredmedia":[{"embeddable":true,"href":"https:\/\/www.moskito.cz\/sk\/wp-json\/wp\/v2\/media\/348052"}],"wp:attachment":[{"href":"https:\/\/www.moskito.cz\/sk\/wp-json\/wp\/v2\/media?parent=348097"}],"wp:term":[{"taxonomy":"pwb-brand","embeddable":true,"href":"https:\/\/www.moskito.cz\/sk\/wp-json\/wp\/v2\/pwb-brand?post=348097"},{"taxonomy":"product_brand","embeddable":true,"href":"https:\/\/www.moskito.cz\/sk\/wp-json\/wp\/v2\/product_brand?post=348097"},{"taxonomy":"product_cat","embeddable":true,"href":"https:\/\/www.moskito.cz\/sk\/wp-json\/wp\/v2\/product_cat?post=348097"},{"taxonomy":"product_tag","embeddable":true,"href":"https:\/\/www.moskito.cz\/sk\/wp-json\/wp\/v2\/product_tag?post=348097"}],"curies":[{"name":"wp","href":"https:\/\/api.w.org\/{rel}","templated":true}]}}