{"id":348237,"date":"2023-07-04T15:31:48","date_gmt":"2023-07-04T14:31:48","guid":{"rendered":"https:\/\/www.moskito.cz\/?post_type=product&p=348237"},"modified":"2025-05-07T11:19:05","modified_gmt":"2025-05-07T10:19:05","slug":"zatvaraci-noz-spyderco-dragonfly-2-wharncliffe-c28fpwcbk2","status":"publish","type":"product","link":"https:\/\/www.moskito.cz\/sk\/produkt\/zatvaraci-noz-spyderco-dragonfly-2-wharncliffe-c28fpwcbk2\/","title":{"rendered":"Zatv\u00e1rac\u00ed N\u00f4\u017e Spyderco Dragonfly 2 Wharncliffe C28FPWCBK2"},"content":{"rendered":"<p>Zatv\u00e1rac\u00ed N\u00f4\u017e <strong>Spyderco<\/strong> Dragonfly 2 Wharncliffe C28FPWCBK2<\/p>\n<p>V\u00e1\u017eka Dragonfly v\u017edy predstavovala mimoriadnu kombin\u00e1ciu kompaktn\u00fdch rozmerov a komplexn\u00e9ho rezn\u00e9ho v\u00fdkonu. Teraz tento v\u00fdkon pos\u00fava \u010fal\u0161\u00ed skok vpred pridan\u00edm profilu \u010depele Wharncliffe. \u010cepe\u013e Wharncliffe, ktor\u00fa vol\u00ed mnoho sk\u00fasen\u00fdch u\u017e\u00edvate\u013eov no\u017eov, dokonale rovn\u00e9 ostrie Wharncliffe pon\u00faka extr\u00e9mnu rezn\u00fa silu v bl\u00edzkosti p\u00e4ty a presnos\u0165 podobn\u00fa skalpelu na \u0161pi\u010dke \u2013 obzvl\u00e1\u0161\u0165 v kombin\u00e1cii s n\u00edzkym tren\u00edm a \u00faplne ploch\u00fdm br\u00fasen\u00edm. V\u0161etky ostatn\u00e9 vlastnosti tohto no\u017ea s\u00fa v s\u00falade s najpred\u00e1vanej\u0161\u00edm Dragonfly 2, vr\u00e1tane \u013eahkej vstrekovanej rukov\u00e4te FRN, vysoko trak\u010dn\u00e9ho obojsmern\u00e9ho text\u00farovania, robustn\u00e9ho mechanizmu zadn\u00e9ho z\u00e1mku a obojstrannej dr\u00f4tenej spony s hlbok\u00fdm vreckom.<br \/>\n\u0160pecifik\u00e1cia<\/p>\n<p>D\u013a\u017eka \u010depele: 5.8 cm<br \/>\nRezn\u00e1 hrana: 4.8 cm<br \/>\nD\u013a\u017eka v zatvorenom stave: 8.5 cm<br \/>\nCelkov\u00e1 d\u013a\u017eka: 14.2 cm<br \/>\nHr\u00fabka \u010depele: 0.25 cm<br \/>\nMateri\u00e1l \u010depele: VG10 Nerezov\u00e1 oce\u013e<br \/>\n\u0160t\u00fdl \u010depele: Wharncliffe<br \/>\nBr\u00fasenie \u010depele: Plne ploch\u00e9<br \/>\nPovrchov\u00e1 \u00faprava \u010depele: sat\u00e9n<br \/>\nOstrie \u010depele: Hladk\u00e9<br \/>\nMateri\u00e1l rukov\u00e4te: Obojsmern\u00e1 text\u00farovan\u00e1 FRN<br \/>\nFarba rukov\u00e4te: \u010cierna<br \/>\nUzamykac\u00ed mechanizmus: Lockback<br \/>\nVreckov\u00fd klip: Vykl\u00e1panie, \u013eav\u00e9\/prav\u00e9 nosenie<br \/>\n\u010c\u00edslo modelu: C28FPWCBK2<br \/>\nN\u00e1zov modelu: Dragonfly 2 Wharncliffe<br \/>\nHmotnos\u0165: 1,2 oz. (34 g)<br \/>\nVyroben\u00e9 v Japonsku<\/p>\n<p>&nbsp;<\/p>\n","protected":false},"excerpt":{"rendered":"<p><strong>V\u00e1\u017eka Dragonfly v\u017edy predstavovala mimoriadnu kombin\u00e1ciu kompaktn\u00fdch rozmerov a komplexn\u00e9ho rezn\u00e9ho v\u00fdkonu.<\/strong><\/p>\n","protected":false},"featured_media":252408,"comment_status":"open","ping_status":"closed","template":"","meta":[],"pwb-brand":[3261],"product_brand":[],"product_cat":[3233,3186],"product_tag":[],"class_list":{"0":"post-348237","1":"product","2":"type-product","3":"status-publish","4":"has-post-thumbnail","6":"pwb-brand-zatvaraci-noz-spyderco-endura-flat-ground-gray-frn-c10fpgy","7":"product_cat-zatvaracie-noze","8":"product_cat-noze-sk","10":"first","11":"instock","12":"taxable","13":"shipping-taxable","14":"purchasable","15":"product-type-simple"},"brands":[{"id":3261,"name":"Zatv\u00e1rac\u00ed N\u00f4\u017e Spyderco Endura Flat Ground Gray FRN C10FPGY","slug":"zatvaraci-noz-spyderco-endura-flat-ground-gray-frn-c10fpgy"}],"_links":{"self":[{"href":"https:\/\/www.moskito.cz\/sk\/wp-json\/wp\/v2\/product\/348237","targetHints":{"allow":["GET"]}}],"collection":[{"href":"https:\/\/www.moskito.cz\/sk\/wp-json\/wp\/v2\/product"}],"about":[{"href":"https:\/\/www.moskito.cz\/sk\/wp-json\/wp\/v2\/types\/product"}],"replies":[{"embeddable":true,"href":"https:\/\/www.moskito.cz\/sk\/wp-json\/wp\/v2\/comments?post=348237"}],"wp:featuredmedia":[{"embeddable":true,"href":"https:\/\/www.moskito.cz\/sk\/wp-json\/wp\/v2\/media\/252408"}],"wp:attachment":[{"href":"https:\/\/www.moskito.cz\/sk\/wp-json\/wp\/v2\/media?parent=348237"}],"wp:term":[{"taxonomy":"pwb-brand","embeddable":true,"href":"https:\/\/www.moskito.cz\/sk\/wp-json\/wp\/v2\/pwb-brand?post=348237"},{"taxonomy":"product_brand","embeddable":true,"href":"https:\/\/www.moskito.cz\/sk\/wp-json\/wp\/v2\/product_brand?post=348237"},{"taxonomy":"product_cat","embeddable":true,"href":"https:\/\/www.moskito.cz\/sk\/wp-json\/wp\/v2\/product_cat?post=348237"},{"taxonomy":"product_tag","embeddable":true,"href":"https:\/\/www.moskito.cz\/sk\/wp-json\/wp\/v2\/product_tag?post=348237"}],"curies":[{"name":"wp","href":"https:\/\/api.w.org\/{rel}","templated":true}]}}