{"id":348289,"date":"2024-07-31T00:06:25","date_gmt":"2024-06-28T09:34:07","guid":{"rendered":"https:\/\/www.moskito.cz\/produkt\/zatvaraci-noz-weknife-saakshi-stonewashed\/"},"modified":"2025-05-07T11:19:06","modified_gmt":"2025-05-07T10:19:06","slug":"zatvaraci-noz-weknife-saakshi-stonewashed","status":"publish","type":"product","link":"https:\/\/www.moskito.cz\/sk\/produkt\/zatvaraci-noz-weknife-saakshi-stonewashed\/","title":{"rendered":"zatv\u00e1rac\u00ed n\u00f4\u017e WEKNIFE Saakshi stonewashed"},"content":{"rendered":"<p>zatv\u00e1rac\u00ed n\u00f4\u017e &amp; Saakshi &amp; EDC knife &amp; CPM 20CV<\/p>\n","protected":false},"excerpt":{"rendered":"<p>zatv\u00e1rac\u00ed n\u00f4\u017e &amp; Saakshi &amp; EDC knife &amp; CPM 20CV<\/p>\n","protected":false},"featured_media":256240,"comment_status":"closed","ping_status":"open","template":"","meta":[],"pwb-brand":[3316],"product_brand":[],"product_cat":[3186,3233],"product_tag":[],"class_list":{"0":"post-348289","1":"product","2":"type-product","3":"status-publish","4":"has-post-thumbnail","6":"pwb-brand-weknife-sk","7":"product_cat-noze-sk","8":"product_cat-zatvaracie-noze","10":"first","11":"instock","12":"purchasable","13":"product-type-simple"},"brands":[{"id":3316,"name":"WEKNIFE","slug":"weknife-sk"}],"_links":{"self":[{"href":"https:\/\/www.moskito.cz\/sk\/wp-json\/wp\/v2\/product\/348289","targetHints":{"allow":["GET"]}}],"collection":[{"href":"https:\/\/www.moskito.cz\/sk\/wp-json\/wp\/v2\/product"}],"about":[{"href":"https:\/\/www.moskito.cz\/sk\/wp-json\/wp\/v2\/types\/product"}],"replies":[{"embeddable":true,"href":"https:\/\/www.moskito.cz\/sk\/wp-json\/wp\/v2\/comments?post=348289"}],"wp:featuredmedia":[{"embeddable":true,"href":"https:\/\/www.moskito.cz\/sk\/wp-json\/wp\/v2\/media\/256240"}],"wp:attachment":[{"href":"https:\/\/www.moskito.cz\/sk\/wp-json\/wp\/v2\/media?parent=348289"}],"wp:term":[{"taxonomy":"pwb-brand","embeddable":true,"href":"https:\/\/www.moskito.cz\/sk\/wp-json\/wp\/v2\/pwb-brand?post=348289"},{"taxonomy":"product_brand","embeddable":true,"href":"https:\/\/www.moskito.cz\/sk\/wp-json\/wp\/v2\/product_brand?post=348289"},{"taxonomy":"product_cat","embeddable":true,"href":"https:\/\/www.moskito.cz\/sk\/wp-json\/wp\/v2\/product_cat?post=348289"},{"taxonomy":"product_tag","embeddable":true,"href":"https:\/\/www.moskito.cz\/sk\/wp-json\/wp\/v2\/product_tag?post=348289"}],"curies":[{"name":"wp","href":"https:\/\/api.w.org\/{rel}","templated":true}]}}