{"id":348319,"date":"2021-08-17T20:46:47","date_gmt":"2024-06-28T09:38:02","guid":{"rendered":"https:\/\/www.moskito.cz\/produkt\/zatvaraci-noz-civivi-elementum\/"},"modified":"2025-05-07T11:19:08","modified_gmt":"2025-05-07T10:19:08","slug":"zatvaraci-noz-civivi-elementum","status":"publish","type":"product","link":"https:\/\/www.moskito.cz\/sk\/produkt\/zatvaraci-noz-civivi-elementum\/","title":{"rendered":"Zatv\u00e1rac\u00ed N\u00f4\u017e Civivi Elementum"},"content":{"rendered":"<p>Zatv\u00e1rac\u00ed N\u00f4\u017e <strong>Civivi<\/strong> Elementum.<\/p>\n<p>Blade Length: 2.96\u201d(75.2mm)<br \/>\nBlade Thickness: 0.12\u201d(3mm)<br \/>\nBlade Material: D2<br \/>\nBlade Hardness: HRC59-61<br \/>\nBlade Grind: Hollow<br \/>\nBlade Finish: Satin Finish<\/p>\n<p>Handle Length: 4.03\u201d(102.4mm)<br \/>\nHandle Overall Thickness: 0.43\u201d(11mm)<br \/>\nHandle Material: G10<br \/>\nHandle Finish: Black G10 Handle<\/p>\n<p>Liner Material: Stainless Steel<br \/>\nLiner Color: Gray Color<\/p>\n<p>Clip Material: Stainless Steel<br \/>\nScrews Material: Stainless Steel<br \/>\nPivot Cap: Stainless Steel<br \/>\nWashers Material: Caged Ceramic Ball Bearing<\/p>\n<p>Weight: 82g \/ 2.89oz<br \/>\nLock Type: Liner Lock<\/p>\n<p>Designer: CIVIVI<\/p>\n<p>Spolo\u010dnos\u0165 <strong>WE Knife<\/strong> Co. Ltd. (WE) si v\u010faka hist\u00f3rii neust\u00e1leho poskytovania \u00faspe\u0161n\u00fdch produktov z\u00edskala poves\u0165 neust\u00e1le dod\u00e1vaj\u00faci inovat\u00edvne designy vyr\u00e1ban\u00e9 s trvale vysokou kvalitou. V\u010faka tomu sa WE etablovala ako najv\u00e4\u010d\u0161\u00ed \u010d\u00ednsky v\u00fdrobca kvalitn\u00fdch no\u017eov.<\/p>\n<p>V reakcii na potreby trhu sme v roku 2018 predstavili zna\u010dku CIVIVI, ktor\u00e1 sa konkr\u00e9tne zameriava na ponuku funk\u010dn\u00e9ho, \u200b\u200b\u00fa\u017eitkov\u00e9ho, produktov\u00e9ho radu EDC za dostupnej\u0161ie ceny.<\/p>\n<p>Zl\u00fa\u010den\u00edm z\u00e1kladn\u00fdch hodn\u00f4t WE pre inovat\u00edvny dizajn a kvalitn\u00fa v\u00fdrobu s materi\u00e1lmi, ako je G10, pelami ply carbon carbon a D2, nerezovej a dama\u0161kovej ocele, produkty CIVIVI poskytn\u00fa svojim u\u017e\u00edvate\u013eom hodnotu a v\u00fdkon bez kompromisov.<\/p>\n<p>No\u017ee CIVIVI vyzeraj\u00fa dobre, c\u00edtia sa dobre, dobre funguj\u00fa a pr\u00e1cu zvl\u00e1dnu. Rovnako ako ich bratia WE Knife, aj oni s\u00fa <strong>\u201eMADE BETTER\u201d<\/strong><\/p>\n","protected":false},"excerpt":{"rendered":"<p>Zna\u010dka <strong>CIVIVI<\/strong> p\u00f4sob\u00ed na trhu u\u017e viac ako 20 rokov a po cel\u00fa dobu vyr\u00e1ba najkvalitnej\u0161ie a najrozmanitej\u0161ie no\u017ee za dostupnej\u0161ie ceny.<\/p>\n","protected":false},"featured_media":203786,"comment_status":"open","ping_status":"closed","template":"","meta":[],"pwb-brand":[3857],"product_brand":[],"product_cat":[3186,3233],"product_tag":[],"class_list":{"0":"post-348319","1":"product","2":"type-product","3":"status-publish","4":"has-post-thumbnail","6":"pwb-brand-civivi-knife-sk","7":"product_cat-noze-sk","8":"product_cat-zatvaracie-noze","10":"first","11":"instock","12":"taxable","13":"shipping-taxable","14":"purchasable","15":"product-type-simple"},"brands":[{"id":3857,"name":"CIVIVI Knife","slug":"civivi-knife-sk"}],"_links":{"self":[{"href":"https:\/\/www.moskito.cz\/sk\/wp-json\/wp\/v2\/product\/348319","targetHints":{"allow":["GET"]}}],"collection":[{"href":"https:\/\/www.moskito.cz\/sk\/wp-json\/wp\/v2\/product"}],"about":[{"href":"https:\/\/www.moskito.cz\/sk\/wp-json\/wp\/v2\/types\/product"}],"replies":[{"embeddable":true,"href":"https:\/\/www.moskito.cz\/sk\/wp-json\/wp\/v2\/comments?post=348319"}],"wp:featuredmedia":[{"embeddable":true,"href":"https:\/\/www.moskito.cz\/sk\/wp-json\/wp\/v2\/media\/203786"}],"wp:attachment":[{"href":"https:\/\/www.moskito.cz\/sk\/wp-json\/wp\/v2\/media?parent=348319"}],"wp:term":[{"taxonomy":"pwb-brand","embeddable":true,"href":"https:\/\/www.moskito.cz\/sk\/wp-json\/wp\/v2\/pwb-brand?post=348319"},{"taxonomy":"product_brand","embeddable":true,"href":"https:\/\/www.moskito.cz\/sk\/wp-json\/wp\/v2\/product_brand?post=348319"},{"taxonomy":"product_cat","embeddable":true,"href":"https:\/\/www.moskito.cz\/sk\/wp-json\/wp\/v2\/product_cat?post=348319"},{"taxonomy":"product_tag","embeddable":true,"href":"https:\/\/www.moskito.cz\/sk\/wp-json\/wp\/v2\/product_tag?post=348319"}],"curies":[{"name":"wp","href":"https:\/\/api.w.org\/{rel}","templated":true}]}}