{"id":348371,"date":"2024-06-28T12:36:49","date_gmt":"2024-06-28T11:37:39","guid":{"rendered":"https:\/\/www.moskito.cz\/produkt\/pevny-damaskovy-noz-muela-bw-6dam\/"},"modified":"2025-05-07T11:19:10","modified_gmt":"2025-05-07T10:19:10","slug":"pevny-damaskovy-noz-muela-bw-6dam","status":"publish","type":"product","link":"https:\/\/www.moskito.cz\/sk\/produkt\/pevny-damaskovy-noz-muela-bw-6dam\/","title":{"rendered":"Pevn\u00fd Dama\u0161kov\u00fd N\u00f4\u017e Muela BW-6DAM"},"content":{"rendered":"<p>Pevn\u00fd Dama\u0161kov\u00fd N\u00f4\u017e <strong>Muela<\/strong> BW-6DAM.<\/p>\n<p>Umeleck\u00fd loveck\u00fd n\u00f4\u017e <strong>Muela<\/strong> Bowie s \u010depe\u013eou z dama\u0161kovej ocele o d\u013a\u017eke 7,5 cm, rukov\u00e4\u0165ou z jelenia parohu a obj\u00edmkou \u200b\u200bz \u010derven\u00e9ho dreva. Obsahuje hned\u00e9 ko\u017een\u00e9 puzdro a prezenta\u010dn\u00e9 puzdro.<\/p>\n<p>Nerezov\u00e1 dama\u0161kov\u00e1 oce\u013e sa vyr\u00e1ba pomocou dvoch typov pr\u00e1\u0161kovej metalurgickej ocele (RWL34 a PMC27) a sp\u00e1ja sa pri 1150 \u00b0C a tlaku 1 000 atmosf\u00e9r. T\u00fdmto procesom sa tie\u017e vytv\u00e1ra oce\u013e s dvojn\u00e1sobnou odolnos\u0165ou proti pretrhnutiu odolnos\u0165 proti \u00fanave, \u0165a\u017enos\u0165 a r\u00e1zov\u00e1 h\u00fa\u017eevnatos\u0165 a vyzdvihuje v\u00fdnimo\u010dn\u00fa kr\u00e1su vo svojom ryt\u00ed.<\/p>\n<p>D\u013a\u017eka \u010depele: 7,5 cm<br \/>\nD\u013a\u017eka rukov\u00e4te: 9,5 cm<br \/>\nCelkov\u00e1 d\u013a\u017eka: 17 cm<br \/>\n\u010cepe\u013e: Dama\u0161kov\u00e1 oce\u013e RWL34 (oce\u013eov\u00e9 plechy 576 RWL34 a PMC27)<br \/>\nTvrdos\u0165: 60\/62 HRc<br \/>\nRukov\u00e4\u0165: jelenie paroh s mosadzn\u00fdm lemom a vykladan\u00edm z ko\u017ee a koralov\u00e9ho dreva<br \/>\nPo\u0165ah: pr\u00e9miov\u00e1 ko\u017ea<br \/>\nHmotnos\u0165: 100 gr<\/p>\n<p>&nbsp;<\/p>\n","protected":false},"excerpt":{"rendered":"<p><strong>Umeleck\u00fd loveck\u00fd n\u00f4\u017e Muela Bowie s \u010depe\u013eou z dama\u0161kovej ocele o d\u013a\u017eke 7,5 cm, rukov\u00e4\u0165ou z jelenia parohu a obj\u00edmkou \u200b\u200bz \u010derven\u00e9ho dreva. Obsahuje hned\u00e9 ko\u017een\u00e9 puzdro a prezenta\u010dn\u00e9 puzdro.<\/strong><\/p>\n<p><strong>Doprava zadarmo.<\/strong><\/p>\n","protected":false},"featured_media":348359,"comment_status":"open","ping_status":"closed","template":"","meta":[],"pwb-brand":[3910],"product_brand":[],"product_cat":[3424,3186],"product_tag":[],"class_list":{"0":"post-348371","1":"product","2":"type-product","3":"status-publish","4":"has-post-thumbnail","6":"pwb-brand-muela-sk","7":"product_cat-damascenske-noze-sk","8":"product_cat-noze-sk","10":"first","11":"instock","12":"taxable","13":"shipping-taxable","14":"purchasable","15":"product-type-simple"},"brands":[{"id":3910,"name":"Muela","slug":"muela-sk"}],"_links":{"self":[{"href":"https:\/\/www.moskito.cz\/sk\/wp-json\/wp\/v2\/product\/348371","targetHints":{"allow":["GET"]}}],"collection":[{"href":"https:\/\/www.moskito.cz\/sk\/wp-json\/wp\/v2\/product"}],"about":[{"href":"https:\/\/www.moskito.cz\/sk\/wp-json\/wp\/v2\/types\/product"}],"replies":[{"embeddable":true,"href":"https:\/\/www.moskito.cz\/sk\/wp-json\/wp\/v2\/comments?post=348371"}],"wp:featuredmedia":[{"embeddable":true,"href":"https:\/\/www.moskito.cz\/sk\/wp-json\/wp\/v2\/media\/348359"}],"wp:attachment":[{"href":"https:\/\/www.moskito.cz\/sk\/wp-json\/wp\/v2\/media?parent=348371"}],"wp:term":[{"taxonomy":"pwb-brand","embeddable":true,"href":"https:\/\/www.moskito.cz\/sk\/wp-json\/wp\/v2\/pwb-brand?post=348371"},{"taxonomy":"product_brand","embeddable":true,"href":"https:\/\/www.moskito.cz\/sk\/wp-json\/wp\/v2\/product_brand?post=348371"},{"taxonomy":"product_cat","embeddable":true,"href":"https:\/\/www.moskito.cz\/sk\/wp-json\/wp\/v2\/product_cat?post=348371"},{"taxonomy":"product_tag","embeddable":true,"href":"https:\/\/www.moskito.cz\/sk\/wp-json\/wp\/v2\/product_tag?post=348371"}],"curies":[{"name":"wp","href":"https:\/\/api.w.org\/{rel}","templated":true}]}}