{"id":348420,"date":"2024-06-28T12:56:38","date_gmt":"2024-06-28T11:57:25","guid":{"rendered":"https:\/\/www.moskito.cz\/produkt\/pevny-noz-muela-peccary-8m\/"},"modified":"2025-05-07T11:19:11","modified_gmt":"2025-05-07T10:19:11","slug":"pevny-noz-muela-peccary-8m","status":"publish","type":"product","link":"https:\/\/www.moskito.cz\/sk\/produkt\/pevny-noz-muela-peccary-8m\/","title":{"rendered":"Pevn\u00fd N\u00f4\u017e Muela PECCARY-8M"},"content":{"rendered":"<p>Pevn\u00fd N\u00f4\u017e <strong>Muela<\/strong> PECCARY-8M.<\/p>\n<p><strong>PECCARY-8.M<\/strong> je n\u00f4\u017e s pevnou \u010depe\u013eou a full-tang kon\u0161trukciou s po\u0161vou usp\u00f4sobenou na zavesenie na krk. V\u010faka skvelej ergon\u00f3mii padne dobre do ruky aj napriek mal\u00fdm rozmerom. Perfektn\u00fd n\u00f4\u017e pre sebaobranu, ktor\u00fd pou\u017e\u00edvaj\u00fa milovn\u00edci outdooru a survivalu. \u013dahk\u00fd &#8211; tenk\u00fd &#8211; nenahradite\u013en\u00fd &#8211; s ploch\u00fdm puzdrom &#8211; tento n\u00f4\u017e bude v\u017edy s vami!<\/p>\n<p>\u010cepe\u013e &#8211; s profilom Drop Point a hr\u00fabkou 2,8 mm. Potiahnut\u00e9 antireflexnou antireflexnou vrstvou Satin Finish (polomatn\u00e1). Vyroben\u00e9 z kalenej v rozmedz\u00ed 57-58 HRC, odolnej molybd\u00e9n-van\u00e1diovej nerezovej ocele X50CrMoV15. \u010cepe\u013e sa vyzna\u010duje dobr\u00fdmi mechanick\u00fdmi vlastnos\u0165ami a dlhodob\u00fdm zaostrovan\u00edm. Hladk\u00e1 \u010depe\u013e (typ Plain) bola vyroben\u00e1 s ploch\u00fdm v\u00fdbrusom (Flat Grind).<\/p>\n<p>Rukov\u00e4\u0165 &#8211; profilovan\u00e1, pokryt\u00e1 proti\u0161mykov\u00fdmi vodeodoln\u00fdmi vlo\u017ekami z \u010diernej micarty, zais\u0165uje ist\u00fd \u00fachop aj napriek mal\u00fdm rozmerom. V zadnej \u010dasti rukov\u00e4te bol umiestnen\u00fd zv\u00e4\u010d\u0161en\u00fd otvor na \u0161n\u00faru paracordu.<\/p>\n<p>R\u00e1m &#8211; madl\u00e1 boli pokryt\u00e9 ozdobn\u00fdmi vl\u00e1knit\u00fdmi di\u0161tan\u010dn\u00fdmi vlo\u017ekami v \u010dervenej farbe, ku ktor\u00fdm bol pripevnen\u00fd obklad rukov\u00e4te.<\/p>\n<p>Po\u0161va &#8211; vyroben\u00e1 z materi\u00e1lu Kydex chr\u00e1ni n\u00f4\u017e pred vypadnut\u00edm a vlhkos\u0165ou. Dod\u00e1van\u00e9 s paracordovou \u0161n\u00farou na zavesenie po\u0161vy s no\u017eom na krk.<\/p>\n<p>Technick\u00e9 \u0161pecifik\u00e1cie:<br \/>\n\u010c\u00edslo produktu: PECCARY-8M<\/p>\n<p>Typ ocele: X50CrMoV15<br \/>\nD\u013a\u017eka \u010depele: 7 cm \/ 2,76&#8243;<br \/>\nHr\u00fabka \u010depele: 0.28 cm \/ 0,11&#8243;<br \/>\nCelkov\u00e1 d\u013a\u017eka: 15.2 cm \/ 5,98&#8243;<br \/>\nHmotnos\u0165: 69 g \/ 2,43 oz<br \/>\nTyp \u010depele: Hladk\u00fd<br \/>\nTyp \u010depele: Drop Point<br \/>\nTyp rezu: Ploch\u00fd<br \/>\nMateri\u00e1l rukov\u00e4te: \u010cierna Micarta<br \/>\nPo\u0161va: Kydex<br \/>\nV\u00fdrobca: Muela, \u0160panielsko<\/p>\n<p>&nbsp;<\/p>\n<p>&nbsp;<\/p>\n","protected":false},"excerpt":{"rendered":"<p><strong>Tento v\u0161estrann\u00fd n\u00f4\u017e, ktor\u00fd zdie\u013ea \u010depe\u013e s no\u017eom COLIBRI, je teraz k dispoz\u00edcii ako atrakt\u00edvny n\u00f4\u017e na krk.<\/strong><\/p>\n<p><strong>Rovnako ako PECCARY je zviera, ktor\u00e9 in\u0161piruje jeho meno, mal\u00e9, odoln\u00e9, dynamick\u00e9, agres\u00edvne a robustn\u00e9. Vlastnosti, v\u010faka ktor\u00fdm je vhodn\u00fd pre najr\u00f4znej\u0161ie situ\u00e1cie.<\/strong><\/p>\n<p>&nbsp;<\/p>\n","protected":false},"featured_media":348383,"comment_status":"open","ping_status":"closed","template":"","meta":[],"pwb-brand":[],"product_brand":[],"product_cat":[3186,3187],"product_tag":[],"class_list":{"0":"post-348420","1":"product","2":"type-product","3":"status-publish","4":"has-post-thumbnail","6":"product_cat-noze-sk","7":"product_cat-pevne-noze-sk","9":"first","10":"outofstock","11":"taxable","12":"shipping-taxable","13":"purchasable","14":"product-type-simple"},"brands":[],"_links":{"self":[{"href":"https:\/\/www.moskito.cz\/sk\/wp-json\/wp\/v2\/product\/348420","targetHints":{"allow":["GET"]}}],"collection":[{"href":"https:\/\/www.moskito.cz\/sk\/wp-json\/wp\/v2\/product"}],"about":[{"href":"https:\/\/www.moskito.cz\/sk\/wp-json\/wp\/v2\/types\/product"}],"replies":[{"embeddable":true,"href":"https:\/\/www.moskito.cz\/sk\/wp-json\/wp\/v2\/comments?post=348420"}],"wp:featuredmedia":[{"embeddable":true,"href":"https:\/\/www.moskito.cz\/sk\/wp-json\/wp\/v2\/media\/348383"}],"wp:attachment":[{"href":"https:\/\/www.moskito.cz\/sk\/wp-json\/wp\/v2\/media?parent=348420"}],"wp:term":[{"taxonomy":"pwb-brand","embeddable":true,"href":"https:\/\/www.moskito.cz\/sk\/wp-json\/wp\/v2\/pwb-brand?post=348420"},{"taxonomy":"product_brand","embeddable":true,"href":"https:\/\/www.moskito.cz\/sk\/wp-json\/wp\/v2\/product_brand?post=348420"},{"taxonomy":"product_cat","embeddable":true,"href":"https:\/\/www.moskito.cz\/sk\/wp-json\/wp\/v2\/product_cat?post=348420"},{"taxonomy":"product_tag","embeddable":true,"href":"https:\/\/www.moskito.cz\/sk\/wp-json\/wp\/v2\/product_tag?post=348420"}],"curies":[{"name":"wp","href":"https:\/\/api.w.org\/{rel}","templated":true}]}}