{"id":348508,"date":"2024-07-02T12:58:39","date_gmt":"2024-07-02T11:59:20","guid":{"rendered":"https:\/\/www.moskito.cz\/produkt\/zatvaraci-noz-s-puzdrom-muela-bx-8-ol\/"},"modified":"2025-05-07T11:19:15","modified_gmt":"2025-05-07T10:19:15","slug":"zatvaraci-noz-s-puzdrom-muela-bx-8-ol","status":"publish","type":"product","link":"https:\/\/www.moskito.cz\/sk\/produkt\/zatvaraci-noz-s-puzdrom-muela-bx-8-ol\/","title":{"rendered":"Zatv\u00e1rac\u00ed N\u00f4\u017e s Puzdrom Muela BX-8.OL"},"content":{"rendered":"<p>Zatv\u00e1rac\u00ed N\u00f4\u017e s Puzdrom <strong>Muela<\/strong> BX-8.OL<\/p>\n<p>Objavte najv\u00fdnimo\u010dnej\u0161\u00ed po\u013eovn\u00fd n\u00f4\u017e, ktor\u00fd bol kedy vytvoren\u00fd, aby v\u00e1s sprev\u00e1dzal na va\u0161ich outdoorov\u00fdch dobrodru\u017estv\u00e1ch! Predstavujeme v\u00e1m model BX-8.OL Artisan Hunting Knife, skuto\u010dn\u00e9 majstrovsk\u00e9 dielo vyroben\u00e9 s v\u00e1\u0161\u0148ou a zru\u010dnos\u0165ou v \u0160panielsku renomovanou zna\u010dkou Muela.<\/p>\n<p>Vlastnosti:<\/p>\n<p>Zabezpe\u010denie Lockback: V\u010faka jedine\u010dnej technol\u00f3gii Lockback si m\u00f4\u017eete by\u0165 ist\u00ed, \u017ee \u010depe\u013e zostane po\u010das pou\u017e\u00edvania zaisten\u00e1 na svojom mieste. \u017diadne obavy z neh\u00f4d!<br \/>\n8,5 cm \u010depe\u013e: D\u013a\u017eka \u010depele pon\u00faka dokonal\u00fa rovnov\u00e1hu medzi v\u0161estrannos\u0165ou a v\u00fdkonom. Je ide\u00e1lny pre presn\u00e9 \u00falohy aj pre n\u00e1ro\u010dnej\u0161ie \u00falohy po\u010das va\u0161ich po\u013eovn\u00edckych dn\u00ed.<br \/>\n10 cm rukov\u00e4\u0165 z olivov\u00e9ho dreva: Dok\u00e1\u017eete si predstavi\u0165, \u017ee by ste mali vo svojich ruk\u00e1ch jemnos\u0165 a eleganciu olivov\u00e9ho dreva T\u00e1to rukov\u00e4\u0165 je skuto\u010dn\u00fdm klenotom nielen svojim vzh\u013eadom, ale aj t\u00fdm, \u017ee v\u00e1m pohodlne padne do ruky a poskytuje pevn\u00fd \u00fachop? bezpe\u010dn\u00e9 dr\u017eanie.<br \/>\nRobustn\u00e1 kon\u0161trukcia: S celkovou d\u013a\u017ekou 18,5 cm je tento holiaci stroj\u010dek navrhnut\u00fd tak, aby vydr\u017eal po cel\u00fd \u017eivot. \u010cepe\u013e z molybd\u00e9n-van\u00e1diovej nerezovej ocele s hr\u00fabkou 2,5 mm zais\u0165uje v\u00fdnimo\u010dn\u00fa odolnos\u0165 vo\u010di akejko\u013evek v\u00fdzve v pr\u00edrode.<br \/>\nNikel-strieborn\u00e9 detaily: Nikel-strieborn\u00e1 v\u00fdstuha dod\u00e1va no\u017eu nielen estetick\u00fd a v\u00fdrazn\u00fd n\u00e1dych, ale tie\u017e poskytuje dodato\u010dn\u00fa ochranu rukov\u00e4te a zais\u0165uje jej integritu a odolnos\u0165.<br \/>\nVr\u00e1tane puzdra: Na ochranu tohto klenotu no\u017ea, ke\u010f sa nepou\u017e\u00edva, v\u00e1m poskytujeme odoln\u00e9 a elegantn\u00e9 puzdro. S \u00fapln\u00fdm pokojom si ho m\u00f4\u017eete vzia\u0165 kamko\u013evek so sebou.<br \/>\nOptim\u00e1lna hmotnos\u0165: S iba 210 gramami je tento n\u00f4\u017e dostato\u010dne \u013eahk\u00fd, aby sa pohodlne vo\u0161iel do vrecka alebo batohu, a napriek tomu dostato\u010dne odoln\u00fd, aby zvl\u00e1dol ak\u00fako\u013evek \u00falohu!<\/p>\n<p>Nenechajte si ujs\u0165 t\u00fato pr\u00edle\u017eitos\u0165 vlastni\u0165 autentick\u00fd k\u00fasok \u0161panielskeho remesla, ktor\u00fd posunie v\u00e1\u0161 po\u013eovn\u00fd z\u00e1\u017eitok na \u010fal\u0161iu \u00farove\u0148. Ru\u010dne vyroben\u00fd loveck\u00fd n\u00f4\u017e Muela BX-8.OL je dokonal\u00fdm spolo\u010dn\u00edkom, ktor\u00fd bude odr\u00e1\u017ea\u0165 v\u00e1\u0161 \u0161t\u00fdl a v\u00e1\u0161e\u0148 pre pr\u00edrodu. Kliknite teraz a vezmite si to so sebou na \u010fal\u0161ie vonkaj\u0161ie dobrodru\u017estvo!<\/p>\n<p>Celkov\u00e1 d\u013a\u017eka: 19 cm<br \/>\nD\u013a\u017eka \u010depele: 8.5 cm<br \/>\nHmotnos\u0165: 120 g<br \/>\nMateri\u00e1l \u010depele: 440<br \/>\nMateri\u00e1l rukov\u00e4te: oliva<br \/>\nPoistka: Backlock<\/p>\n","protected":false},"excerpt":{"rendered":"<p><strong>Objavte najv\u00fdnimo\u010dnej\u0161\u00ed po\u013eovn\u00fd n\u00f4\u017e, ktor\u00fd bol kedy vytvoren\u00fd, aby v\u00e1s sprev\u00e1dzal na va\u0161ich outdoorov\u00fdch dobrodru\u017estv\u00e1ch! Predstavujeme v\u00e1m model BX-8.OL Artisan Hunting Knife, skuto\u010dn\u00e9 majstrovsk\u00e9 dielo vyroben\u00e9 s v\u00e1\u0161\u0148ou a zru\u010dnos\u0165ou v \u0160panielsku renomovanou zna\u010dkou Muela.<\/strong><\/p>\n","protected":false},"featured_media":348493,"comment_status":"open","ping_status":"closed","template":"","meta":[],"pwb-brand":[3910],"product_brand":[],"product_cat":[3233,3186],"product_tag":[3668],"class_list":{"0":"post-348508","1":"product","2":"type-product","3":"status-publish","4":"has-post-thumbnail","6":"pwb-brand-muela-sk","7":"product_cat-zatvaracie-noze","8":"product_cat-noze-sk","9":"product_tag-b2b-sk","11":"first","12":"outofstock","13":"taxable","14":"shipping-taxable","15":"purchasable","16":"product-type-simple"},"brands":[{"id":3910,"name":"Muela","slug":"muela-sk"}],"_links":{"self":[{"href":"https:\/\/www.moskito.cz\/sk\/wp-json\/wp\/v2\/product\/348508","targetHints":{"allow":["GET"]}}],"collection":[{"href":"https:\/\/www.moskito.cz\/sk\/wp-json\/wp\/v2\/product"}],"about":[{"href":"https:\/\/www.moskito.cz\/sk\/wp-json\/wp\/v2\/types\/product"}],"replies":[{"embeddable":true,"href":"https:\/\/www.moskito.cz\/sk\/wp-json\/wp\/v2\/comments?post=348508"}],"wp:featuredmedia":[{"embeddable":true,"href":"https:\/\/www.moskito.cz\/sk\/wp-json\/wp\/v2\/media\/348493"}],"wp:attachment":[{"href":"https:\/\/www.moskito.cz\/sk\/wp-json\/wp\/v2\/media?parent=348508"}],"wp:term":[{"taxonomy":"pwb-brand","embeddable":true,"href":"https:\/\/www.moskito.cz\/sk\/wp-json\/wp\/v2\/pwb-brand?post=348508"},{"taxonomy":"product_brand","embeddable":true,"href":"https:\/\/www.moskito.cz\/sk\/wp-json\/wp\/v2\/product_brand?post=348508"},{"taxonomy":"product_cat","embeddable":true,"href":"https:\/\/www.moskito.cz\/sk\/wp-json\/wp\/v2\/product_cat?post=348508"},{"taxonomy":"product_tag","embeddable":true,"href":"https:\/\/www.moskito.cz\/sk\/wp-json\/wp\/v2\/product_tag?post=348508"}],"curies":[{"name":"wp","href":"https:\/\/api.w.org\/{rel}","templated":true}]}}