{"id":348532,"date":"2024-07-02T13:11:17","date_gmt":"2024-07-02T12:18:57","guid":{"rendered":"https:\/\/www.moskito.cz\/produkt\/zatvaraci-noz-s-puzdrom-muela-gt-8m-ol\/"},"modified":"2025-05-07T11:19:17","modified_gmt":"2025-05-07T10:19:17","slug":"zatvaraci-noz-s-puzdrom-muela-gt-8m-ol","status":"publish","type":"product","link":"https:\/\/www.moskito.cz\/sk\/produkt\/zatvaraci-noz-s-puzdrom-muela-gt-8m-ol\/","title":{"rendered":"Zatv\u00e1rac\u00ed N\u00f4\u017e s Puzdrom Muela GT-8M.OL"},"content":{"rendered":"<p>Zatv\u00e1rac\u00ed N\u00f4\u017e s Puzdrom <strong>Muela<\/strong> GT-8M.OL<\/p>\n<p>\u0160panielsky remeseln\u00fd vreckov\u00fd n\u00f4\u017e od Muela GT series. \u010cepe\u013e 8,5 cm z nerezovej ocele MoVa (1.4116) . Rukov\u00e4te z \u010diernej micarty a olivov\u00e9ho dreva plus nylonov\u00e9 p\u00fazdro.<\/p>\n<p>Celkov\u00e1 d\u013a\u017eka: 19,0 cm<br \/>\nD\u013a\u017eka \u010depele: 8,5 cm<br \/>\nTyp ocele: MoVa (1.4116)<br \/>\nTyp z\u00e1mku: Back Lock<br \/>\nOtv\u00e1ranie: Manu\u00e1lne<br \/>\nKlip: Nem\u00e1<br \/>\nTvrdos\u0165 ocele: 57-61 HRC<br \/>\n\u0160t\u00fdl \u010depele: Bod p\u00e1du<br \/>\nTyp odtoku: Rovn\u00fd<br \/>\nPovrchov\u00e1 \u00faprava \u010depele: sat\u00e9n<br \/>\nTyp hrany: ploch\u00e1<br \/>\nD\u013a\u017eka rukov\u00e4te: 10,5 cm<br \/>\nMateri\u00e1l rukov\u00e4te: Micarta\/Oliva<br \/>\nFarba rukov\u00e4te: dvojfarebn\u00e1<br \/>\nHmotnos\u0165: 90 gramov<br \/>\nKrajina p\u00f4vodu: \u0160panielsko<\/p>\n<p>&nbsp;<\/p>\n","protected":false},"excerpt":{"rendered":"<p><strong>\u0160panielsky remeseln\u00fd vreckov\u00fd n\u00f4\u017e od Muela GT series. \u010cepe\u013e 8,5 cm z nerezovej ocele MoVa (1.4116) . Rukov\u00e4te z \u010diernej micarty a olivov\u00e9ho dreva plus nylonov\u00e9 p\u00fazdro.<\/strong><\/p>\n","protected":false},"featured_media":348518,"comment_status":"open","ping_status":"closed","template":"","meta":[],"pwb-brand":[3910],"product_brand":[],"product_cat":[3186,3233],"product_tag":[3668],"class_list":{"0":"post-348532","1":"product","2":"type-product","3":"status-publish","4":"has-post-thumbnail","6":"pwb-brand-muela-sk","7":"product_cat-noze-sk","8":"product_cat-zatvaracie-noze","9":"product_tag-b2b-sk","11":"first","12":"instock","13":"taxable","14":"shipping-taxable","15":"purchasable","16":"product-type-simple"},"brands":[{"id":3910,"name":"Muela","slug":"muela-sk"}],"_links":{"self":[{"href":"https:\/\/www.moskito.cz\/sk\/wp-json\/wp\/v2\/product\/348532","targetHints":{"allow":["GET"]}}],"collection":[{"href":"https:\/\/www.moskito.cz\/sk\/wp-json\/wp\/v2\/product"}],"about":[{"href":"https:\/\/www.moskito.cz\/sk\/wp-json\/wp\/v2\/types\/product"}],"replies":[{"embeddable":true,"href":"https:\/\/www.moskito.cz\/sk\/wp-json\/wp\/v2\/comments?post=348532"}],"wp:featuredmedia":[{"embeddable":true,"href":"https:\/\/www.moskito.cz\/sk\/wp-json\/wp\/v2\/media\/348518"}],"wp:attachment":[{"href":"https:\/\/www.moskito.cz\/sk\/wp-json\/wp\/v2\/media?parent=348532"}],"wp:term":[{"taxonomy":"pwb-brand","embeddable":true,"href":"https:\/\/www.moskito.cz\/sk\/wp-json\/wp\/v2\/pwb-brand?post=348532"},{"taxonomy":"product_brand","embeddable":true,"href":"https:\/\/www.moskito.cz\/sk\/wp-json\/wp\/v2\/product_brand?post=348532"},{"taxonomy":"product_cat","embeddable":true,"href":"https:\/\/www.moskito.cz\/sk\/wp-json\/wp\/v2\/product_cat?post=348532"},{"taxonomy":"product_tag","embeddable":true,"href":"https:\/\/www.moskito.cz\/sk\/wp-json\/wp\/v2\/product_tag?post=348532"}],"curies":[{"name":"wp","href":"https:\/\/api.w.org\/{rel}","templated":true}]}}