{"id":348564,"date":"2024-07-02T13:46:33","date_gmt":"2024-07-02T12:48:02","guid":{"rendered":"https:\/\/www.moskito.cz\/produkt\/pevny-noz-muela-peccary-8-o\/"},"modified":"2025-05-07T11:19:19","modified_gmt":"2025-05-07T10:19:19","slug":"pevny-noz-muela-peccary-8-o","status":"publish","type":"product","link":"https:\/\/www.moskito.cz\/sk\/produkt\/pevny-noz-muela-peccary-8-o\/","title":{"rendered":"Pevn\u00fd N\u00f4\u017e Muela PECCARY-8.O"},"content":{"rendered":"<p>Pevn\u00fd N\u00f4\u017e <strong>Muela<\/strong> PECCARY-8.O<\/p>\n<p>Muela je v s\u00fa\u010dasnosti jednou z najsilnej\u0161\u00edch firiem v oblasti ru\u010dne vyr\u00e1ban\u00fdch no\u017eov na lov v \u0160panielsku aj vo zvy\u0161ku sveta a jej no\u017ee a vreckov\u00e9 no\u017ee s\u00fa vysoko cenen\u00e9 pre svoju \u0161pi\u010dkov\u00fa kvalitu.<\/p>\n<p>N\u00f4\u017e Muela Peccary je ide\u00e1lny na ka\u017edodenn\u00e9 nosenie, preto\u017ee ho mo\u017eno nosi\u0165 na krku. Aj napriek svojim mal\u00fdm rozmerom je ve\u013emi odoln\u00fd, dynamick\u00fd, agres\u00edvny a robustn\u00fd. Plech z ocele MoVa. Rukov\u00e4\u0165 vyroben\u00e1 z micarty. Obsahuje: &#8211; Otvor pre s\u0165ahovaciu \u0161n\u00faru. -Kydexov\u00e9 puzdro -\u0160n\u00fara Paracord (550 lbs).<\/p>\n<p>CHARAKTERISTIKA NO\u017dA:<\/p>\n<p>Celkov\u00e1 d\u013a\u017eka: 15,5 cm \/ 6,10 In<\/p>\n<p>D\u013a\u017eka \u010depele: 7,0 cm \/ 2,75 In<\/p>\n<p>Typ ocele: MoVa<\/p>\n<p>Model: Rovn\u00fd<\/p>\n<p>Povrch: Satin<\/p>\n<p>Typ br\u00fasenia: Hladk\u00fd<\/p>\n<p>D\u013a\u017eka rukov\u00e4te: 8,5 cm \/ 3,34 In<\/p>\n<p>Materi\u00e1l rukov\u00e4te: Pl\u00e1tno<\/p>\n<p>Farba rukov\u00e4te: \u010cierna<\/p>\n<p>Hmotnos\u0165: 70 gr.<\/p>\n<p>Puzdro: Kydex Krajina p\u00f4vodu: \u0160panielsko<\/p>\n<p>&nbsp;<\/p>\n","protected":false},"excerpt":{"rendered":"<p>N\u00f4\u017e Muela Peccary je ide\u00e1lny na ka\u017edodenn\u00e9 nosenie, preto\u017ee ho mo\u017eno nosi\u0165 na krku. Aj napriek svojim mal\u00fdm rozmerom je ve\u013emi odoln\u00fd, dynamick\u00fd, agres\u00edvny a robustn\u00fd.<\/p>\n","protected":false},"featured_media":348543,"comment_status":"open","ping_status":"closed","template":"","meta":[],"pwb-brand":[3910],"product_brand":[],"product_cat":[3186,3187],"product_tag":[3668],"class_list":{"0":"post-348564","1":"product","2":"type-product","3":"status-publish","4":"has-post-thumbnail","6":"pwb-brand-muela-sk","7":"product_cat-noze-sk","8":"product_cat-pevne-noze-sk","9":"product_tag-b2b-sk","11":"first","12":"instock","13":"taxable","14":"shipping-taxable","15":"purchasable","16":"product-type-simple"},"brands":[{"id":3910,"name":"Muela","slug":"muela-sk"}],"_links":{"self":[{"href":"https:\/\/www.moskito.cz\/sk\/wp-json\/wp\/v2\/product\/348564","targetHints":{"allow":["GET"]}}],"collection":[{"href":"https:\/\/www.moskito.cz\/sk\/wp-json\/wp\/v2\/product"}],"about":[{"href":"https:\/\/www.moskito.cz\/sk\/wp-json\/wp\/v2\/types\/product"}],"replies":[{"embeddable":true,"href":"https:\/\/www.moskito.cz\/sk\/wp-json\/wp\/v2\/comments?post=348564"}],"wp:featuredmedia":[{"embeddable":true,"href":"https:\/\/www.moskito.cz\/sk\/wp-json\/wp\/v2\/media\/348543"}],"wp:attachment":[{"href":"https:\/\/www.moskito.cz\/sk\/wp-json\/wp\/v2\/media?parent=348564"}],"wp:term":[{"taxonomy":"pwb-brand","embeddable":true,"href":"https:\/\/www.moskito.cz\/sk\/wp-json\/wp\/v2\/pwb-brand?post=348564"},{"taxonomy":"product_brand","embeddable":true,"href":"https:\/\/www.moskito.cz\/sk\/wp-json\/wp\/v2\/product_brand?post=348564"},{"taxonomy":"product_cat","embeddable":true,"href":"https:\/\/www.moskito.cz\/sk\/wp-json\/wp\/v2\/product_cat?post=348564"},{"taxonomy":"product_tag","embeddable":true,"href":"https:\/\/www.moskito.cz\/sk\/wp-json\/wp\/v2\/product_tag?post=348564"}],"curies":[{"name":"wp","href":"https:\/\/api.w.org\/{rel}","templated":true}]}}