{"id":348628,"date":"2024-07-02T14:21:25","date_gmt":"2024-07-02T13:23:02","guid":{"rendered":"https:\/\/www.moskito.cz\/produkt\/zatvaraci-noz-s-puzdrom-muela-bx-8gm\/"},"modified":"2025-05-07T11:19:21","modified_gmt":"2025-05-07T10:19:21","slug":"zatvaraci-noz-s-puzdrom-muela-bx-8gm","status":"publish","type":"product","link":"https:\/\/www.moskito.cz\/sk\/produkt\/zatvaraci-noz-s-puzdrom-muela-bx-8gm\/","title":{"rendered":"Zatv\u00e1rac\u00ed N\u00f4\u017e s Puzdrom Muela BX-8GM"},"content":{"rendered":"<p>Zatv\u00e1rac\u00ed N\u00f4\u017e s Puzdrom <strong>Muela<\/strong> BX-8GM.<\/p>\n<p>Zatv\u00e1rac\u00ed n\u00f4\u017e Muela BX8GM, \u010drienky z \u010diernej mikarty, chrbtov\u00e1 poistka, \u0161ed\u00e9 oce\u013eov\u00e9 kovanie, nylonov\u00e9 puzdro.<\/p>\n<p>Zatv\u00e1rac\u00ed n\u00f4\u017e od \u0161panielskej firmy Muela klasick\u00e9ho tvaru, ale v modernom po\u0148at\u00ed. N\u00e1jde uplatnenie pri turistike, kempovan\u00ed a t\u00e1boren\u00ed, ale iste ho vyu\u017eij\u00fa aj lovci a po\u013eovn\u00edci. M\u00e1 pr\u00edjemn\u00fa ve\u013ekos\u0165 aj hmotnos\u0165 a ve\u013emi pohodlne sa s n\u00edm pracuje.<\/p>\n<p>Vreckov\u00fd n\u00f4\u017e Muela s \u010depe\u013eou z ocele 440C 8,5 cm. \u010cierna mikartov\u00e1 rukov\u00e4\u0165 a obj\u00edmka TiNi so z\u00e1mkom. \u013dahk\u00fd a kompaktn\u00fd n\u00f4\u017e, ktor\u00fd m\u00f4\u017eete nosi\u0165 v\u017edy vo vrecku. Materi\u00e1ly: \u010cepe\u013e: Oce\u013e 440C Rukov\u00e4\u0165: \u010cierna mikarta Obruba: TiNi Rozmery: D\u013a\u017eka \u010depele: 85 mm. D\u013a\u017eka rukov\u00e4te: 100 mm. Celkov\u00e1 d\u013a\u017eka: 185 mm. Hmotnos\u0165: 120 gramov.<\/p>\n<p>&nbsp;<\/p>\n","protected":false},"excerpt":{"rendered":"<p><strong>Zatv\u00e1rac\u00ed n\u00f4\u017e Muela BX8GM, \u010drienky z \u010diernej mikarty, chrbtov\u00e1 poistka, \u0161ed\u00e9 oce\u013eov\u00e9 kovanie, nylonov\u00e9 puzdro.<\/strong><\/p>\n","protected":false},"featured_media":348607,"comment_status":"open","ping_status":"closed","template":"","meta":[],"pwb-brand":[3910],"product_brand":[],"product_cat":[3186,3233],"product_tag":[3668],"class_list":{"0":"post-348628","1":"product","2":"type-product","3":"status-publish","4":"has-post-thumbnail","6":"pwb-brand-muela-sk","7":"product_cat-noze-sk","8":"product_cat-zatvaracie-noze","9":"product_tag-b2b-sk","11":"first","12":"instock","13":"taxable","14":"shipping-taxable","15":"purchasable","16":"product-type-simple"},"brands":[{"id":3910,"name":"Muela","slug":"muela-sk"}],"_links":{"self":[{"href":"https:\/\/www.moskito.cz\/sk\/wp-json\/wp\/v2\/product\/348628","targetHints":{"allow":["GET"]}}],"collection":[{"href":"https:\/\/www.moskito.cz\/sk\/wp-json\/wp\/v2\/product"}],"about":[{"href":"https:\/\/www.moskito.cz\/sk\/wp-json\/wp\/v2\/types\/product"}],"replies":[{"embeddable":true,"href":"https:\/\/www.moskito.cz\/sk\/wp-json\/wp\/v2\/comments?post=348628"}],"wp:featuredmedia":[{"embeddable":true,"href":"https:\/\/www.moskito.cz\/sk\/wp-json\/wp\/v2\/media\/348607"}],"wp:attachment":[{"href":"https:\/\/www.moskito.cz\/sk\/wp-json\/wp\/v2\/media?parent=348628"}],"wp:term":[{"taxonomy":"pwb-brand","embeddable":true,"href":"https:\/\/www.moskito.cz\/sk\/wp-json\/wp\/v2\/pwb-brand?post=348628"},{"taxonomy":"product_brand","embeddable":true,"href":"https:\/\/www.moskito.cz\/sk\/wp-json\/wp\/v2\/product_brand?post=348628"},{"taxonomy":"product_cat","embeddable":true,"href":"https:\/\/www.moskito.cz\/sk\/wp-json\/wp\/v2\/product_cat?post=348628"},{"taxonomy":"product_tag","embeddable":true,"href":"https:\/\/www.moskito.cz\/sk\/wp-json\/wp\/v2\/product_tag?post=348628"}],"curies":[{"name":"wp","href":"https:\/\/api.w.org\/{rel}","templated":true}]}}