{"id":348712,"date":"2024-07-02T14:58:40","date_gmt":"2024-07-02T14:11:29","guid":{"rendered":"https:\/\/www.moskito.cz\/produkt\/zatvaraci-noz-muela-10-m\/"},"modified":"2025-11-22T20:23:51","modified_gmt":"2025-11-22T19:23:51","slug":"zatvaraci-noz-muela-10-m","status":"publish","type":"product","link":"https:\/\/www.moskito.cz\/sk\/produkt\/zatvaraci-noz-muela-10-m\/","title":{"rendered":"Zatv\u00e1rac\u00ed N\u00f4\u017e Muela 10-M"},"content":{"rendered":"<p>Zatv\u00e1rac\u00ed N\u00f4\u017e <strong>Muela<\/strong> 10-M.<\/p>\n<p>Zatv\u00e1rac\u00ed n\u00f4\u017e od renomovanej \u0161panielskej firmy Muela, perfektn\u00fd pre v\u0161etk\u00fdch, ktor\u00ed maj\u00fa radi tradi\u010dn\u00fd vzh\u013ead, spojen\u00fd s kvalitn\u00fdmi materi\u00e1lmi a \u0161pi\u010dkov\u00fdm spracovan\u00edm.<\/p>\n<p>M\u00e1 \u010depe\u013e s hladkou hranou z molybd\u00e9n-van\u00e1diovej ocele so \u0161ed\u00fdm sat\u00e9nov\u00fdm povrchom, otv\u00e1ra sa manu\u00e1lne a zais\u0165uje ju poistka Backlock.<\/p>\n<p>Rukov\u00e4\u0165 je z kombin\u00e1cie mosadze a dreva, pre estetick\u00fd dizajn. S otvorom na \u0161n\u00farku.<\/p>\n<p>Celkov\u00e1 d\u013a\u017eka: 22 cm<br \/>\nD\u013a\u017eka \u010depele: 10.5 cm<br \/>\nHmotnos\u0165: 200 g<br \/>\nMateri\u00e1l \u010depele: molybd\u00e9n van\u00e1dov\u00e1<br \/>\nMateri\u00e1l rukov\u00e4te: drevo<br \/>\nPoistka: Backlock<\/p>\n","protected":false},"excerpt":{"rendered":"<p><strong>Zatv\u00e1rac\u00ed n\u00f4\u017e od renomovanej \u0161panielskej firmy Muela, perfektn\u00fd pre v\u0161etk\u00fdch, ktor\u00ed maj\u00fa radi tradi\u010dn\u00fd vzh\u013ead.<\/strong><\/p>\n","protected":false},"featured_media":348708,"comment_status":"open","ping_status":"closed","template":"","meta":[],"pwb-brand":[3910],"product_brand":[],"product_cat":[3186,3233],"product_tag":[3668],"class_list":{"0":"post-348712","1":"product","2":"type-product","3":"status-publish","4":"has-post-thumbnail","6":"pwb-brand-muela-sk","7":"product_cat-noze-sk","8":"product_cat-zatvaracie-noze","9":"product_tag-b2b-sk","11":"first","12":"outofstock","13":"taxable","14":"shipping-taxable","15":"purchasable","16":"product-type-simple"},"brands":[{"id":3910,"name":"Muela","slug":"muela-sk"}],"_links":{"self":[{"href":"https:\/\/www.moskito.cz\/sk\/wp-json\/wp\/v2\/product\/348712","targetHints":{"allow":["GET"]}}],"collection":[{"href":"https:\/\/www.moskito.cz\/sk\/wp-json\/wp\/v2\/product"}],"about":[{"href":"https:\/\/www.moskito.cz\/sk\/wp-json\/wp\/v2\/types\/product"}],"replies":[{"embeddable":true,"href":"https:\/\/www.moskito.cz\/sk\/wp-json\/wp\/v2\/comments?post=348712"}],"wp:featuredmedia":[{"embeddable":true,"href":"https:\/\/www.moskito.cz\/sk\/wp-json\/wp\/v2\/media\/348708"}],"wp:attachment":[{"href":"https:\/\/www.moskito.cz\/sk\/wp-json\/wp\/v2\/media?parent=348712"}],"wp:term":[{"taxonomy":"pwb-brand","embeddable":true,"href":"https:\/\/www.moskito.cz\/sk\/wp-json\/wp\/v2\/pwb-brand?post=348712"},{"taxonomy":"product_brand","embeddable":true,"href":"https:\/\/www.moskito.cz\/sk\/wp-json\/wp\/v2\/product_brand?post=348712"},{"taxonomy":"product_cat","embeddable":true,"href":"https:\/\/www.moskito.cz\/sk\/wp-json\/wp\/v2\/product_cat?post=348712"},{"taxonomy":"product_tag","embeddable":true,"href":"https:\/\/www.moskito.cz\/sk\/wp-json\/wp\/v2\/product_tag?post=348712"}],"curies":[{"name":"wp","href":"https:\/\/api.w.org\/{rel}","templated":true}]}}