{"id":348899,"date":"2024-07-03T12:42:31","date_gmt":"2024-07-03T11:43:50","guid":{"rendered":"https:\/\/www.moskito.cz\/produkt\/pevny-noz-muela-col-7a\/"},"modified":"2025-05-07T11:19:32","modified_gmt":"2025-05-07T10:19:32","slug":"pevny-noz-muela-col-7a","status":"publish","type":"product","link":"https:\/\/www.moskito.cz\/sk\/produkt\/pevny-noz-muela-col-7a\/","title":{"rendered":"Pevn\u00fd N\u00f4\u017e Muela COL-7A"},"content":{"rendered":"<p>Pevn\u00fd N\u00f4\u017e <strong>Muela<\/strong> COL-7A.<\/p>\n<p><strong>COL-7A<\/strong> &#8211; Loveck\u00fd n\u00f4\u017e <strong>COLIBRI<\/strong> s klasick\u00fdm radom s full tang kon\u0161trukciou, \u0161panielska firma Muela. Umelo vyroben\u00e9, ide\u00e1lne pre zberate\u013eov, loveck\u00e9 nad\u0161encov, \u013eud\u00ed, ktor\u00ed oce\u0148uj\u00fa akt\u00edvny \u017eivotn\u00fd \u0161t\u00fdl. Vyroben\u00e9 z MoVa molybd\u00e9n-van\u00e1diovej ocele.<\/p>\n<p>\u010cepe\u013e &#8211; s profilom Drop Point, hr\u00fabka 2,9 mm, s dobr\u00fdmi mechanick\u00fdmi vlastnos\u0165ami a dlh\u00fdm ohniskom. Vyroben\u00e9 z odolnej molybd\u00e9n-van\u00e1diovej ocele X50CrMoV15. Kaleno v rozsahu 57-58 HRC. Hladk\u00e1 \u010depe\u013e (typ Plain) bola odvoden\u00e1 s ploch\u00fdm konk\u00e1vnym v\u00fdbrusom (Hollow Grind). Povrchov\u00e1 \u00faprava Satin Finish (polomatn\u00e1) eliminuje odlesky. Na z\u00e1kladni \u010depele mosadzn\u00fd chr\u00e1ni\u010d chr\u00e1niaci ruku.<\/p>\n<p>Rukov\u00e4\u0165 &#8211; profilovan\u00e1, poskytuje perfektn\u00fd \u00fachop pri pr\u00e1ci. Hned\u00e9 obklady potiahnut\u00e9 pr\u00edrodn\u00fdm jelen\u00edm parohom (jelenie jele\u0148). Podpera. V\u00fdstuha a nity z vysoko niklovej mosadze. V zadnej \u010dasti rukov\u00e4te je otvor na upevnenie popruhu, bezpe\u010dnostn\u00e1 \u0161n\u00farka.<\/p>\n<p>Puzdro &#8211; pred\u013a\u017een\u00e9, chr\u00e1ni \u010depe\u013e s \u010das\u0165ou rukov\u00e4te. Vyroben\u00e9 z hnedej pr\u00edrodnej ko\u017ee s vyrazen\u00fdm logom spolo\u010dnosti. Po\u0161va bola na okrajoch pre\u0161it\u00e1 ozdobnou ni\u0165ou. Upevnenie na opasok alebo nadstavec umo\u017e\u0148uje nosi\u0165 n\u00f4\u017e vo vzpriamenej polohe.<\/p>\n<p>Technick\u00e9 \u0161pecifik\u00e1cie:<br \/>\n\u010c\u00edslo produktu: COL-7A<br \/>\nTyp ocele: X50CrMoV15<br \/>\nD\u013a\u017eka \u010depele: 7 cm \/ 2,76&#8243;<br \/>\nHr\u00fabka \u010depele: 0.29 cm \/ 0,11&#8243;<br \/>\nCelkov\u00e1 d\u013a\u017eka: 15.5 cm \/ 6,1&#8243;<br \/>\nHmotnos\u0165: 87 g \/ 3,07 oz<br \/>\nTyp \u010depele: Hladk\u00fd<br \/>\nTyp \u010depele: Drop Point<br \/>\nTyp rezu: Konk\u00e1vne<br \/>\nMateri\u00e1l rukov\u00e4te: Jelenie parohy<br \/>\nPo\u0161va: Ko\u017ea<br \/>\nV\u00fdrobca: Muela, \u0160panielsko<\/p>\n<p>&nbsp;<\/p>\n<p>&nbsp;<\/p>\n","protected":false},"excerpt":{"rendered":"<p><strong>COL-7A &#8211; Loveck\u00fd n\u00f4\u017e COLIBRI s klasick\u00fdm radom s full tang kon\u0161trukciou, \u0161panielska firma Muela. Umelo vyroben\u00e9, ide\u00e1lne pre zberate\u013eov, loveck\u00e9 nad\u0161encov, \u013eud\u00ed, ktor\u00ed oce\u0148uj\u00fa akt\u00edvny \u017eivotn\u00fd \u0161t\u00fdl.<\/strong><\/p>\n","protected":false},"featured_media":348870,"comment_status":"open","ping_status":"closed","template":"","meta":[],"pwb-brand":[3910],"product_brand":[],"product_cat":[3186,3187],"product_tag":[3668],"class_list":{"0":"post-348899","1":"product","2":"type-product","3":"status-publish","4":"has-post-thumbnail","6":"pwb-brand-muela-sk","7":"product_cat-noze-sk","8":"product_cat-pevne-noze-sk","9":"product_tag-b2b-sk","11":"first","12":"outofstock","13":"taxable","14":"shipping-taxable","15":"purchasable","16":"product-type-simple"},"brands":[{"id":3910,"name":"Muela","slug":"muela-sk"}],"_links":{"self":[{"href":"https:\/\/www.moskito.cz\/sk\/wp-json\/wp\/v2\/product\/348899","targetHints":{"allow":["GET"]}}],"collection":[{"href":"https:\/\/www.moskito.cz\/sk\/wp-json\/wp\/v2\/product"}],"about":[{"href":"https:\/\/www.moskito.cz\/sk\/wp-json\/wp\/v2\/types\/product"}],"replies":[{"embeddable":true,"href":"https:\/\/www.moskito.cz\/sk\/wp-json\/wp\/v2\/comments?post=348899"}],"wp:featuredmedia":[{"embeddable":true,"href":"https:\/\/www.moskito.cz\/sk\/wp-json\/wp\/v2\/media\/348870"}],"wp:attachment":[{"href":"https:\/\/www.moskito.cz\/sk\/wp-json\/wp\/v2\/media?parent=348899"}],"wp:term":[{"taxonomy":"pwb-brand","embeddable":true,"href":"https:\/\/www.moskito.cz\/sk\/wp-json\/wp\/v2\/pwb-brand?post=348899"},{"taxonomy":"product_brand","embeddable":true,"href":"https:\/\/www.moskito.cz\/sk\/wp-json\/wp\/v2\/product_brand?post=348899"},{"taxonomy":"product_cat","embeddable":true,"href":"https:\/\/www.moskito.cz\/sk\/wp-json\/wp\/v2\/product_cat?post=348899"},{"taxonomy":"product_tag","embeddable":true,"href":"https:\/\/www.moskito.cz\/sk\/wp-json\/wp\/v2\/product_tag?post=348899"}],"curies":[{"name":"wp","href":"https:\/\/api.w.org\/{rel}","templated":true}]}}