{"id":348933,"date":"2024-07-03T13:26:41","date_gmt":"2024-07-03T12:28:07","guid":{"rendered":"https:\/\/www.moskito.cz\/produkt\/zatvaraci-noz-muela-s-puzdrom-k-9r-m\/"},"modified":"2024-07-03T13:28:07","modified_gmt":"2024-07-03T12:28:07","slug":"zatvaraci-noz-muela-s-puzdrom-k-9r-m","status":"publish","type":"product","link":"https:\/\/www.moskito.cz\/sk\/produkt\/zatvaraci-noz-muela-s-puzdrom-k-9r-m\/","title":{"rendered":"Zatv\u00e1rac\u00ed N\u00f4\u017e Muela s Puzdrom K-9R.M"},"content":{"rendered":"<p>Zatv\u00e1rac\u00ed N\u00f4\u017e <strong>Muela<\/strong> s Puzdrom K-9R.M<\/p>\n<p><strong>Muela<\/strong> je \u0161panielska firma, ktor\u00e1 vyr\u00e1ba cenovo prijate\u013en\u00e9 a kvalitn\u00e9 loveck\u00e9 no\u017ee, zatv\u00e1racie no\u017ee, luxusn\u00e9 no\u017ee a mnoh\u00e9 \u010fal\u0161ie. Pri v\u00fdrobe \u010depel\u00ed spolo\u010dnos\u0165 Muela pou\u017e\u00edvaj\u00fa r\u00f4zne druhy ocele napr. 12C27 Sandvik, 14C28N, molybd\u00e9n-van\u00e1diovej ocele MOVA 60 s tvrdos\u0165ou 57-61 HRC, oce\u013e Inox 1-42 s tvrdos\u0165ou 54-58HRC. \u010cepele s ozna\u010den\u00edm 440 s\u00fa vyroben\u00e9 z ocele Mova-60E. Dama\u0161kov\u00e9 no\u017ee Muela s\u00fa v\u00fdsledkom kombin\u00e1cie dvoch ocel\u00ed a to RWL34 a MPC27, ktor\u00e9 maj\u00fa tvrdos\u0165 57-62 HRC. Rukov\u00e4te no\u017eov Muela zdobia kvalitn\u00e9 materi\u00e1ly, medzi ktor\u00e9 patr\u00ed paroh a r\u00f4zne druhy dreva: olivov\u00e9, Africa Blackwood, Kingwood, cocobolo, Amazonas Rosewood a orechov\u00e9 drevo.<\/p>\n<p>Vreckov\u00fd n\u00f4\u017e s 9 cm \u010depe\u013eou z ocele 440C. Rukov\u00e4\u0165 z koralov\u00e9ho lisovan\u00e9ho dreva s aret\u00e1ciou. \u013dahk\u00fd a kompaktn\u00fd zatv\u00e1rac\u00ed n\u00f4\u017e, ktor\u00fd m\u00f4\u017eete ma\u0165 v\u017edy vo vrecku. Materi\u00e1ly: \u010cepe\u013e: 440C Oce\u013e Rukov\u00e4\u0165: Koralov\u00e9 lisovan\u00e9 drevo Rozmery: D\u013a\u017eka \u010depele: 90 mm. Hmotnos\u0165: 45 gramov.<\/p>\n<p>&nbsp;<\/p>\n","protected":false},"excerpt":{"rendered":"<p><strong>Muela je \u0161panielska firma, ktor\u00e1 vyr\u00e1ba cenovo prijate\u013en\u00e9 a kvalitn\u00e9 loveck\u00e9 no\u017ee, zatv\u00e1racie no\u017ee, luxusn\u00e9 no\u017ee a mnoh\u00e9 \u010fal\u0161ie.<\/strong><\/p>\n","protected":false},"featured_media":348910,"comment_status":"open","ping_status":"closed","template":"","meta":[],"pwb-brand":[3910],"product_brand":[],"product_cat":[3233,3186],"product_tag":[3668],"class_list":{"0":"post-348933","1":"product","2":"type-product","3":"status-publish","4":"has-post-thumbnail","6":"pwb-brand-muela-sk","7":"product_cat-zatvaracie-noze","8":"product_cat-noze-sk","9":"product_tag-b2b-sk","11":"first","12":"outofstock","13":"taxable","14":"shipping-taxable","15":"purchasable","16":"product-type-simple"},"brands":[{"id":3910,"name":"Muela","slug":"muela-sk"}],"_links":{"self":[{"href":"https:\/\/www.moskito.cz\/sk\/wp-json\/wp\/v2\/product\/348933","targetHints":{"allow":["GET"]}}],"collection":[{"href":"https:\/\/www.moskito.cz\/sk\/wp-json\/wp\/v2\/product"}],"about":[{"href":"https:\/\/www.moskito.cz\/sk\/wp-json\/wp\/v2\/types\/product"}],"replies":[{"embeddable":true,"href":"https:\/\/www.moskito.cz\/sk\/wp-json\/wp\/v2\/comments?post=348933"}],"wp:featuredmedia":[{"embeddable":true,"href":"https:\/\/www.moskito.cz\/sk\/wp-json\/wp\/v2\/media\/348910"}],"wp:attachment":[{"href":"https:\/\/www.moskito.cz\/sk\/wp-json\/wp\/v2\/media?parent=348933"}],"wp:term":[{"taxonomy":"pwb-brand","embeddable":true,"href":"https:\/\/www.moskito.cz\/sk\/wp-json\/wp\/v2\/pwb-brand?post=348933"},{"taxonomy":"product_brand","embeddable":true,"href":"https:\/\/www.moskito.cz\/sk\/wp-json\/wp\/v2\/product_brand?post=348933"},{"taxonomy":"product_cat","embeddable":true,"href":"https:\/\/www.moskito.cz\/sk\/wp-json\/wp\/v2\/product_cat?post=348933"},{"taxonomy":"product_tag","embeddable":true,"href":"https:\/\/www.moskito.cz\/sk\/wp-json\/wp\/v2\/product_tag?post=348933"}],"curies":[{"name":"wp","href":"https:\/\/api.w.org\/{rel}","templated":true}]}}