{"id":349062,"date":"2024-07-04T10:14:13","date_gmt":"2024-07-04T09:16:16","guid":{"rendered":"https:\/\/www.moskito.cz\/produkt\/zatvaraci-noz-muela-s-puzdrom-k-7r\/"},"modified":"2025-05-07T11:19:38","modified_gmt":"2025-05-07T10:19:38","slug":"zatvaraci-noz-muela-s-puzdrom-k-7r","status":"publish","type":"product","link":"https:\/\/www.moskito.cz\/sk\/produkt\/zatvaraci-noz-muela-s-puzdrom-k-7r\/","title":{"rendered":"Zatv\u00e1rac\u00ed N\u00f4\u017e Muela s Puzdrom K-7R"},"content":{"rendered":"<p>Zatv\u00e1rac\u00ed N\u00f4\u017e <strong>Muela<\/strong> s Puzdrom K-7R.<\/p>\n<p>Ak h\u013ead\u00e1te EDC n\u00f4\u017e, je pre v\u00e1s ako stvoren\u00fd model K-7R vyr\u00e1ban\u00fd spolo\u010dnos\u0165ou Muela v \u0160panielsku. Obsahuje \u010depe\u013e z nerezovej ocele 420 Rukov\u00e4te sa dobre dr\u017eia, preto\u017ee s\u00fa ergonomick\u00e9 a vyroben\u00e9 z lisovan\u00e9ho koralov\u00e9ho dreva. Obsahuje nylonov\u00e9 p\u00fazdro.<\/p>\n<p>\u010cepe\u013e tohto no\u017ea je vyroben\u00e1 z nerezovej ocele 420, materi\u00e1lu s vysok\u00fdm obsahom chr\u00f3mu a uhl\u00edka, \u010do znamen\u00e1, \u017ee jeho odolnos\u0165 proti kor\u00f3zii bude vysok\u00e1 a ostrie udr\u017e\u00ed neporu\u0161en\u00e9 ove\u013ea dlh\u0161ie.<\/p>\n<p>T\u00e1to oce\u013e sa pou\u017e\u00edva na pr\u00edbory ur\u010den\u00e9 na pr\u00e1ce vy\u017eaduj\u00face tvrdos\u0165 a robustnos\u0165, preto sa skvele hod\u00ed pre tento model ur\u010den\u00fd pre v\u0161etky druhy morsk\u00fdch a horsk\u00fdch aktiv\u00edt v tvrd\u00fdch materi\u00e1loch.<\/p>\n<p>\u0160pecifick\u00e9 zlo\u017eenie tohto typu ocele je 0,49% uhl\u00edka, 13-14% chr\u00f3mu, 0,50% mang\u00e1nu a 0,50% krem\u00edka. Rovnako m\u00e1 tvrdos\u0165 52 HRC pod\u013ea Rockwellovej stupnice.<\/p>\n<p>Jednou z vec\u00ed, ktor\u00e9 m\u00f4\u017eeme na tomto no\u017ei vyzdvihn\u00fa\u0165, je jeho uzamykac\u00ed syst\u00e9m \u010depele typu Back Lock, ktor\u00fd zabra\u0148uje n\u00e1hodn\u00e9mu otvoreniu alebo zatvoreniu po\u010das pou\u017e\u00edvania.<\/p>\n<p>\u010eal\u0161ou v\u00fdhodou tohto uzamykacieho mechanizmu je, \u017ee je ve\u013emi bezpe\u010dn\u00fd a \u013eahko sa pou\u017e\u00edva, tak\u017ee doba pou\u017eitia sa skr\u00e1ti na minimum. Navy\u0161e nevy\u017eaduje \u017eiadnu \u010fal\u0161iu \u00fadr\u017ebu.<\/p>\n<p>Materi\u00e1lom pou\u017eit\u00fdm na rukov\u00e4ti br\u00fasneho kot\u00fa\u010da K-7R je lisovan\u00e9 drevo. Tento typ materi\u00e1lu sa sklad\u00e1 z r\u00f4znych vrstiev tohto typu pr\u00edrodn\u00e9ho materi\u00e1lu zoskupen\u00fdch pomocou vysokotlakov\u00e9ho procesu s epoxidovou \u017eivicou.<\/p>\n<p>Drevo je navy\u0161e charakteristick\u00e9 svojou tvrdos\u0165ou a odolnos\u0165ou vo\u010di kor\u00f3zii, extr\u00e9mnym teplot\u00e1m, vysokej relat\u00edvnej vlhkosti a otrasom.<\/p>\n<p>Firma Muela do tohto modelu zakomponovala kvalitn\u00e9 \u010dierne nylonov\u00e9 p\u00fazdro. U\u017e\u00edvate\u013e tak bude m\u00f4c\u0165 n\u00f4\u017e pren\u00e1\u0161a\u0165 jednoduch\u0161\u00edm a pohodlnej\u0161\u00edm sp\u00f4sobom. Navy\u0161e bude chr\u00e1nen\u00e1 proti pr\u00edpadn\u00fdm n\u00e1razom a po\u0161kriabaniu.<\/p>\n<p>Celkov\u00e1 d\u013a\u017eka: 16,2 cm<br \/>\nD\u013a\u017eka \u010depele: 7 cm<br \/>\nHr\u00fabka \u010depele:-<br \/>\nTyp ocele: 420<br \/>\nTyp z\u00e1mku: Back Lock<br \/>\nOtv\u00e1ranie: manu\u00e1lne<br \/>\nKlip: Nie<br \/>\nTvrdos\u0165 ocele: 58 HRC<br \/>\n\u0160t\u00fdl \u010depele: Drop Point<br \/>\nPr\u00e1zdny typ: Rovn\u00fd<br \/>\nPovrchov\u00e1 \u00faprava \u010depele: sat\u00e9n<br \/>\nTyp hrany: Hladk\u00fd<br \/>\nD\u013a\u017eka rukov\u00e4te: 9,2 cm<br \/>\nMateri\u00e1l rukov\u00e4te: Koralov\u00e9 lisovan\u00e9 drevo<br \/>\nFarba rukov\u00e4te: Hned\u00e1<br \/>\nHmotnos\u0165: 50g<br \/>\nKrajina p\u00f4vodu: \u0160panielsko<\/p>\n<p>&nbsp;<\/p>\n<p>&nbsp;<\/p>\n","protected":false},"excerpt":{"rendered":"<p><strong>Ak h\u013ead\u00e1te EDC n\u00f4\u017e, je pre v\u00e1s ako stvoren\u00fd model K-7R vyr\u00e1ban\u00fd spolo\u010dnos\u0165ou Muela v \u0160panielsku.<\/strong><\/p>\n","protected":false},"featured_media":349049,"comment_status":"open","ping_status":"closed","template":"","meta":[],"pwb-brand":[3910],"product_brand":[],"product_cat":[3186,3233],"product_tag":[3668],"class_list":{"0":"post-349062","1":"product","2":"type-product","3":"status-publish","4":"has-post-thumbnail","6":"pwb-brand-muela-sk","7":"product_cat-noze-sk","8":"product_cat-zatvaracie-noze","9":"product_tag-b2b-sk","11":"first","12":"instock","13":"taxable","14":"shipping-taxable","15":"purchasable","16":"product-type-simple"},"brands":[{"id":3910,"name":"Muela","slug":"muela-sk"}],"_links":{"self":[{"href":"https:\/\/www.moskito.cz\/sk\/wp-json\/wp\/v2\/product\/349062","targetHints":{"allow":["GET"]}}],"collection":[{"href":"https:\/\/www.moskito.cz\/sk\/wp-json\/wp\/v2\/product"}],"about":[{"href":"https:\/\/www.moskito.cz\/sk\/wp-json\/wp\/v2\/types\/product"}],"replies":[{"embeddable":true,"href":"https:\/\/www.moskito.cz\/sk\/wp-json\/wp\/v2\/comments?post=349062"}],"wp:featuredmedia":[{"embeddable":true,"href":"https:\/\/www.moskito.cz\/sk\/wp-json\/wp\/v2\/media\/349049"}],"wp:attachment":[{"href":"https:\/\/www.moskito.cz\/sk\/wp-json\/wp\/v2\/media?parent=349062"}],"wp:term":[{"taxonomy":"pwb-brand","embeddable":true,"href":"https:\/\/www.moskito.cz\/sk\/wp-json\/wp\/v2\/pwb-brand?post=349062"},{"taxonomy":"product_brand","embeddable":true,"href":"https:\/\/www.moskito.cz\/sk\/wp-json\/wp\/v2\/product_brand?post=349062"},{"taxonomy":"product_cat","embeddable":true,"href":"https:\/\/www.moskito.cz\/sk\/wp-json\/wp\/v2\/product_cat?post=349062"},{"taxonomy":"product_tag","embeddable":true,"href":"https:\/\/www.moskito.cz\/sk\/wp-json\/wp\/v2\/product_tag?post=349062"}],"curies":[{"name":"wp","href":"https:\/\/api.w.org\/{rel}","templated":true}]}}