{"id":349112,"date":"2024-07-04T10:31:11","date_gmt":"2024-07-04T09:31:48","guid":{"rendered":"https:\/\/www.moskito.cz\/produkt\/zatvaraci-noz-muela-s-puzdrom-zx-8gr\/"},"modified":"2025-05-07T11:19:40","modified_gmt":"2025-05-07T10:19:40","slug":"zatvaraci-noz-muela-s-puzdrom-zx-8gr","status":"publish","type":"product","link":"https:\/\/www.moskito.cz\/sk\/produkt\/zatvaraci-noz-muela-s-puzdrom-zx-8gr\/","title":{"rendered":"Zatv\u00e1rac\u00ed N\u00f4\u017e Muela s Puzdrom ZX-8GR"},"content":{"rendered":"<p>Zatv\u00e1rac\u00ed N\u00f4\u017e <strong>Muela<\/strong> s Puzdrom ZX-8GR.<\/p>\n<p>Tento n\u00f4\u017e m\u00e1 hladk\u00fa \u010depe\u013e z ocele X50CrMoV15 (57-58 HRC) s morfol\u00f3giou clip-point a sat\u00e9nov\u00fd povrch. Jeho rukov\u00e4\u0165 je tvoren\u00e1 oce\u013eov\u00fdmi vlo\u017ekami.<\/p>\n<p>Dreven\u00e9 Grenadilla zdoben\u00e9 na jednej strane dvoma le\u0161ten\u00fdmi hlin\u00edkov\u00fdmi stuhami.<\/p>\n<p>Ako bezpe\u010dnostn\u00fd syst\u00e9m pou\u017e\u00edva back-lock.<\/p>\n<p>N\u00f4\u017e patr\u00ed do radu ZX Muela, predstavuje modern\u00fd dizajn s ve\u013emi elegantn\u00fdmi l\u00edniami as ve\u013emi vhodn\u00fdmi rozmermi na ka\u017edodenn\u00e9 pou\u017eitie.<\/p>\n<p>Tento model sa pred\u00e1va v nieko\u013ek\u00fdch verzi\u00e1ch, ktor\u00e9 sa od seba l\u00ed\u0161ia materi\u00e1lom, je mo\u017en\u00e9 si vybra\u0165 medzi modrou micartou, zelenou micartou, olivov\u00fdm drevom.<\/p>\n<p>To je pr\u00edpad k\u00fasku, ktor\u00fd sa tu objavuje s kr\u00e1snym n\u00e1terom v dreve Grenadilla.<\/p>\n<p>Tento holiaci stroj\u010dek m\u00e1 obvykl\u00e9 vysoko kvalitn\u00e9 povrchov\u00e9 \u00fapravy a \u00fapravy z domu Muela, ktor\u00e9 ho tvoria<\/p>\n<p>Pred\u00e1va sa v jednoduchej kart\u00f3novej krabici a obsahuje nylonov\u00e9 puzdro s logom zna\u010dky.<\/p>\n<p>Stru\u010dne povedan\u00e9, ZX-8GR je vynikaj\u00facou vo\u013ebou ako univerz\u00e1lny EDC.<\/p>\n<p>Oce\u013e: X50CrMoV15;<br \/>\nRukov\u00e4\u0165: drevo Grenadilla;<br \/>\nD\u013a\u017eka \u010depele: 80 mm;<br \/>\nCelkov\u00e1 d\u013a\u017eka: 187 mm;<br \/>\nHmotnos\u0165: 91g.<\/p>\n","protected":false},"excerpt":{"rendered":"<p><strong>Loveck\u00fd a viac\u00fa\u010delov\u00fd n\u00f4\u017e Muela vyroben\u00fd v \u0160panielsku s \u010depe\u013eou z ocele MoVa a rukov\u00e4\u0165ou z dreva granadillo.<\/strong><\/p>\n","protected":false},"featured_media":349073,"comment_status":"open","ping_status":"closed","template":"","meta":[],"pwb-brand":[3910],"product_brand":[],"product_cat":[3233,3186],"product_tag":[3668],"class_list":{"0":"post-349112","1":"product","2":"type-product","3":"status-publish","4":"has-post-thumbnail","6":"pwb-brand-muela-sk","7":"product_cat-zatvaracie-noze","8":"product_cat-noze-sk","9":"product_tag-b2b-sk","11":"first","12":"instock","13":"taxable","14":"shipping-taxable","15":"purchasable","16":"product-type-simple"},"brands":[{"id":3910,"name":"Muela","slug":"muela-sk"}],"_links":{"self":[{"href":"https:\/\/www.moskito.cz\/sk\/wp-json\/wp\/v2\/product\/349112","targetHints":{"allow":["GET"]}}],"collection":[{"href":"https:\/\/www.moskito.cz\/sk\/wp-json\/wp\/v2\/product"}],"about":[{"href":"https:\/\/www.moskito.cz\/sk\/wp-json\/wp\/v2\/types\/product"}],"replies":[{"embeddable":true,"href":"https:\/\/www.moskito.cz\/sk\/wp-json\/wp\/v2\/comments?post=349112"}],"wp:featuredmedia":[{"embeddable":true,"href":"https:\/\/www.moskito.cz\/sk\/wp-json\/wp\/v2\/media\/349073"}],"wp:attachment":[{"href":"https:\/\/www.moskito.cz\/sk\/wp-json\/wp\/v2\/media?parent=349112"}],"wp:term":[{"taxonomy":"pwb-brand","embeddable":true,"href":"https:\/\/www.moskito.cz\/sk\/wp-json\/wp\/v2\/pwb-brand?post=349112"},{"taxonomy":"product_brand","embeddable":true,"href":"https:\/\/www.moskito.cz\/sk\/wp-json\/wp\/v2\/product_brand?post=349112"},{"taxonomy":"product_cat","embeddable":true,"href":"https:\/\/www.moskito.cz\/sk\/wp-json\/wp\/v2\/product_cat?post=349112"},{"taxonomy":"product_tag","embeddable":true,"href":"https:\/\/www.moskito.cz\/sk\/wp-json\/wp\/v2\/product_tag?post=349112"}],"curies":[{"name":"wp","href":"https:\/\/api.w.org\/{rel}","templated":true}]}}