{"id":349195,"date":"2024-07-04T13:13:37","date_gmt":"2024-07-04T12:17:10","guid":{"rendered":"https:\/\/www.moskito.cz\/produkt\/zatvaraci-noz-muela-panzer-10n\/"},"modified":"2025-05-07T11:19:41","modified_gmt":"2025-05-07T10:19:41","slug":"zatvaraci-noz-muela-panzer-10n","status":"publish","type":"product","link":"https:\/\/www.moskito.cz\/sk\/produkt\/zatvaraci-noz-muela-panzer-10n\/","title":{"rendered":"Zatv\u00e1rac\u00ed N\u00f4\u017e Muela PANZER-10N"},"content":{"rendered":"<p>Zatv\u00e1rac\u00ed N\u00f4\u017e <strong>Muela<\/strong> PANZER-10N<\/p>\n<p><strong>PANZER-10N<\/strong> \u010cierny PTB\/Sklolamin\u00e1t, \u010cierny PTFE plnohodnotn\u00fd, univerz\u00e1lny EDC n\u00f4\u017e, ktor\u00fd by ste chceli ma\u0165 st\u00e1le pri sebe. Dobre premyslen\u00e1 ergonomick\u00e1 rukov\u00e4\u0165 a tvarovan\u00e1 rampa pre palec poskytuj\u00fa bezpe\u010dn\u00fd \u00fachop pre v\u0161etky druhy rezania. Thumb Stud na oboch stran\u00e1ch a r\u00fdchly Flipper flipper v\u00e1m umo\u017en\u00ed dynamicky otvori\u0165 \u010depe\u013e dvoma sp\u00f4sobmi.<\/p>\n<p>X60CrMoV15 (MoVa 60) &#8211; vysoko uhl\u00edkov\u00e1 molybd\u00e9n-van\u00e1diov\u00e1 martenzitick\u00e1 nerezov\u00e1 oce\u013e s vy\u0161\u0161\u00edm obsahom uhl\u00edka ako oce\u013e 1.4116 (X50CrMoV15). Vysoko odoln\u00fd proti kor\u00f3zii a opotrebovaniu. Pou\u017e\u00edva sa pri v\u00fdrobe no\u017eov, \u0161pi\u010dkov\u00fdch pr\u00edborov a chirurgick\u00fdch n\u00e1strojov. Vyzna\u010duje sa pomerne vysokou tvrdos\u0165ou pri nerezov\u00fdch oceliach 57-58 HRC. Chemick\u00e9 zlo\u017eenie ocele je obohaten\u00e9 o dopovanie 15,0% chr\u00f3mu (Cr), 0,80% molybd\u00e9nu (Mo), 0,20% van\u00e1du (V).<\/p>\n<p>PTFE Black \u2013 \u0161iroko pou\u017e\u00edvan\u00fd v priemysle n\u00e1terov\u00fdch hm\u00f4t, polytetraflu\u00f3retyl\u00e9n je ultra jemn\u00fd produkt s n\u00edzkou molekulovou hmotnos\u0165ou spracovan\u00fd \u0161peci\u00e1lnym procesom. Vyzna\u010duje sa vynikaj\u00facou chemickou a poveternostnou odolnos\u0165ou a teplotnou odolnos\u0165ou, tepelnou stabilitou, nepri\u013enavos\u0165ou, elektrickou izol\u00e1ciou, po\u017eiarnou odolnos\u0165ou a samomaznos\u0165ou. V\u010faka pou\u017eitiu polytetrafluoretyl\u00e9nu ako po\u0165ahov\u00e9ho materi\u00e1lu \u010depele sa zni\u017euje trenie po\u010das pou\u017e\u00edvania, \u010d\u00edm sa zni\u017euje potreba sily pri v\u0161etk\u00fdch druhoch pr\u00e1ce. \u010cepele potiahnut\u00e9 PTFE poskytovali o 22 % ni\u017e\u0161iu priemern\u00fa silu ao 26 % ni\u017e\u0161iu maxim\u00e1lnu silu v porovnan\u00ed s \u010depe\u013eami s chr\u00f3movan\u00fdm povrchom.<\/p>\n<p>\u010cepe\u013e &#8211; typ Drop Point, hr\u00fabka 3,6 mm, potiahnut\u00e1 maskovan\u00edm po\u0161kriabaniu a antireflexnou vrstvou PTFE. \u010cepe\u013e bola vyroben\u00e1 s konk\u00e1vnym v\u00fdbrusom (Hollow grind), hladk\u00e1 \u010depe\u013e (Plain) poskytuje dobr\u00e9 rezn\u00e9 vlastnosti. \u010cepe\u013e je pokryt\u00e1 \u010diernym matn\u00fdm antireflexn\u00fdm PTFE povlakom odoln\u00fdm proti po\u0161kriabaniu. Obojstrann\u00fd \u010dap na stran\u00e1ch Thumb Stud a Flipper umo\u017e\u0148uje r\u00fdchle otvorenie no\u017ea. Blokovac\u00ed typ Liner-Lock.<\/p>\n<p>Rukov\u00e4\u0165 -\u010dierna, ergonomick\u00e1, profilovan\u00e1 pod prstami. Potiahnut\u00e9 texturovan\u00fdmi podlo\u017ekami z PTB polym\u00e9ru vystu\u017een\u00e9ho sklen\u00fdmi vl\u00e1knami zais\u0165uje bezpe\u010dn\u00e9 uchopenie aj mokr\u00fdmi rukami. Rukov\u00e4\u0165 Spine Jimping zvy\u0161uje pohodlie a pri\u013enavos\u0165. N\u00f4\u017e je vybaven\u00fd pevnou kovovou torx sponou namontovanou na torx skrutke, ktor\u00e1 umo\u017e\u0148uje nosenie no\u017ea v polohe \u0161pi\u010dkou dole (hrotom dole). V zadnej \u010dasti k\u013eu\u010dky bola umiestnen\u00e1 medzera umo\u017e\u0148uj\u00faca in\u0161tal\u00e1ciu bezpe\u010dnostn\u00e9ho lanka.<\/p>\n<p>Technick\u00e9 \u0161pecifik\u00e1cie:<br \/>\n\u010c\u00edslo produktu: PANZER-10N<\/p>\n<p>Celkov\u00e1 d\u013a\u017eka: 22.60 cm \/ 8,9&#8243;<br \/>\nD\u013a\u017eka \u010depele: 10 cm \/ 3,94&#8243;<br \/>\nHr\u00fabka \u010depele: 0.36 cm \/ 0,14&#8243;<br \/>\nHmotnos\u0165: 174,0 g \/ 6,14 oz<\/p>\n<p>Materi\u00e1l \u010depele: X60CrMoV15<br \/>\nTvrdos\u0165 \u010depele: 57-58 HRc<br \/>\nBr\u00fasenie \u010depele: Dut\u00e9<br \/>\nPovrchov\u00e1 \u00faprava \u010depele: PTFE<\/p>\n<p>Materi\u00e1l rukov\u00e4te: PTB Polym\u00e9r vystu\u017een\u00fd sklen\u00fdmi vl\u00e1knami (PTB + Glassfibre)<br \/>\nFarba povrchovej \u00fapravy rukov\u00e4te: \u010cierna<\/p>\n<p>Klip: vpravo, \u0161pi\u010dka dole<br \/>\nMateri\u00e1l klipu: Nerezov\u00e1 oce\u013e<\/p>\n<p>Uzamykac\u00ed mechanizmus: Liner Lock<br \/>\nSp\u00f4sob otv\u00e1rania: Manu\u00e1lne, flipper, otvor pre palec<br \/>\n\u010eal\u0161ie pr\u00edslu\u0161enstvo: \u017diadne<\/p>\n<p>Dizajn\u00e9r: Muela<br \/>\nN\u00e1zov zna\u010dky: Muela<br \/>\nV\u00fdrobca: Manufacturas Muela, SA<br \/>\nKrajina p\u00f4vodu: \u0160panielsko<\/p>\n<p>&nbsp;<\/p>\n","protected":false},"excerpt":{"rendered":"<p><strong>PANZER-10N \u010cierny PTB\/Sklolamin\u00e1t, \u010cierny PTFE plnohodnotn\u00fd, univerz\u00e1lny EDC n\u00f4\u017e, ktor\u00fd by ste chceli ma\u0165 st\u00e1le pri sebe.<\/strong><\/p>\n","protected":false},"featured_media":349172,"comment_status":"open","ping_status":"closed","template":"","meta":[],"pwb-brand":[3910],"product_brand":[],"product_cat":[3186,3233],"product_tag":[3668],"class_list":{"0":"post-349195","1":"product","2":"type-product","3":"status-publish","4":"has-post-thumbnail","6":"pwb-brand-muela-sk","7":"product_cat-noze-sk","8":"product_cat-zatvaracie-noze","9":"product_tag-b2b-sk","11":"first","12":"instock","13":"taxable","14":"shipping-taxable","15":"purchasable","16":"product-type-simple"},"brands":[{"id":3910,"name":"Muela","slug":"muela-sk"}],"_links":{"self":[{"href":"https:\/\/www.moskito.cz\/sk\/wp-json\/wp\/v2\/product\/349195","targetHints":{"allow":["GET"]}}],"collection":[{"href":"https:\/\/www.moskito.cz\/sk\/wp-json\/wp\/v2\/product"}],"about":[{"href":"https:\/\/www.moskito.cz\/sk\/wp-json\/wp\/v2\/types\/product"}],"replies":[{"embeddable":true,"href":"https:\/\/www.moskito.cz\/sk\/wp-json\/wp\/v2\/comments?post=349195"}],"wp:featuredmedia":[{"embeddable":true,"href":"https:\/\/www.moskito.cz\/sk\/wp-json\/wp\/v2\/media\/349172"}],"wp:attachment":[{"href":"https:\/\/www.moskito.cz\/sk\/wp-json\/wp\/v2\/media?parent=349195"}],"wp:term":[{"taxonomy":"pwb-brand","embeddable":true,"href":"https:\/\/www.moskito.cz\/sk\/wp-json\/wp\/v2\/pwb-brand?post=349195"},{"taxonomy":"product_brand","embeddable":true,"href":"https:\/\/www.moskito.cz\/sk\/wp-json\/wp\/v2\/product_brand?post=349195"},{"taxonomy":"product_cat","embeddable":true,"href":"https:\/\/www.moskito.cz\/sk\/wp-json\/wp\/v2\/product_cat?post=349195"},{"taxonomy":"product_tag","embeddable":true,"href":"https:\/\/www.moskito.cz\/sk\/wp-json\/wp\/v2\/product_tag?post=349195"}],"curies":[{"name":"wp","href":"https:\/\/api.w.org\/{rel}","templated":true}]}}