{"id":349332,"date":"2024-07-04T14:53:16","date_gmt":"2024-07-04T13:54:28","guid":{"rendered":"https:\/\/www.moskito.cz\/produkt\/zatvaraci-noz-muela-s-puzdrom-zx-8co\/"},"modified":"2025-05-07T11:19:46","modified_gmt":"2025-05-07T10:19:46","slug":"zatvaraci-noz-muela-s-puzdrom-zx-8co","status":"publish","type":"product","link":"https:\/\/www.moskito.cz\/sk\/produkt\/zatvaraci-noz-muela-s-puzdrom-zx-8co\/","title":{"rendered":"Zatv\u00e1rac\u00ed N\u00f4\u017e Muela s Puzdrom ZX-8CO"},"content":{"rendered":"<p>Zatv\u00e1rac\u00ed N\u00f4\u017e <strong>Muela<\/strong> s Puzdrom ZX-8CO<\/p>\n<p>Vyr\u00e1ba \u0161panielska spolo\u010dnos\u0165 <strong>Muela<\/strong> . Vreckov\u00fd n\u00f4\u017e s \u010depe\u013eou z ocele 440C, materi\u00e1l zn\u00e1my svojou vysokou odolnos\u0165ou proti kor\u00f3zii, svojou \u017eivotnos\u0165ou a schopnos\u0165ou udr\u017ea\u0165 si ostr\u00fa hranu po dlh\u00fa dobu. V\u010faka 8,50 cm dlhej \u010depeli je vhodn\u00fd pre r\u00f4zne po\u013eovn\u00edcke a survival \u00falohy. Rukov\u00e4\u0165 z dreva cocobolo, exotick\u00e9ho dreva zo Strednej Ameriky, ktor\u00e9 je cenen\u00e9 pre svoju tvrdos\u0165, odolnos\u0165 a atrakt\u00edvny vzh\u013ead s pr\u00edrodn\u00fdmi hned\u00fdmi a \u010derven\u00fdmi \u017eilkami, pon\u00faka aj pohodln\u00e9 uchopenie. Disponuje uzamykac\u00edm z\u00e1mkom, v\u010faka ktor\u00e9mu je bezpe\u010dnej\u0161\u00ed. Br\u00faska ZX-8CO je v\u0161estrann\u00e1 a je mo\u017en\u00e9 ju pou\u017ei\u0165 pre r\u00f4zne loveck\u00e9 \u00falohy, ako je s\u0165ahovanie ko\u017ee, kr\u00e1janie m\u00e4sa a pr\u00edprava jedla. Na udr\u017eanie no\u017ea v optim\u00e1lnom stave je vhodn\u00e9 ho po ka\u017edom pou\u017eit\u00ed vy\u010disti\u0165 a vysu\u0161i\u0165, hoci je oce\u013e 440C odoln\u00e1 proti kor\u00f3zii, pre extra ochranu sa odpor\u00fa\u010da na \u010depe\u013e nanies\u0165 tenk\u00fa vrstvu oleja. Materi\u00e1ly: &#8211; \u010cepe\u013e: oce\u013e 440C &#8211; Rukov\u00e4\u0165: drevo Cocobolo Rozmery: &#8211; D\u013a\u017eka \u010depele: 8,50 cm. &#8211; Hmotnos\u0165: 90 gr.<\/p>\n<p>Zna\u010dka Muela<br \/>\nPou\u017eit\u00e1 oce\u013e oce\u013e 440C<br \/>\nMateri\u00e1l rukov\u00e4te drevo cocobolo<br \/>\nD\u013a\u017eka \u010depele: 8,5 cm<br \/>\nHmotnos\u0165: t 90gr<br \/>\nTvrdos\u0165 \u010depele 60 HRC<\/p>\n<p>&nbsp;<\/p>\n","protected":false},"excerpt":{"rendered":"<p><strong>Vyr\u00e1ba \u0161panielska spolo\u010dnos\u0165 Muela. Vreckov\u00fd n\u00f4\u017e s \u010depe\u013eou z ocele 440C, materi\u00e1l zn\u00e1my svojou vysokou odolnos\u0165ou proti kor\u00f3zii, svojou \u017eivotnos\u0165ou a schopnos\u0165ou udr\u017ea\u0165 si ostr\u00fa hranu po dlh\u00fa dobu. V\u010faka 8,50 cm dlhej \u010depeli je vhodn\u00fd pre r\u00f4zne po\u013eovn\u00edcke a survival \u00falohy.<\/strong><\/p>\n","protected":false},"featured_media":349327,"comment_status":"open","ping_status":"closed","template":"","meta":[],"pwb-brand":[3910],"product_brand":[],"product_cat":[3186,3233],"product_tag":[3668],"class_list":{"0":"post-349332","1":"product","2":"type-product","3":"status-publish","4":"has-post-thumbnail","6":"pwb-brand-muela-sk","7":"product_cat-noze-sk","8":"product_cat-zatvaracie-noze","9":"product_tag-b2b-sk","11":"first","12":"instock","13":"taxable","14":"shipping-taxable","15":"purchasable","16":"product-type-simple"},"brands":[{"id":3910,"name":"Muela","slug":"muela-sk"}],"_links":{"self":[{"href":"https:\/\/www.moskito.cz\/sk\/wp-json\/wp\/v2\/product\/349332","targetHints":{"allow":["GET"]}}],"collection":[{"href":"https:\/\/www.moskito.cz\/sk\/wp-json\/wp\/v2\/product"}],"about":[{"href":"https:\/\/www.moskito.cz\/sk\/wp-json\/wp\/v2\/types\/product"}],"replies":[{"embeddable":true,"href":"https:\/\/www.moskito.cz\/sk\/wp-json\/wp\/v2\/comments?post=349332"}],"wp:featuredmedia":[{"embeddable":true,"href":"https:\/\/www.moskito.cz\/sk\/wp-json\/wp\/v2\/media\/349327"}],"wp:attachment":[{"href":"https:\/\/www.moskito.cz\/sk\/wp-json\/wp\/v2\/media?parent=349332"}],"wp:term":[{"taxonomy":"pwb-brand","embeddable":true,"href":"https:\/\/www.moskito.cz\/sk\/wp-json\/wp\/v2\/pwb-brand?post=349332"},{"taxonomy":"product_brand","embeddable":true,"href":"https:\/\/www.moskito.cz\/sk\/wp-json\/wp\/v2\/product_brand?post=349332"},{"taxonomy":"product_cat","embeddable":true,"href":"https:\/\/www.moskito.cz\/sk\/wp-json\/wp\/v2\/product_cat?post=349332"},{"taxonomy":"product_tag","embeddable":true,"href":"https:\/\/www.moskito.cz\/sk\/wp-json\/wp\/v2\/product_tag?post=349332"}],"curies":[{"name":"wp","href":"https:\/\/api.w.org\/{rel}","templated":true}]}}