{"id":349356,"date":"2024-07-04T15:03:36","date_gmt":"2024-07-04T18:55:53","guid":{"rendered":"https:\/\/www.moskito.cz\/produkt\/zatvaraci-noz-muela-s-puzdrom-bx-8gr\/"},"modified":"2025-05-07T11:19:47","modified_gmt":"2025-05-07T10:19:47","slug":"zatvaraci-noz-muela-s-puzdrom-bx-8gr","status":"publish","type":"product","link":"https:\/\/www.moskito.cz\/sk\/produkt\/zatvaraci-noz-muela-s-puzdrom-bx-8gr\/","title":{"rendered":"Zatv\u00e1rac\u00ed N\u00f4\u017e Muela s Puzdrom BX-8GR"},"content":{"rendered":"<p>Zatv\u00e1rac\u00ed N\u00f4\u017e <strong>Muela<\/strong> s Puzdrom BX-8GR<\/p>\n<p><strong>Muela<\/strong> je tov\u00e1re\u0148 na no\u017ee a zatv\u00e1racie no\u017ee v Ciudad Real (\u0160panielsko) a tvoria ju dve spolo\u010dnosti: Manufacturas Muela, SA a Comercial Muela, SA Comercial Muela vznikla v roku 1985, jej hlavnou z\u00e1klad\u0148ou s\u00fa \u0161portov\u00e9 no\u017ee. V s\u00fa\u010dasnosti je to prv\u00e1 \u0161portov\u00e1 no\u017eiarska firma u n\u00e1s a z\u00e1sadnou medzin\u00e1rodnou referenciou v odbore, jej no\u017ee a zatv\u00e1racie no\u017ee s\u00fa vysoko cenen\u00e9 pre svoju vysok\u00fa kvalitu a kr\u00e1su.<\/p>\n<p>Vreckov\u00fd n\u00f4\u017e Muela s \u010depe\u013eou z ocele 440C 8,5 cm. Rukov\u00e4\u0165 z koralov\u00e9ho lisovan\u00e9ho dreva a obj\u00edmka TiNi s aret\u00e1ciou. \u013dahk\u00fd a kompaktn\u00fd n\u00f4\u017e, ktor\u00fd m\u00f4\u017eete nosi\u0165 v\u017edy vo vrecku. Materi\u00e1ly: \u010cepe\u013e: Oce\u013e 440C Rukov\u00e4\u0165: Koralov\u00e9 lisovan\u00e9 drevo Obruba: TiNi Rozmery: D\u013a\u017eka \u010depele: 85 mm. D\u013a\u017eka rukov\u00e4te: 100 mm. Celkov\u00e1 d\u013a\u017eka: 185 mm. Hmotnos\u0165: 120 gramov.<\/p>\n<p>&nbsp;<\/p>\n","protected":false},"excerpt":{"rendered":"<p><strong>Muela je tov\u00e1re\u0148 na no\u017ee a zatv\u00e1racie no\u017ee v Ciudad Real (\u0160panielsko) a tvoria ju dve spolo\u010dnosti: Manufacturas Muela, SA a Comercial Muela, SA Comercial Muela vznikla v roku 1985, jej hlavnou z\u00e1klad\u0148ou s\u00fa \u0161portov\u00e9 no\u017ee.<\/strong><\/p>\n","protected":false},"featured_media":349343,"comment_status":"open","ping_status":"closed","template":"","meta":[],"pwb-brand":[3910],"product_brand":[],"product_cat":[3186,3233],"product_tag":[3668],"class_list":{"0":"post-349356","1":"product","2":"type-product","3":"status-publish","4":"has-post-thumbnail","6":"pwb-brand-muela-sk","7":"product_cat-noze-sk","8":"product_cat-zatvaracie-noze","9":"product_tag-b2b-sk","11":"first","12":"instock","13":"taxable","14":"shipping-taxable","15":"purchasable","16":"product-type-simple"},"brands":[{"id":3910,"name":"Muela","slug":"muela-sk"}],"_links":{"self":[{"href":"https:\/\/www.moskito.cz\/sk\/wp-json\/wp\/v2\/product\/349356","targetHints":{"allow":["GET"]}}],"collection":[{"href":"https:\/\/www.moskito.cz\/sk\/wp-json\/wp\/v2\/product"}],"about":[{"href":"https:\/\/www.moskito.cz\/sk\/wp-json\/wp\/v2\/types\/product"}],"replies":[{"embeddable":true,"href":"https:\/\/www.moskito.cz\/sk\/wp-json\/wp\/v2\/comments?post=349356"}],"wp:featuredmedia":[{"embeddable":true,"href":"https:\/\/www.moskito.cz\/sk\/wp-json\/wp\/v2\/media\/349343"}],"wp:attachment":[{"href":"https:\/\/www.moskito.cz\/sk\/wp-json\/wp\/v2\/media?parent=349356"}],"wp:term":[{"taxonomy":"pwb-brand","embeddable":true,"href":"https:\/\/www.moskito.cz\/sk\/wp-json\/wp\/v2\/pwb-brand?post=349356"},{"taxonomy":"product_brand","embeddable":true,"href":"https:\/\/www.moskito.cz\/sk\/wp-json\/wp\/v2\/product_brand?post=349356"},{"taxonomy":"product_cat","embeddable":true,"href":"https:\/\/www.moskito.cz\/sk\/wp-json\/wp\/v2\/product_cat?post=349356"},{"taxonomy":"product_tag","embeddable":true,"href":"https:\/\/www.moskito.cz\/sk\/wp-json\/wp\/v2\/product_tag?post=349356"}],"curies":[{"name":"wp","href":"https:\/\/api.w.org\/{rel}","templated":true}]}}