{"id":349853,"date":"2024-07-07T16:19:25","date_gmt":"2024-07-07T15:19:25","guid":{"rendered":"https:\/\/www.moskito.cz\/produkt\/vystrelovaci-noz-microtech-combat-troodon-gen-iii-interceptor-stonewashed-signature-series-1217-10tas\/"},"modified":"2025-05-07T11:20:00","modified_gmt":"2025-05-07T10:20:00","slug":"vystrelovaci-noz-microtech-combat-troodon-gen-iii-interceptor-stonewashed-signature-series-1217-10tas","status":"publish","type":"product","link":"https:\/\/www.moskito.cz\/sk\/produkt\/vystrelovaci-noz-microtech-combat-troodon-gen-iii-interceptor-stonewashed-signature-series-1217-10tas\/","title":{"rendered":"Vystre\u013eovac\u00ed N\u00f4\u017e Microtech Combat Troodon Gen III Interceptor Stonewashed Signature Series 1217-10TAS"},"content":{"rendered":"<p>Vystre\u013eovac\u00ed N\u00f4\u017e <strong>Microtech<\/strong> Combat Troodon Gen III Interceptor Stonewashed Signature Series 1217-10TAS<\/p>\n<p>Microtech no\u017ee | Bojov\u00fd <strong>Troodon Gen III<\/strong><br \/>\nPrepracovan\u00fd Combat Troodon spolo\u010dnosti Microtech je \u0161pi\u010dkou v OTF pre tvrd\u00e9 pou\u017eitie a nastavuje nov\u00fd \u0161tandard pre robustn\u00e9 automatick\u00e9 no\u017ee. Tento ikonick\u00fd n\u00f4\u017e s inovat\u00edvnym syst\u00e9mom pohonu zais\u0165uje r\u00fdchle nasadenie v kritick\u00fdch situ\u00e1ci\u00e1ch a bezprobl\u00e9mov\u00fa demont\u00e1\u017e pre pohodlie u\u017e\u00edvate\u013ea. Vylep\u0161en\u00fd dizajn vrecka na gomb\u00edky minimalizuje trenie, \u00fa\u010dinne odv\u00e1dza ne\u010distoty, \u010d\u00edm zni\u017euje potrebu \u010dastej \u00fadr\u017eby. Vylep\u0161en\u00e9 o strategick\u00e9 dr\u00e1\u017ekovanie a dr\u00e1\u017eky pre v\u00fdnimo\u010dn\u00fd \u00fachop a vybaven\u00e9 nov\u00fdm tit\u00e1nov\u00fdm vreckov\u00fdm klipom a keramickou zar\u00e1\u017ekou.<\/p>\n<p>Celkov\u00e1 d\u013a\u017eka: 24.1 cm<br \/>\nD\u013a\u017eka v zatvorenom stave: 14 cm<br \/>\nD\u013a\u017eka \u010depele: 10.2 cm<br \/>\nPovrchov\u00e1 \u00faprava \u010depele: Stonewashed<br \/>\n\u0160t\u00fdl okraja: Oby\u010dajn\u00fd<br \/>\nMateri\u00e1l rukov\u00e4te: Tan hlin\u00edk<br \/>\nVreckov\u00fd klip: Tip-Down<br \/>\nV\u00fdrobca Ref. #: 1217-10TAS<br \/>\nKrajina p\u00f4vodu: USA<\/p>\n<p><iframe title=\"Microtech Combat Troodon Torture Test\" width=\"800\" height=\"450\" src=\"https:\/\/www.youtube.com\/embed\/xE9TeOFYEjg?feature=oembed\" frameborder=\"0\" allow=\"accelerometer; autoplay; clipboard-write; encrypted-media; gyroscope; picture-in-picture; web-share\" referrerpolicy=\"strict-origin-when-cross-origin\" allowfullscreen><\/iframe><\/p>\n<p>&nbsp;<\/p>\n","protected":false},"excerpt":{"rendered":"<p><strong>V priebehu rokov Microtech\u00ae Knives naplnil v\u00e1\u0161\u0148ou a zru\u010dnos\u0165ou v\u00fdrobu no\u017eov, a\u017e z nich vytvoril takmer umeleck\u00e9 diela, ktor\u00e9 s\u00fa vrcholom funk\u010dnosti. V\u0161etky diely s\u00fa vyroben\u00e9 v USA.<\/strong><br \/>\n<strong>Na v\u0161etky no\u017ee Microtech je do\u017eivotn\u00e1 z\u00e1ruka.<\/strong><\/p>\n<p><strong>Doprava zadarmo.<\/strong><\/p>\n","protected":false},"featured_media":349807,"comment_status":"open","ping_status":"closed","template":"","meta":[],"pwb-brand":[3200],"product_brand":[],"product_cat":[3197,3186],"product_tag":[3668],"class_list":{"0":"post-349853","1":"product","2":"type-product","3":"status-publish","4":"has-post-thumbnail","6":"pwb-brand-microtech-sk","7":"product_cat-vystrelovacie-noze-sk","8":"product_cat-noze-sk","9":"product_tag-b2b-sk","11":"first","12":"outofstock","13":"taxable","14":"shipping-taxable","15":"purchasable","16":"product-type-simple"},"brands":[{"id":3200,"name":"Microtech","slug":"microtech-sk"}],"_links":{"self":[{"href":"https:\/\/www.moskito.cz\/sk\/wp-json\/wp\/v2\/product\/349853","targetHints":{"allow":["GET"]}}],"collection":[{"href":"https:\/\/www.moskito.cz\/sk\/wp-json\/wp\/v2\/product"}],"about":[{"href":"https:\/\/www.moskito.cz\/sk\/wp-json\/wp\/v2\/types\/product"}],"replies":[{"embeddable":true,"href":"https:\/\/www.moskito.cz\/sk\/wp-json\/wp\/v2\/comments?post=349853"}],"wp:featuredmedia":[{"embeddable":true,"href":"https:\/\/www.moskito.cz\/sk\/wp-json\/wp\/v2\/media\/349807"}],"wp:attachment":[{"href":"https:\/\/www.moskito.cz\/sk\/wp-json\/wp\/v2\/media?parent=349853"}],"wp:term":[{"taxonomy":"pwb-brand","embeddable":true,"href":"https:\/\/www.moskito.cz\/sk\/wp-json\/wp\/v2\/pwb-brand?post=349853"},{"taxonomy":"product_brand","embeddable":true,"href":"https:\/\/www.moskito.cz\/sk\/wp-json\/wp\/v2\/product_brand?post=349853"},{"taxonomy":"product_cat","embeddable":true,"href":"https:\/\/www.moskito.cz\/sk\/wp-json\/wp\/v2\/product_cat?post=349853"},{"taxonomy":"product_tag","embeddable":true,"href":"https:\/\/www.moskito.cz\/sk\/wp-json\/wp\/v2\/product_tag?post=349853"}],"curies":[{"name":"wp","href":"https:\/\/api.w.org\/{rel}","templated":true}]}}