{"id":349933,"date":"2021-05-05T22:03:35","date_gmt":"2024-07-08T09:29:37","guid":{"rendered":"https:\/\/www.moskito.cz\/produkt\/pevny-noz-extrema-ratio-mamba-hcs\/"},"modified":"2025-05-07T11:20:03","modified_gmt":"2025-05-07T10:20:03","slug":"pevny-noz-extrema-ratio-mamba-hcs","status":"publish","type":"product","link":"https:\/\/www.moskito.cz\/sk\/produkt\/pevny-noz-extrema-ratio-mamba-hcs\/","title":{"rendered":"Pevn\u00fd N\u00f4\u017e Extrema Ratio MAMBA HCS"},"content":{"rendered":"<p>Pevn\u00fd N\u00f4\u017e <strong>Extrema Ratio<\/strong> MAMBA HCS.<\/p>\n<p>Viac\u00fa\u010delov\u00fd taktick\u00fd n\u00f4\u017e, ve\u013emi \u013eahk\u00fd a \u013eahko ovl\u00e1date\u013en\u00fd. Dod\u00e1va sa so \u0161peci\u00e1lnym nylonov\u00fdm puzdrom Aspis, ktor\u00fd bol \u0161peci\u00e1lne \u0161tudovan\u00fd spolo\u010dnos\u0165ou Extrema Ratio, aby umo\u017enil r\u00fdchle uvo\u013enenie \u010depele a jej upevnenie vo vn\u00fatri syst\u00e9mu MOLLE v\u010faka dvom viacpolohov\u00fdm spon\u00e1m.<br \/>\nK dispoz\u00edcii vo farb\u00e1ch Black, Desert, HCS, Ranger Green a Wolf Grey<\/p>\n<p>TECHNICK\u00dd LIST<br \/>\nHmotnos\u0165 g.:85<br \/>\nHmotnos\u0165 oz.: 2,99<br \/>\nD\u013a\u017eka \u010depele (mm): 116<br \/>\nD\u013a\u017eka \u010depele (palca): 4,56<br \/>\nCelkov\u00e1 d\u013a\u017eka (mm): 237<br \/>\nCelkov\u00e1 d\u013a\u017eka (v): 9,33<br \/>\nHr\u00fabka \u010depele (mm): 4<br \/>\nHr\u00fabka \u010depele (v palcoch): 0,15<br \/>\nMateri\u00e1l \u010depele: B\u00f6HLER STEEL N690 (58HRC)<br \/>\nPovrchov\u00e1 \u00faprava \u010depele: KAMENE OBSIAHNUT\u00c9<br \/>\nHlavn\u00e1 mrie\u017eka: FLAT<br \/>\nMateri\u00e1l rukov\u00e4te: FORPRENE<\/p>\n<p><iframe title=\"Extrema Ratio Mamba | t-tactical.eu\" width=\"800\" height=\"450\" src=\"https:\/\/www.youtube.com\/embed\/5jcDRn6oFuw?feature=oembed\" frameborder=\"0\" allow=\"accelerometer; autoplay; clipboard-write; encrypted-media; gyroscope; picture-in-picture; web-share\" referrerpolicy=\"strict-origin-when-cross-origin\" allowfullscreen><\/iframe><\/p>\n<p>&nbsp;<\/p>\n","protected":false},"excerpt":{"rendered":"<p>Spolo\u010dnos\u0165 <strong>Extrema Ratio<\/strong> so s\u00eddlom v talianskom Prate navrhuje a vyr\u00e1ba vysoko v\u00fdkonn\u00e9 bojov\u00e9, vojensk\u00e9, kuchynsk\u00e9, loveck\u00e9 a taktick\u00e9 no\u017ee od roku 1997 a m\u00e1 poves\u0165 vynikaj\u00facej kvality, ktor\u00e1 je v odbore vojensk\u00fdch a taktick\u00fdch no\u017eov neprekonate\u013en\u00e1. <strong>Doprava zadarmo.<\/strong><\/p>\n","protected":false},"featured_media":218694,"comment_status":"open","ping_status":"closed","template":"","meta":[],"pwb-brand":[3198],"product_brand":[],"product_cat":[3186,3187],"product_tag":[3668],"class_list":{"0":"post-349933","1":"product","2":"type-product","3":"status-publish","4":"has-post-thumbnail","6":"pwb-brand-extrema-ratio-sk","7":"product_cat-noze-sk","8":"product_cat-pevne-noze-sk","9":"product_tag-b2b-sk","11":"first","12":"instock","13":"taxable","14":"shipping-taxable","15":"purchasable","16":"product-type-simple"},"brands":[{"id":3198,"name":"Extrema Ratio","slug":"extrema-ratio-sk"}],"_links":{"self":[{"href":"https:\/\/www.moskito.cz\/sk\/wp-json\/wp\/v2\/product\/349933","targetHints":{"allow":["GET"]}}],"collection":[{"href":"https:\/\/www.moskito.cz\/sk\/wp-json\/wp\/v2\/product"}],"about":[{"href":"https:\/\/www.moskito.cz\/sk\/wp-json\/wp\/v2\/types\/product"}],"replies":[{"embeddable":true,"href":"https:\/\/www.moskito.cz\/sk\/wp-json\/wp\/v2\/comments?post=349933"}],"wp:featuredmedia":[{"embeddable":true,"href":"https:\/\/www.moskito.cz\/sk\/wp-json\/wp\/v2\/media\/218694"}],"wp:attachment":[{"href":"https:\/\/www.moskito.cz\/sk\/wp-json\/wp\/v2\/media?parent=349933"}],"wp:term":[{"taxonomy":"pwb-brand","embeddable":true,"href":"https:\/\/www.moskito.cz\/sk\/wp-json\/wp\/v2\/pwb-brand?post=349933"},{"taxonomy":"product_brand","embeddable":true,"href":"https:\/\/www.moskito.cz\/sk\/wp-json\/wp\/v2\/product_brand?post=349933"},{"taxonomy":"product_cat","embeddable":true,"href":"https:\/\/www.moskito.cz\/sk\/wp-json\/wp\/v2\/product_cat?post=349933"},{"taxonomy":"product_tag","embeddable":true,"href":"https:\/\/www.moskito.cz\/sk\/wp-json\/wp\/v2\/product_tag?post=349933"}],"curies":[{"name":"wp","href":"https:\/\/api.w.org\/{rel}","templated":true}]}}