{"id":350132,"date":"2024-07-08T20:50:33","date_gmt":"2024-07-08T19:50:33","guid":{"rendered":"https:\/\/www.moskito.cz\/produkt\/zatvaraci-noz-microtech-stitch-169rl-1flgtbk\/"},"modified":"2025-05-07T11:20:04","modified_gmt":"2025-05-07T10:20:04","slug":"zatvaraci-noz-microtech-stitch-169rl-1flgtbk","status":"publish","type":"product","link":"https:\/\/www.moskito.cz\/sk\/produkt\/zatvaraci-noz-microtech-stitch-169rl-1flgtbk\/","title":{"rendered":"Zatv\u00e1rac\u00ed N\u00f4\u017e Microtech Stitch 169RL-1FLGTBK"},"content":{"rendered":"<p>Zatv\u00e1rac\u00ed N\u00f4\u017e <strong>Microtech<\/strong> Stitch 169RL-1FLGTBK.<\/p>\n<p><strong>Stitch<\/strong> RAM-LOK, ktor\u00fd bol vydan\u00fd v roku 2023, debutoval s MSI (Microtech Standard issue) ako prv\u00fd blade <strong>Microtech<\/strong> s fantastickou technol\u00f3giou RAM-LOK. Tento tvrd\u00fd poh\u013ead na z\u00e1mok prie\u010dnika obsahuje charakteristick\u00fd krokov\u00fd vzor Microtech, ktor\u00fd sa presl\u00e1vil ovl\u00e1dac\u00edmi sp\u00edna\u010dmi radu Ultratech. Ve\u013ek\u00fd v\u00fdrez \u010depele poskytuje dostatok priestoru na sp\u00e4tn\u00e9 \u0161vihanie prostredn\u00edkom a tie\u017e \u0161tandardn\u00e9 pomal\u00e9 otv\u00e1ranie palcom v rukaviciach alebo bez nich. Pokia\u013e v\u00e1m nevyhovuje ani jedno z toho, jednoducho zatiahnite za RAM-LOK a \u010depe\u013e sa otvor\u00ed jednoduch\u00fdm pohybom z\u00e1p\u00e4stia. Rukov\u00e4te G10 s\u00fa hladk\u00e9 a mierne lepkav\u00e9 a poskytuj\u00fa ve\u013ek\u00fd potenci\u00e1l uchopenia v \u0161tandardnom aj obr\u00e1tenom uchopen\u00ed. Robustn\u00fd, odoln\u00fd a vyroben\u00fd v USA; vieme, \u017ee MSI sa r\u00fdchlo stane ob\u013e\u00faben\u00fdm fan\u00fa\u0161ikom medzi v\u0161etk\u00fdmi \u010dlenmi komunity no\u017eov.<\/p>\n<p>The Microtech Stitch je kr\u00e1sna taktick\u00e1 spolupr\u00e1ca medzi Tonym Marfione a Sebastijanom Berenjim, zn\u00e1mym aj ako Borka. Vyu\u017e\u00edva \u00fa\u017easn\u00fd Sebastijanov dizajn Stitch a sp\u00e1ja ho s \u00fa\u017easn\u00fdmi otv\u00e1rac\u00edmi mechanizmami Tonyho, aby vytvoril jednu z naj\u00fa\u017easnej\u0161\u00edch produk\u010dn\u00fdch spolupr\u00e1c v\u0161etk\u00fdch \u010dias. 3,625&#8243; \u010depe\u013e s hrotom o\u0161tepu sa vyzna\u010duje ploch\u00fdm br\u00fasen\u00edm a dr\u00e1\u017ekovan\u00edm na n\u00e1jazde prsta a palca pre vynikaj\u00faci n\u00e1kup pri jemnej\u0161\u00edch rezn\u00fdch \u00faloh\u00e1ch.<\/p>\n<p>\u0160pecifik\u00e1cia:<br \/>\nCelkov\u00e1 d\u013a\u017eka: 21.7 cm<br \/>\nD\u013a\u017eka \u010depele: 9.4 cm<br \/>\nHr\u00fabka \u010depele: 0.4 cm<br \/>\nOce\u013e \u010depele: Nerezov\u00e1 oce\u013e Bohler M390MK<br \/>\n\u0160t\u00fdl \u010depele: Spear Point<br \/>\nBr\u00fasenie \u010depele: Ploch\u00e9<br \/>\nPovrchov\u00e1 \u00faprava \u010depele: \u010dierna<br \/>\nMateri\u00e1l rukov\u00e4te: \u010cierna dr\u00e1\u017ekovan\u00e1 G10<br \/>\nMateri\u00e1l vlo\u017eky: Nerezov\u00e1 oce\u013e<br \/>\nUzamykac\u00ed mechanizmus: RAM-LOK<br \/>\nVreckov\u00e1 spona: Nerezov\u00e1 oce\u013e (vykl\u00e1pacia, prav\u00e9 nosenie)<br \/>\nHmotnos\u0165: 5,22 oz.<br \/>\nDizajn\u00e9r: Sebastijan Berenji a Tony Marfione<br \/>\nVyroben\u00e9 v USA<\/p>\n<p><iframe title=\"Microtech Combat Troodon Torture Test\" width=\"800\" height=\"450\" src=\"https:\/\/www.youtube.com\/embed\/xE9TeOFYEjg?feature=oembed\" frameborder=\"0\" allow=\"accelerometer; autoplay; clipboard-write; encrypted-media; gyroscope; picture-in-picture; web-share\" referrerpolicy=\"strict-origin-when-cross-origin\" allowfullscreen><\/iframe><\/p>\n<p>&nbsp;<\/p>\n","protected":false},"excerpt":{"rendered":"<p><strong>V priebehu rokov Microtech\u00ae Knives naplnil v\u00e1\u0161\u0148ou a zru\u010dnos\u0165ou v\u00fdrobu no\u017eov, a\u017e z nich vytvoril takmer umeleck\u00e9 diela, ktor\u00e9 s\u00fa vrcholom funk\u010dnosti. V\u0161etky diely s\u00fa vyroben\u00e9 v USA.<\/strong><br \/>\n<strong>Na v\u0161etky no\u017ee Microtech je do\u017eivotn\u00e1 z\u00e1ruka.<\/strong><\/p>\n<p><strong>Doprava zadarmo.<\/strong><\/p>\n","protected":false},"featured_media":350089,"comment_status":"open","ping_status":"closed","template":"","meta":[],"pwb-brand":[3200],"product_brand":[],"product_cat":[3233,3186],"product_tag":[3668],"class_list":{"0":"post-350132","1":"product","2":"type-product","3":"status-publish","4":"has-post-thumbnail","6":"pwb-brand-microtech-sk","7":"product_cat-zatvaracie-noze","8":"product_cat-noze-sk","9":"product_tag-b2b-sk","11":"first","12":"outofstock","13":"taxable","14":"shipping-taxable","15":"purchasable","16":"product-type-simple"},"brands":[{"id":3200,"name":"Microtech","slug":"microtech-sk"}],"_links":{"self":[{"href":"https:\/\/www.moskito.cz\/sk\/wp-json\/wp\/v2\/product\/350132","targetHints":{"allow":["GET"]}}],"collection":[{"href":"https:\/\/www.moskito.cz\/sk\/wp-json\/wp\/v2\/product"}],"about":[{"href":"https:\/\/www.moskito.cz\/sk\/wp-json\/wp\/v2\/types\/product"}],"replies":[{"embeddable":true,"href":"https:\/\/www.moskito.cz\/sk\/wp-json\/wp\/v2\/comments?post=350132"}],"wp:featuredmedia":[{"embeddable":true,"href":"https:\/\/www.moskito.cz\/sk\/wp-json\/wp\/v2\/media\/350089"}],"wp:attachment":[{"href":"https:\/\/www.moskito.cz\/sk\/wp-json\/wp\/v2\/media?parent=350132"}],"wp:term":[{"taxonomy":"pwb-brand","embeddable":true,"href":"https:\/\/www.moskito.cz\/sk\/wp-json\/wp\/v2\/pwb-brand?post=350132"},{"taxonomy":"product_brand","embeddable":true,"href":"https:\/\/www.moskito.cz\/sk\/wp-json\/wp\/v2\/product_brand?post=350132"},{"taxonomy":"product_cat","embeddable":true,"href":"https:\/\/www.moskito.cz\/sk\/wp-json\/wp\/v2\/product_cat?post=350132"},{"taxonomy":"product_tag","embeddable":true,"href":"https:\/\/www.moskito.cz\/sk\/wp-json\/wp\/v2\/product_tag?post=350132"}],"curies":[{"name":"wp","href":"https:\/\/api.w.org\/{rel}","templated":true}]}}